{"id":437,"date":"2015-01-11T20:02:05","date_gmt":"2015-01-11T20:02:05","guid":{"rendered":"http:\/\/jaspervandermeij.nl\/kortho\/nl\/?page_id=437"},"modified":"2016-06-14T08:39:44","modified_gmt":"2016-06-14T08:39:44","slug":"verpackung","status":"publish","type":"page","link":"https:\/\/kortho.com\/de\/losungen\/geschaftsbereich\/verpackung\/","title":{"rendered":"Verpackung"},"content":{"rendered":"<p><img loading=\"lazy\" decoding=\"async\" class=\"alignleft size-full wp-image-3468\" src=\"http:\/\/kortho.com\/wp-content\/uploads\/2015\/09\/Kortho-codeersystemen-voor-loonverpakkers.jpg\" alt=\"Kortho-codeersystemen-voor-loonverpakkers\" width=\"375\" height=\"138\" srcset=\"https:\/\/kortho.com\/de\/wp-content\/uploads\/sites\/5\/2015\/09\/Kortho-codeersystemen-voor-loonverpakkers.jpg 375w, https:\/\/kortho.com\/de\/wp-content\/uploads\/sites\/5\/2015\/09\/Kortho-codeersystemen-voor-loonverpakkers-300x110.jpg 300w\" sizes=\"(max-width: 375px) 100vw, 375px\" \/> <img loading=\"lazy\" decoding=\"async\" class=\"alignleft size-full wp-image-3472\" src=\"http:\/\/kortho.com\/wp-content\/uploads\/2015\/09\/Loonverpakken-en-coderen-met-flexibele-Kortho-printers-al-wat-uw-klant-wil-uit-eigen-ERP-database.jpg\" alt=\"Loonverpakken-en-coderen-met-flexibele-Kortho-printers-al-wat-uw-klant-wil-uit-eigen-ERP-database\" width=\"375\" height=\"138\" srcset=\"https:\/\/kortho.com\/de\/wp-content\/uploads\/sites\/5\/2015\/09\/Loonverpakken-en-coderen-met-flexibele-Kortho-printers-al-wat-uw-klant-wil-uit-eigen-ERP-database.jpg 375w, https:\/\/kortho.com\/de\/wp-content\/uploads\/sites\/5\/2015\/09\/Loonverpakken-en-coderen-met-flexibele-Kortho-printers-al-wat-uw-klant-wil-uit-eigen-ERP-database-300x110.jpg 300w\" sizes=\"(max-width: 375px) 100vw, 375px\" \/> <img loading=\"lazy\" decoding=\"async\" class=\"alignleft size-full wp-image-3469\" src=\"http:\/\/kortho.com\/wp-content\/uploads\/2015\/09\/Loonverpakken-en-coderen-van-producten-met-Kortho-codeersystemen.jpg\" alt=\"Loonverpakken-en-coderen-van-producten-met-Kortho-codeersystemen\" width=\"375\" height=\"138\" srcset=\"https:\/\/kortho.com\/de\/wp-content\/uploads\/sites\/5\/2015\/09\/Loonverpakken-en-coderen-van-producten-met-Kortho-codeersystemen.jpg 375w, https:\/\/kortho.com\/de\/wp-content\/uploads\/sites\/5\/2015\/09\/Loonverpakken-en-coderen-van-producten-met-Kortho-codeersystemen-300x110.jpg 300w\" sizes=\"(max-width: 375px) 100vw, 375px\" \/><\/p>\n<p>&nbsp;<\/p>\n<p>&nbsp;<\/p>\n<p>&nbsp;<\/p>\n<p>&nbsp;<\/p>\n<p>&nbsp;<\/p>\n<p>&nbsp;<\/p>\n<h2><\/h2>\n<h1>Codierung in der Verpackungsindustrie<\/h1>\n<p>In vielen F\u00e4llen wird eine Verpackungslinie nicht nur f\u00fcr ein Produkt und damit f\u00fcr ein gleichbleibendes Etikett genutzt, sondern f\u00fcr eine Vielzahl von Produkten mit unterschiedlichen individuellen Anforderungen an die Etikettierung.\u00a0 Dieses gilt sowohl f\u00fcr den Hersteller des Produktes oder auch f\u00fcr einen externen Dienstleister.<br \/>\nEine Verpackungslinie muss daher schnell und fehlerfrei unter Ber\u00fccksichtigung der unterschiedlichen Spezifikationen jedes Kunden ge\u00e4ndert werden k\u00f6nnen.<\/p>\n<h2>Industrieorientierte L\u00f6sungen f\u00fcr die Codierung von Verpackungen<\/h2>\n<p>Der Schl\u00fcssel zur schnellen <span style=\"text-decoration: underline;color: #0000ff\"><a style=\"color: #0000ff;text-decoration: underline\" href=\"http:\/\/kortho.com\/de\/losungen\/automatisierung\/individuelle-konfiguration-nicht-mehr-notwendig\" target=\"_blank\">Linienkonfiguration<\/a><\/span>liegt darin, die Steuerung aller Drucker zu zentralisieren.<br \/>\nUm eine schnelle und sichere zentrale Konfiguration\u00a0 aller Drucker gew\u00e4hrleisten zu k\u00f6nnen, werden deshalb schon im Vorfeld alle Druckauftragsparameter pro Etikett und\/oder Kunde erfasst und implementiert. So wird gew\u00e4hrleistet, dass einzelne oder ggf. <span style=\"text-decoration: underline;color: #0000ff\"><a style=\"color: #0000ff;text-decoration: underline\" href=\"http:\/\/kortho.com\/de\/losungen\/produktionsschritte\/komplettlosungen\/\" target=\"_blank\">alle Drucker<\/a><\/span> der Fertigungslinie bei Umstellung auf ein neues Etikett sofort mit allen individuellen Daten versorgt werden. Die Notwendigkeit eine gro\u00dfe Anzahl individueller Etiketten zu entwerfen und vorzuhalten entf\u00e4llt. Ebenso die Erstellung diverser Layouts aus Informationen die in einer Datenbank abgelegt sind, denn Sie k\u00f6nnen diese Datenbank auch direkt an Ihren Drucker koppeln.<br \/>\nEs werden anstelle von\u00a0 statischen Etiketten, variable Etikettenelemente mittels einer <span style=\"text-decoration: underline\"><span style=\"color: #0000ff;text-decoration: underline\"><a style=\"color: #0000ff;text-decoration: underline\" href=\"http:\/\/kortho.com\/de\/losungen\/automatisierung\/einzige-dynamische-vorlage\/\" target=\"_blank\">dynamischen Etikettenvorlage <\/a><\/span><\/span>von diesen Datenbanken an die Drucker in Echtzeit \u00fcbermittelt.<span style=\"color: #ffffff\">.<\/span><\/p>\n","protected":false},"excerpt":{"rendered":"<p>&nbsp; &nbsp; &nbsp; &nbsp; &nbsp; &nbsp; Codierung in der Verpackungsindustrie In vielen F\u00e4llen wird eine Verpackungslinie nicht nur f\u00fcr ein&hellip;<\/p>\n","protected":false},"author":1,"featured_media":2753,"parent":167,"menu_order":2,"comment_status":"closed","ping_status":"closed","template":"page_taxonomy_child.php","meta":{"_monsterinsights_skip_tracking":false,"_monsterinsights_sitenote_active":false,"_monsterinsights_sitenote_note":"","_monsterinsights_sitenote_category":0,"footnotes":""},"class_list":["post-437","page","type-page","status-publish","format-standard","has-post-thumbnail","hentry"],"yoast_head":"<!-- This site is optimized with the Yoast SEO plugin v23.6 - https:\/\/yoast.com\/wordpress\/plugins\/seo\/ -->\n<title>Verpackung - Kortho - Deutschland<\/title>\n<meta name=\"robots\" content=\"index, follow, max-snippet:-1, max-image-preview:large, max-video-preview:-1\" \/>\n<link rel=\"canonical\" href=\"https:\/\/kortho.com\/de\/losungen\/geschaftsbereich\/verpackung\/\" \/>\n<meta property=\"og:locale\" content=\"en_US\" \/>\n<meta property=\"og:type\" content=\"article\" \/>\n<meta property=\"og:title\" content=\"Verpackung - Kortho - Deutschland\" \/>\n<meta property=\"og:description\" content=\"&nbsp; &nbsp; &nbsp; &nbsp; &nbsp; &nbsp; Codierung in der Verpackungsindustrie In vielen F\u00e4llen wird eine Verpackungslinie nicht nur f\u00fcr ein&hellip;\" \/>\n<meta property=\"og:url\" content=\"https:\/\/kortho.com\/de\/losungen\/geschaftsbereich\/verpackung\/\" \/>\n<meta property=\"og:site_name\" content=\"Kortho - Deutschland\" \/>\n<meta property=\"article:modified_time\" content=\"2016-06-14T08:39:44+00:00\" \/>\n<meta property=\"og:image\" content=\"https:\/\/kortho.com\/de\/wp-content\/uploads\/sites\/5\/2015\/08\/Branche-loonverpakken.jpg\" \/>\n\t<meta property=\"og:image:width\" content=\"280\" \/>\n\t<meta property=\"og:image:height\" content=\"280\" \/>\n\t<meta property=\"og:image:type\" content=\"image\/jpeg\" \/>\n<meta name=\"twitter:card\" content=\"summary_large_image\" \/>\n<meta name=\"twitter:label1\" content=\"Est. reading time\" \/>\n\t<meta name=\"twitter:data1\" content=\"1 minute\" \/>\n<script type=\"application\/ld+json\" class=\"yoast-schema-graph\">{\"@context\":\"https:\/\/schema.org\",\"@graph\":[{\"@type\":\"WebPage\",\"@id\":\"https:\/\/kortho.com\/de\/losungen\/geschaftsbereich\/verpackung\/\",\"url\":\"https:\/\/kortho.com\/de\/losungen\/geschaftsbereich\/verpackung\/\",\"name\":\"Verpackung - Kortho - Deutschland\",\"isPartOf\":{\"@id\":\"https:\/\/kortho.com\/de\/#website\"},\"primaryImageOfPage\":{\"@id\":\"https:\/\/kortho.com\/de\/losungen\/geschaftsbereich\/verpackung\/#primaryimage\"},\"image\":{\"@id\":\"https:\/\/kortho.com\/de\/losungen\/geschaftsbereich\/verpackung\/#primaryimage\"},\"thumbnailUrl\":\"https:\/\/kortho.com\/de\/wp-content\/uploads\/sites\/5\/2015\/08\/Branche-loonverpakken.jpg\",\"datePublished\":\"2015-01-11T20:02:05+00:00\",\"dateModified\":\"2016-06-14T08:39:44+00:00\",\"breadcrumb\":{\"@id\":\"https:\/\/kortho.com\/de\/losungen\/geschaftsbereich\/verpackung\/#breadcrumb\"},\"inLanguage\":\"en-US\",\"potentialAction\":[{\"@type\":\"ReadAction\",\"target\":[\"https:\/\/kortho.com\/de\/losungen\/geschaftsbereich\/verpackung\/\"]}]},{\"@type\":\"ImageObject\",\"inLanguage\":\"en-US\",\"@id\":\"https:\/\/kortho.com\/de\/losungen\/geschaftsbereich\/verpackung\/#primaryimage\",\"url\":\"https:\/\/kortho.com\/de\/wp-content\/uploads\/sites\/5\/2015\/08\/Branche-loonverpakken.jpg\",\"contentUrl\":\"https:\/\/kortho.com\/de\/wp-content\/uploads\/sites\/5\/2015\/08\/Branche-loonverpakken.jpg\",\"width\":280,\"height\":280},{\"@type\":\"BreadcrumbList\",\"@id\":\"https:\/\/kortho.com\/de\/losungen\/geschaftsbereich\/verpackung\/#breadcrumb\",\"itemListElement\":[{\"@type\":\"ListItem\",\"position\":1,\"name\":\"Home\",\"item\":\"https:\/\/kortho.com\/de\/\"},{\"@type\":\"ListItem\",\"position\":2,\"name\":\"L\u00f6sungen\",\"item\":\"https:\/\/kortho.com\/de\/losungen\/\"},{\"@type\":\"ListItem\",\"position\":3,\"name\":\"Gesch\u00e4ftsbereich\",\"item\":\"https:\/\/kortho.com\/de\/losungen\/geschaftsbereich\/\"},{\"@type\":\"ListItem\",\"position\":4,\"name\":\"Verpackung\"}]},{\"@type\":\"WebSite\",\"@id\":\"https:\/\/kortho.com\/de\/#website\",\"url\":\"https:\/\/kortho.com\/de\/\",\"name\":\"Kortho - Deutschland\",\"description\":\"Coding Competence\",\"potentialAction\":[{\"@type\":\"SearchAction\",\"target\":{\"@type\":\"EntryPoint\",\"urlTemplate\":\"https:\/\/kortho.com\/de\/?s={search_term_string}\"},\"query-input\":{\"@type\":\"PropertyValueSpecification\",\"valueRequired\":true,\"valueName\":\"search_term_string\"}}],\"inLanguage\":\"en-US\"}]}<\/script>\n<!-- \/ Yoast SEO plugin. -->","yoast_head_json":{"title":"Verpackung - Kortho - Deutschland","robots":{"index":"index","follow":"follow","max-snippet":"max-snippet:-1","max-image-preview":"max-image-preview:large","max-video-preview":"max-video-preview:-1"},"canonical":"https:\/\/kortho.com\/de\/losungen\/geschaftsbereich\/verpackung\/","og_locale":"en_US","og_type":"article","og_title":"Verpackung - Kortho - Deutschland","og_description":"&nbsp; &nbsp; &nbsp; &nbsp; &nbsp; &nbsp; Codierung in der Verpackungsindustrie In vielen F\u00e4llen wird eine Verpackungslinie nicht nur f\u00fcr ein&hellip;","og_url":"https:\/\/kortho.com\/de\/losungen\/geschaftsbereich\/verpackung\/","og_site_name":"Kortho - Deutschland","article_modified_time":"2016-06-14T08:39:44+00:00","og_image":[{"width":280,"height":280,"url":"https:\/\/kortho.com\/de\/wp-content\/uploads\/sites\/5\/2015\/08\/Branche-loonverpakken.jpg","type":"image\/jpeg"}],"twitter_card":"summary_large_image","twitter_misc":{"Est. reading time":"1 minute"},"schema":{"@context":"https:\/\/schema.org","@graph":[{"@type":"WebPage","@id":"https:\/\/kortho.com\/de\/losungen\/geschaftsbereich\/verpackung\/","url":"https:\/\/kortho.com\/de\/losungen\/geschaftsbereich\/verpackung\/","name":"Verpackung - Kortho - Deutschland","isPartOf":{"@id":"https:\/\/kortho.com\/de\/#website"},"primaryImageOfPage":{"@id":"https:\/\/kortho.com\/de\/losungen\/geschaftsbereich\/verpackung\/#primaryimage"},"image":{"@id":"https:\/\/kortho.com\/de\/losungen\/geschaftsbereich\/verpackung\/#primaryimage"},"thumbnailUrl":"https:\/\/kortho.com\/de\/wp-content\/uploads\/sites\/5\/2015\/08\/Branche-loonverpakken.jpg","datePublished":"2015-01-11T20:02:05+00:00","dateModified":"2016-06-14T08:39:44+00:00","breadcrumb":{"@id":"https:\/\/kortho.com\/de\/losungen\/geschaftsbereich\/verpackung\/#breadcrumb"},"inLanguage":"en-US","potentialAction":[{"@type":"ReadAction","target":["https:\/\/kortho.com\/de\/losungen\/geschaftsbereich\/verpackung\/"]}]},{"@type":"ImageObject","inLanguage":"en-US","@id":"https:\/\/kortho.com\/de\/losungen\/geschaftsbereich\/verpackung\/#primaryimage","url":"https:\/\/kortho.com\/de\/wp-content\/uploads\/sites\/5\/2015\/08\/Branche-loonverpakken.jpg","contentUrl":"https:\/\/kortho.com\/de\/wp-content\/uploads\/sites\/5\/2015\/08\/Branche-loonverpakken.jpg","width":280,"height":280},{"@type":"BreadcrumbList","@id":"https:\/\/kortho.com\/de\/losungen\/geschaftsbereich\/verpackung\/#breadcrumb","itemListElement":[{"@type":"ListItem","position":1,"name":"Home","item":"https:\/\/kortho.com\/de\/"},{"@type":"ListItem","position":2,"name":"L\u00f6sungen","item":"https:\/\/kortho.com\/de\/losungen\/"},{"@type":"ListItem","position":3,"name":"Gesch\u00e4ftsbereich","item":"https:\/\/kortho.com\/de\/losungen\/geschaftsbereich\/"},{"@type":"ListItem","position":4,"name":"Verpackung"}]},{"@type":"WebSite","@id":"https:\/\/kortho.com\/de\/#website","url":"https:\/\/kortho.com\/de\/","name":"Kortho - Deutschland","description":"Coding Competence","potentialAction":[{"@type":"SearchAction","target":{"@type":"EntryPoint","urlTemplate":"https:\/\/kortho.com\/de\/?s={search_term_string}"},"query-input":{"@type":"PropertyValueSpecification","valueRequired":true,"valueName":"search_term_string"}}],"inLanguage":"en-US"}]}},"aioseo_notices":[],"_links":{"self":[{"href":"https:\/\/kortho.com\/de\/wp-json\/wp\/v2\/pages\/437"}],"collection":[{"href":"https:\/\/kortho.com\/de\/wp-json\/wp\/v2\/pages"}],"about":[{"href":"https:\/\/kortho.com\/de\/wp-json\/wp\/v2\/types\/page"}],"author":[{"embeddable":true,"href":"https:\/\/kortho.com\/de\/wp-json\/wp\/v2\/users\/1"}],"replies":[{"embeddable":true,"href":"https:\/\/kortho.com\/de\/wp-json\/wp\/v2\/comments?post=437"}],"version-history":[{"count":85,"href":"https:\/\/kortho.com\/de\/wp-json\/wp\/v2\/pages\/437\/revisions"}],"predecessor-version":[{"id":4582,"href":"https:\/\/kortho.com\/de\/wp-json\/wp\/v2\/pages\/437\/revisions\/4582"}],"up":[{"embeddable":true,"href":"https:\/\/kortho.com\/de\/wp-json\/wp\/v2\/pages\/167"}],"wp:featuredmedia":[{"embeddable":true,"href":"https:\/\/kortho.com\/de\/wp-json\/wp\/v2\/media\/2753"}],"wp:attachment":[{"href":"https:\/\/kortho.com\/de\/wp-json\/wp\/v2\/media?parent=437"}],"curies":[{"name":"wp","href":"https:\/\/api.w.org\/{rel}","templated":true}]}}