{"id":449,"date":"2015-01-11T20:07:49","date_gmt":"2015-01-11T20:07:49","guid":{"rendered":"http:\/\/jaspervandermeij.nl\/kortho\/nl\/?page_id=449"},"modified":"2017-03-13T11:20:06","modified_gmt":"2017-03-13T11:20:06","slug":"u-mark-marker","status":"publish","type":"page","link":"https:\/\/kortho.com\/de\/produktgruppen\/u-mark-marker\/","title":{"rendered":"U-Mark Marker"},"content":{"rendered":"<p><img loading=\"lazy\" decoding=\"async\" class=\"alignleft size-full wp-image-1496\" src=\"http:\/\/kortho.com\/wp-content\/uploads\/2015\/07\/Markeren-kartonnen-doos-K1.jpg\" alt=\"Markeren-kartonnen-doos-K\" width=\"138\" height=\"138\" \/> <img loading=\"lazy\" decoding=\"async\" class=\"alignleft size-full wp-image-1487\" src=\"http:\/\/kortho.com\/wp-content\/uploads\/2015\/07\/Kortho-markeren-op-ruwe-ondergrond-K.jpg\" alt=\"Kortho-markeren-op-ruwe-ondergrond-K\" width=\"138\" height=\"138\" \/> <img loading=\"lazy\" decoding=\"async\" class=\"alignleft size-full wp-image-1489\" src=\"http:\/\/kortho.com\/wp-content\/uploads\/2015\/07\/Kortho-markeren-op-metaal-K.jpg\" alt=\"Kortho-markeren-op-metaal-K\" width=\"138\" height=\"138\" \/> <img loading=\"lazy\" decoding=\"async\" class=\"alignleft size-full wp-image-1488\" src=\"http:\/\/kortho.com\/wp-content\/uploads\/2015\/07\/Kortho-markeren-op-steen-K.jpg\" alt=\"Kortho-markeren-op-steen K\" width=\"138\" height=\"138\" \/> <img loading=\"lazy\" decoding=\"async\" class=\"alignleft size-full wp-image-1495\" src=\"http:\/\/kortho.com\/wp-content\/uploads\/2015\/07\/Kortho-markeren-op-papier-K.jpg\" alt=\"Kortho-markeren-op-papier-K\" width=\"138\" height=\"138\" \/> <img loading=\"lazy\" decoding=\"async\" class=\"alignleft size-full wp-image-1492\" src=\"http:\/\/kortho.com\/wp-content\/uploads\/2015\/07\/Kortho-markeren-op-roestig-metaal-K.jpg\" alt=\"Kortho-markeren-op-roestig-metaal-K\" width=\"138\" height=\"138\" \/><\/p>\n<h1><\/h1>\n<h1><\/h1>\n<h1>Kortho\u2019s U-Mark Marker<\/h1>\n<p>Kortho ist der europ\u00e4ische Vertriebspartner f\u00fcr den amerikanischen U-Marker, welcher sich durch seine speziell entwickelte Reihe von Markern zur Kennzeichnung besonderer Bed\u00fcrfnisse auszeichnet.<\/p>\n<p>Aufgrund der gezielten Anwendung und einer breiten Palette, k\u00f6nnen U-Mark Produkte praktisch in jeder Branche gefunden werden. Auf dem amerikanischen Inlandsmarkt ist U-Mark besonders f\u00fcr die Automobil-, Bau- und Metallindustrie bedeutend.<\/p>\n<h2>Eigenschaften der Kortho U-Mark Industriemarker<\/h2>\n<ul>\n<li>Sehr breites Sortiment.<\/li>\n<li>Kann auf por\u00f6sen, so wie auf nicht-por\u00f6sen Oberfl\u00e4chen verwendet warden.<\/li>\n<li>Ein speziell entwickelter Marker f\u00fcr jede Anwendung.<\/li>\n<li>Viele unterschiedliche Komponenten wie Tinte, Wachs, Farbe und Pigmente.<\/li>\n<\/ul>\n","protected":false},"excerpt":{"rendered":"<p>Kortho\u2019s U-Mark Marker Kortho ist der europ\u00e4ische Vertriebspartner f\u00fcr den amerikanischen U-Marker, welcher sich durch seine speziell entwickelte Reihe von&hellip;<\/p>\n","protected":false},"author":1,"featured_media":0,"parent":128,"menu_order":9,"comment_status":"closed","ping_status":"closed","template":"page_taxonomy_child.php","meta":{"_monsterinsights_skip_tracking":false,"_monsterinsights_sitenote_active":false,"_monsterinsights_sitenote_note":"","_monsterinsights_sitenote_category":0,"footnotes":""},"class_list":["post-449","page","type-page","status-publish","format-standard","hentry"],"yoast_head":"<!-- This site is optimized with the Yoast SEO plugin v23.6 - https:\/\/yoast.com\/wordpress\/plugins\/seo\/ -->\n<title>U-Mark Marker - Kortho - Deutschland<\/title>\n<meta name=\"robots\" content=\"index, follow, max-snippet:-1, max-image-preview:large, max-video-preview:-1\" \/>\n<link rel=\"canonical\" href=\"https:\/\/kortho.com\/de\/produktgruppen\/u-mark-marker\/\" \/>\n<meta property=\"og:locale\" content=\"en_US\" \/>\n<meta property=\"og:type\" content=\"article\" \/>\n<meta property=\"og:title\" content=\"U-Mark Marker - Kortho - Deutschland\" \/>\n<meta property=\"og:description\" content=\"Kortho\u2019s U-Mark Marker Kortho ist der europ\u00e4ische Vertriebspartner f\u00fcr den amerikanischen U-Marker, welcher sich durch seine speziell entwickelte Reihe von&hellip;\" \/>\n<meta property=\"og:url\" content=\"https:\/\/kortho.com\/de\/produktgruppen\/u-mark-marker\/\" \/>\n<meta property=\"og:site_name\" content=\"Kortho - Deutschland\" \/>\n<meta property=\"article:modified_time\" content=\"2017-03-13T11:20:06+00:00\" \/>\n<meta property=\"og:image\" content=\"http:\/\/kortho.com\/wp-content\/uploads\/2015\/07\/Markeren-kartonnen-doos-K1.jpg\" \/>\n<meta name=\"twitter:card\" content=\"summary_large_image\" \/>\n<meta name=\"twitter:label1\" content=\"Est. reading time\" \/>\n\t<meta name=\"twitter:data1\" content=\"1 minute\" \/>\n<script type=\"application\/ld+json\" class=\"yoast-schema-graph\">{\"@context\":\"https:\/\/schema.org\",\"@graph\":[{\"@type\":\"WebPage\",\"@id\":\"https:\/\/kortho.com\/de\/produktgruppen\/u-mark-marker\/\",\"url\":\"https:\/\/kortho.com\/de\/produktgruppen\/u-mark-marker\/\",\"name\":\"U-Mark Marker - Kortho - Deutschland\",\"isPartOf\":{\"@id\":\"https:\/\/kortho.com\/de\/#website\"},\"primaryImageOfPage\":{\"@id\":\"https:\/\/kortho.com\/de\/produktgruppen\/u-mark-marker\/#primaryimage\"},\"image\":{\"@id\":\"https:\/\/kortho.com\/de\/produktgruppen\/u-mark-marker\/#primaryimage\"},\"thumbnailUrl\":\"http:\/\/kortho.com\/wp-content\/uploads\/2015\/07\/Markeren-kartonnen-doos-K1.jpg\",\"datePublished\":\"2015-01-11T20:07:49+00:00\",\"dateModified\":\"2017-03-13T11:20:06+00:00\",\"breadcrumb\":{\"@id\":\"https:\/\/kortho.com\/de\/produktgruppen\/u-mark-marker\/#breadcrumb\"},\"inLanguage\":\"en-US\",\"potentialAction\":[{\"@type\":\"ReadAction\",\"target\":[\"https:\/\/kortho.com\/de\/produktgruppen\/u-mark-marker\/\"]}]},{\"@type\":\"ImageObject\",\"inLanguage\":\"en-US\",\"@id\":\"https:\/\/kortho.com\/de\/produktgruppen\/u-mark-marker\/#primaryimage\",\"url\":\"http:\/\/kortho.com\/wp-content\/uploads\/2015\/07\/Markeren-kartonnen-doos-K1.jpg\",\"contentUrl\":\"http:\/\/kortho.com\/wp-content\/uploads\/2015\/07\/Markeren-kartonnen-doos-K1.jpg\"},{\"@type\":\"BreadcrumbList\",\"@id\":\"https:\/\/kortho.com\/de\/produktgruppen\/u-mark-marker\/#breadcrumb\",\"itemListElement\":[{\"@type\":\"ListItem\",\"position\":1,\"name\":\"Home\",\"item\":\"https:\/\/kortho.com\/de\/\"},{\"@type\":\"ListItem\",\"position\":2,\"name\":\"Produktgruppen\",\"item\":\"https:\/\/kortho.com\/de\/produktgruppen\/\"},{\"@type\":\"ListItem\",\"position\":3,\"name\":\"U-Mark Marker\"}]},{\"@type\":\"WebSite\",\"@id\":\"https:\/\/kortho.com\/de\/#website\",\"url\":\"https:\/\/kortho.com\/de\/\",\"name\":\"Kortho - Deutschland\",\"description\":\"Coding Competence\",\"potentialAction\":[{\"@type\":\"SearchAction\",\"target\":{\"@type\":\"EntryPoint\",\"urlTemplate\":\"https:\/\/kortho.com\/de\/?s={search_term_string}\"},\"query-input\":{\"@type\":\"PropertyValueSpecification\",\"valueRequired\":true,\"valueName\":\"search_term_string\"}}],\"inLanguage\":\"en-US\"}]}<\/script>\n<!-- \/ Yoast SEO plugin. -->","yoast_head_json":{"title":"U-Mark Marker - Kortho - Deutschland","robots":{"index":"index","follow":"follow","max-snippet":"max-snippet:-1","max-image-preview":"max-image-preview:large","max-video-preview":"max-video-preview:-1"},"canonical":"https:\/\/kortho.com\/de\/produktgruppen\/u-mark-marker\/","og_locale":"en_US","og_type":"article","og_title":"U-Mark Marker - Kortho - Deutschland","og_description":"Kortho\u2019s U-Mark Marker Kortho ist der europ\u00e4ische Vertriebspartner f\u00fcr den amerikanischen U-Marker, welcher sich durch seine speziell entwickelte Reihe von&hellip;","og_url":"https:\/\/kortho.com\/de\/produktgruppen\/u-mark-marker\/","og_site_name":"Kortho - Deutschland","article_modified_time":"2017-03-13T11:20:06+00:00","og_image":[{"url":"http:\/\/kortho.com\/wp-content\/uploads\/2015\/07\/Markeren-kartonnen-doos-K1.jpg"}],"twitter_card":"summary_large_image","twitter_misc":{"Est. reading time":"1 minute"},"schema":{"@context":"https:\/\/schema.org","@graph":[{"@type":"WebPage","@id":"https:\/\/kortho.com\/de\/produktgruppen\/u-mark-marker\/","url":"https:\/\/kortho.com\/de\/produktgruppen\/u-mark-marker\/","name":"U-Mark Marker - Kortho - Deutschland","isPartOf":{"@id":"https:\/\/kortho.com\/de\/#website"},"primaryImageOfPage":{"@id":"https:\/\/kortho.com\/de\/produktgruppen\/u-mark-marker\/#primaryimage"},"image":{"@id":"https:\/\/kortho.com\/de\/produktgruppen\/u-mark-marker\/#primaryimage"},"thumbnailUrl":"http:\/\/kortho.com\/wp-content\/uploads\/2015\/07\/Markeren-kartonnen-doos-K1.jpg","datePublished":"2015-01-11T20:07:49+00:00","dateModified":"2017-03-13T11:20:06+00:00","breadcrumb":{"@id":"https:\/\/kortho.com\/de\/produktgruppen\/u-mark-marker\/#breadcrumb"},"inLanguage":"en-US","potentialAction":[{"@type":"ReadAction","target":["https:\/\/kortho.com\/de\/produktgruppen\/u-mark-marker\/"]}]},{"@type":"ImageObject","inLanguage":"en-US","@id":"https:\/\/kortho.com\/de\/produktgruppen\/u-mark-marker\/#primaryimage","url":"http:\/\/kortho.com\/wp-content\/uploads\/2015\/07\/Markeren-kartonnen-doos-K1.jpg","contentUrl":"http:\/\/kortho.com\/wp-content\/uploads\/2015\/07\/Markeren-kartonnen-doos-K1.jpg"},{"@type":"BreadcrumbList","@id":"https:\/\/kortho.com\/de\/produktgruppen\/u-mark-marker\/#breadcrumb","itemListElement":[{"@type":"ListItem","position":1,"name":"Home","item":"https:\/\/kortho.com\/de\/"},{"@type":"ListItem","position":2,"name":"Produktgruppen","item":"https:\/\/kortho.com\/de\/produktgruppen\/"},{"@type":"ListItem","position":3,"name":"U-Mark Marker"}]},{"@type":"WebSite","@id":"https:\/\/kortho.com\/de\/#website","url":"https:\/\/kortho.com\/de\/","name":"Kortho - Deutschland","description":"Coding Competence","potentialAction":[{"@type":"SearchAction","target":{"@type":"EntryPoint","urlTemplate":"https:\/\/kortho.com\/de\/?s={search_term_string}"},"query-input":{"@type":"PropertyValueSpecification","valueRequired":true,"valueName":"search_term_string"}}],"inLanguage":"en-US"}]}},"aioseo_notices":[],"_links":{"self":[{"href":"https:\/\/kortho.com\/de\/wp-json\/wp\/v2\/pages\/449"}],"collection":[{"href":"https:\/\/kortho.com\/de\/wp-json\/wp\/v2\/pages"}],"about":[{"href":"https:\/\/kortho.com\/de\/wp-json\/wp\/v2\/types\/page"}],"author":[{"embeddable":true,"href":"https:\/\/kortho.com\/de\/wp-json\/wp\/v2\/users\/1"}],"replies":[{"embeddable":true,"href":"https:\/\/kortho.com\/de\/wp-json\/wp\/v2\/comments?post=449"}],"version-history":[{"count":6,"href":"https:\/\/kortho.com\/de\/wp-json\/wp\/v2\/pages\/449\/revisions"}],"predecessor-version":[{"id":4825,"href":"https:\/\/kortho.com\/de\/wp-json\/wp\/v2\/pages\/449\/revisions\/4825"}],"up":[{"embeddable":true,"href":"https:\/\/kortho.com\/de\/wp-json\/wp\/v2\/pages\/128"}],"wp:attachment":[{"href":"https:\/\/kortho.com\/de\/wp-json\/wp\/v2\/media?parent=449"}],"curies":[{"name":"wp","href":"https:\/\/api.w.org\/{rel}","templated":true}]}}