{"id":4934,"date":"2018-05-16T09:05:12","date_gmt":"2018-05-16T09:05:12","guid":{"rendered":"https:\/\/kortho.com\/de\/?page_id=4934"},"modified":"2018-05-18T07:24:13","modified_gmt":"2018-05-18T07:24:13","slug":"cookies","status":"publish","type":"page","link":"https:\/\/kortho.com\/de\/cookies\/","title":{"rendered":"Cookies"},"content":{"rendered":"<p><strong>Verwendung von Cookies <\/strong><\/p>\n<p><strong>Kortho-Cookies<\/strong><\/p>\n<p>Kortho verwendet Cookies und aktive Komponenten (z.B. JavaScript), um Pr\u00e4ferenzen der Besucher verfolgen und die Webseiten entsprechend optimal gestalten zu k\u00f6nnen.<\/p>\n<p>Cookies sind kleine Textdateien, die auf Ihrem Computer gespeichert werden, wenn Sie unsere Internetseite besuchen.Wenn Sie es m\u00f6chten, k\u00f6nnen Sie die Cookies jederzeit wieder l\u00f6schen. Dies kann allerdings dazu f\u00fchren, dass Ihnen einzelne Funktionen nicht mehr zur Verf\u00fcgung stehen.<\/p>\n<p>Zum L\u00f6schen der Cookies informieren Sie sich bitte in der Hilfefunktion Ihres Browsers.<\/p>\n<p>Kortho erm\u00f6glicht es Ihnen die Nutzung von Cookies zu steuern. Klicken Sie dazu auf den Link \u201ePrivatsph\u00e4re-Einstellungen\u201c in der Fu\u00dfzeile. Hier k\u00f6nnen Sie jederzeit einstellen, welche Cookies Sie verwenden m\u00f6chten.<\/p>\n<p>Wir teilen Cookies in folgende Kategorien ein:<\/p>\n<p>Notwendige Cookies (Stufe 1)<\/p>\n<p>Diese Cookies sind zwingend erforderlich, damit unsere Websites und deren Funktionen ordnungsgem\u00e4\u00df arbeiten, z.B. das Speichern Ihrer Cookie-Einstellungen.<\/p>\n<p>Komfort-Cookies (Stufe 2)<\/p>\n<p>Diese Cookies erm\u00f6glichen es, Komfort und Leistung unserer Websites zu verbessern, z.B. kann Ihre Auswahl bzgl. der Region und des Landes gespeichert werden.<\/p>\n<p>Statistik-Cookies (Stufe 3)<\/p>\n<p>Diese Cookies sammeln Informationen dar\u00fcber, wie Sie unsere Websites verwenden. Bereits in Stufe 1 (notwendig) und Stufe 2 (Komfort) erfolgen anonymisierte Zugriffsmessungen mit sogenannten Session Cookies. In Stufe 3 (Statistik) wird f\u00fcr max. 12 Monate ein Cookie auf Ihrem Computer gespeichert.<\/p>\n<p>Targeting-Cookies (Stufe 4)<\/p>\n<p>Derzeit wird kein Targeting eingesetzt bzw. es werden keine entsprechenden Cookies verwendet.<\/p>\n<p><strong>Cookies von Dritten<\/strong><\/p>\n<p>Auf einigen Kortho Internetseiten sind Inhalte und Dienste von anderen Anbietern (z.B. YouTube, Facebook, Twitter) eingebunden, die ihrerseits Cookies und aktive Komponenten verwenden k\u00f6nnen. Kortho hat auf die Verarbeitung von personenbezogenen Daten durch diese Anbieter keinen Einfluss.<\/p>\n<p>Bitte beachten Sie, dass die von Kortho bereitgestellte M\u00f6glichkeit zur Einstellung der zu verwendenden Cookies keine Auswirkungen auf Cookies und aktive Komponenten anderer Anbieter (z.B. YouTube, Facebook, Twitter) hat.<\/p>\n<p>Bitte informieren Sie sich auf den Internetseiten der jeweiligen Anbieter \u00fcber die Verwendung von Cookies und den Umgang mit Ihren Daten.<\/p>\n<p>Weitere informationen, wie wir Social Plugins einsetzen, finden Sie im Abschnitt \u201eVerwendung von Social Plugins im Rahmen von Social Media\u201c in den Datenschutzhinweisen.<\/p>\n<p><strong>Verwendete Kortho-Cookies der Stufe 1 (Notwendig) <\/strong><\/p>\n<p>Name: privacy-accepted<\/p>\n<p>Kategorie: Notwendig<\/p>\n<p>Typ: Permanent<\/p>\n<p>Dieser Cookie wird f\u00fcr max. 12 Monate gespeichert oder bis Sie Ihre Zustimmung zur Verwendung von Cookies neu festlegen.<\/p>\n<p>Aufgabe:<\/p>\n<p>Speichert Ihre Zustimmung zur Nutzung von Cookies f\u00fcr diese Webseite.<\/p>\n<p>Name: privacy-settings<\/p>\n<p>Kategorie: Notwendig<\/p>\n<p>Typ: Permanent<\/p>\n<p>Dieser Cookie wird f\u00fcr max. 60 Tage gespeichert oder bis Sie Ihre Einstellung zur Verwendung von Cookies neu festlegen.<\/p>\n<p>Aufgabe:<\/p>\n<p>Speichert Ihre Einstellung, welche Cookies f\u00fcr diese Webseite erlaubt sind.<\/p>\n<p>Stufe 1: notwendig Cookies sind erlaubt<\/p>\n<p>Stufe 2: notwendige und Komfort-Cookies sind erlaubt<\/p>\n<p>Stufe 3: notwendige, Komfort- und Statistik-Cookies sind erlaubt<\/p>\n<p>Stufe 4: notwendige, Komfort-, Statistik- und Targeting-Cookies sind erlaubt<\/p>\n<p>Name: Kortho_survey24_*<\/p>\n<p>Kategorie: Notwendig<\/p>\n<p>Typ: Permanent<\/p>\n<p>Dieser Cookie ist f\u00fcr max. 12 Monate g\u00fcltig.<\/p>\n<p>Aufgabe:<\/p>\n<p>Der Cookie dient der Steuerung unserer Besucherbefragung.<\/p>\n<p>Mit diesen Erkenntnissen k\u00f6nnen wir unsere Internetseiten weiter optimieren und noch besser auf die Bed\u00fcrfnisse unserer Besucher anpassen.<\/p>\n<p>Die Besucherbefragung wird von einem von uns beauftragten Dienstleistungsunternehmen durchgef\u00fchrt. Der Cookie wird von der Domain mafo1.myaudience.de gesetzt.<\/p>\n<p>Der Cookie wird nicht eingesetzt, um individuelle Nutzungs- oder Bewegungsprofile von Besuchern zu erstellen. In diesem Cookie werden keine personenbezogenen Daten abgelegt.<\/p>\n<p>Name: e_c_e<\/p>\n<p>Kategorie: Notwendig<\/p>\n<p>Typ: Session<\/p>\n<p>Dieser Cookie existiert f\u00fcr die Dauer Ihres Online-Besuches. Der Besuch wird durch Schlie\u00dfen des Browserfensters oder des Browsers beendet.<\/p>\n<p>Aufgabe:<\/p>\n<p>Der Cookie enth\u00e4lt Informationen zu Ihrer aktuellen Nutzung des Online Angebotes, z.B. Referrer, erste Seite des Besuches, Zeitpunkt des Besuchsbeginns.<\/p>\n<p>Die Daten werden anonymisiert an den Statistik-Server (statse.webtrendslive.com) \u00fcbertragen, der von Webtrends in den Vereinigten Staaten von Amerika betrieben wird.<\/p>\n<p><strong>Verwendete Kortho-Cookies der Stufe 2 (Komfort) <\/strong><\/p>\n<p>Name: geoservice<\/p>\n<p>Kategorie: Komfort<\/p>\n<p>Typ: Permanent<\/p>\n<p>Dieser Cookie ist f\u00fcr max. 10 Tage g\u00fcltig oder bis Sie Ihre Zustimmung zur Verwendung von Cookies neu festlegen.<\/p>\n<p>Aufgabe:<\/p>\n<p>Speichert Ihre Auswahl bzgl. der Region und des Landes.<\/p>\n<p>Name: privacy-social<\/p>\n<p>Kategorie: Komfort<\/p>\n<p>Typ: Permanent<\/p>\n<p>Dieser Cookie ist f\u00fcr max. 60 Tage g\u00fcltig oder bis Sie Ihre Zustimmung zur Verwendung von Cookies neu festlegen.<\/p>\n<p>Aufgabe:<\/p>\n<p>Speichert Ihre Einstellungen f\u00fcr die Social-Media-Plugins.<\/p>\n<p><strong>Verwendete Kortho-Cookies der Stufe 3 (Statistik) <\/strong><\/p>\n<p>Name: ACOOKIE<\/p>\n<p>Kategorie: Statistik<\/p>\n<p>Typ: Permanent<\/p>\n<p>Dieser Cookie wird f\u00fcr max. 731 Tage gespeichert oder bis Sie Ihre Zustimmung zur Verwendung von Cookies neu festlegen.<\/p>\n<p>Aufgabe:<\/p>\n<p>Anonymisierung der Benutzerdaten. Der Cookie wird Statistik-Server (statse.webtrendslive.com) gesetzt, der von Webtrends in den Vereinigten Staaten von Amerika betrieben wird.<\/p>\n<p>Name: WT_FPC<\/p>\n<p>Kategorie: Statistik<\/p>\n<p>Typ: Session bei Stufe 1 (Notwendig) oder Stufe 2 (Komfort)<\/p>\n<p>Dieser Cookie existiert f\u00fcr die Dauer Ihres Online Besuches. Der Besuch wird durch Schlie\u00dfen des Browserfensters oder des Browsers beendet.<\/p>\n<p>Permanent bei Stufe 3 (Statistik)<\/p>\n<p>Der Cookie wird f\u00fcr max. 12 Monate gespeichert oder bis Sie Ihre Zustimmung zur Verwendung von Cookies neu festlegen.<\/p>\n<p>Aufgabe:<\/p>\n<p>Anonymisierung der Benutzerdaten.<\/p>\n<p>Name: e_c_s<\/p>\n<p>Kategorie: Statistik<\/p>\n<p>Typ: Session<\/p>\n<p>Dieser Cookie existiert f\u00fcr die Dauer Ihres Online-Besuches. Der Besuch wird durch Schlie\u00dfen des Browserfensters oder des Browsers beendet.<\/p>\n<p>Aufgabe:<\/p>\n<p>Der Cookie enth\u00e4lt Informationen zu aktuellen Nutzung des Online-Angebotes, z.B. Referrer, erste Seite des Besuches.<\/p>\n<p>Die Daten werden anonymisiert an den Statistik-Server (statse.webtrendslive.com) \u00fcbertragen, der von Webtrends in den Vereinigten Staaten von Amerika betrieben wird.<\/p>\n<p>Name: e_c_l<\/p>\n<p>Kategorie: Statistik<\/p>\n<p>Typ: Permanent<\/p>\n<p>Der Cookie wird f\u00fcr max. 12 Monate gespeichert oder bis Sie Ihre Zustimmung zur Verwendung von Cookies neu festlegen.<\/p>\n<p>Aufgabe:<\/p>\n<p>Der Cookie enth\u00e4lt Informationen zu Ihrer aktuellen Nutzung des Online-Angebotes. Diese werden ab Stufe3 (Statistik) in dem Cookie gespeichert und bei wiederholtem Besuch aktualisiert.<\/p>\n<p>Die Daten werden anonymisiert an den Statistik-Server (statse.webtrendslive.com) \u00fcbertragen, der von Webtrends in den Vereinigten Staaten von Amerika betrieben wird.<\/p>\n<p><strong>COOKIE-\u00dcBERSICHT<\/strong><\/p>\n<p><strong>Cookie-Name, Cookie-Typ, Cookie-Zweck und Speicherdauer<\/strong><\/p>\n<ol>\n<li>Die Website von Kortho Coding &amp; Marking verwendet verschiedene Arten von Cookies, die in der folgenden Tabelle aufgef\u00fchrt sind.<br \/>\n2. Insgesamt gibt es 48 verschiedene Cookies unter <a href=\"http:\/\/www.kortho.com\" rel=\"nofollow\">http:\/\/www.kortho.com<\/a>. Dar\u00fcber hinaus gibt es eine Reihe von &#8220;anderen Trackern&#8221;, die ebenfalls erl\u00e4utert werden. Die folgenden Cookies werden auf der Festplatte des Besuchers platziert, wenn Sie die Website von Kortho Coding &amp; Marking besuchen:<\/li>\n<\/ol>\n<p><strong>Cookie<\/strong><strong> Tabelle:<\/strong><\/p>\n<table width=\"106%\">\n<tbody>\n<tr>\n<td width=\"28%\"><strong>Cookienaam<\/strong><\/td>\n<td width=\"14%\"><strong>Type<\/strong><\/td>\n<td width=\"41%\"><strong>Functie<\/strong><\/td>\n<td width=\"16%\"><strong>Bewaartermijn<\/strong><\/td>\n<\/tr>\n<tr>\n<td width=\"28%\">_ga<\/p>\n<p>_gat<\/p>\n<p>_gid<\/p>\n<p>_uetsid<\/td>\n<td width=\"14%\">Analytisch<\/td>\n<td width=\"41%\">Google verwendet den _ga-Cookie, um dem Website-Administrator ein Bild der Besucherfl\u00fcsse zu geben. Der _gat Cookie wird verwendet, um die Anzahl der Anfragen an den Analysedienst zu begrenzen. Google nennt dies die &#8220;throttle&#8221; oder das Gaspedal.<\/td>\n<td width=\"16%\">2 Jahre<\/p>\n<p>1 Minute<\/p>\n<p>24 Stunden<\/p>\n<p>30 Minuten<\/td>\n<\/tr>\n<tr>\n<td width=\"28%\">&nbsp;<\/p>\n<p>_Apisid<br \/>\n_Consent<br \/>\n_Hsid<br \/>\n_Nid<br \/>\n_Sapisid<br \/>\n_Sid<br \/>\n_Ssid<br \/>\n_Sidcc<br \/>\n_UULE<br \/>\n_Taid<br \/>\n_Aid<br \/>\n_1P_JAR<\/td>\n<td width=\"14%\">Analytisch \/ Funktionell und Tracking<\/td>\n<td width=\"41%\">Diese Cookies werden von Google platziert zur Verwendung von Google Maps und Google Adwords. So werden Pr\u00e4ferenzen pro Besucher gespeichert, sch\u00fctzen sie vor unberechtigtem Zugriff und machen die Effektivit\u00e4t von Medien durch Google Adwords deutlich.<\/td>\n<td width=\"16%\">&nbsp;<\/p>\n<p>2 Jahre<br \/>\nUnendlich<br \/>\n2 Jahre<br \/>\n6 Monate<br \/>\n2 Jahre<br \/>\n2 Jahre<br \/>\n2 Jahre<br \/>\n3 Monate<br \/>\n24 Stunden<br \/>\n2 Wochen<br \/>\n5 Monate<br \/>\n1 Monat<\/td>\n<\/tr>\n<tr>\n<td width=\"28%\">&nbsp;<\/td>\n<td width=\"14%\">&nbsp;<\/td>\n<td width=\"41%\">&nbsp;<\/td>\n<td width=\"16%\">&nbsp;<\/td>\n<\/tr>\n<tr>\n<td width=\"28%\">_DSID<\/p>\n<p>_IDE<\/td>\n<td width=\"14%\">Tracking<\/td>\n<td width=\"41%\">DoubleClick verwendet den _DSID-Cookie, um den Besucher auch auf anderen Websites zu Werbezwecken zu erkennen. Personalisierte Werbung kann durch Tracking angeboten werden. DoubleClick verwendet cookie _IDE, um das Verhalten des Besuchers mit der personalisierten Werbung zu untersuchen. Mit diesem Cookie kann Ihr Verhalten abgebildet werden.<\/p>\n<p>&nbsp;<\/td>\n<td width=\"16%\">1 Stunde<\/p>\n<p>13 Monate<\/td>\n<\/tr>\n<tr>\n<td width=\"28%\">&nbsp;<\/p>\n<p>_hstc<\/p>\n<p>_ga<\/p>\n<p>_hubspotutk<\/p>\n<p>_mp_6d7c50ad560e01715a87 1a117a2fbd90_mixpanel<\/td>\n<td width=\"14%\">Tracking<\/td>\n<td width=\"41%\">Diese Tracking-Cookies werden von hotjar.com platziert. Sie bieten Analyse und Feedback von der Website basierend auf dem Besuch des Benutzers. Auf diese Weise ist es m\u00f6glich, die Website den W\u00fcnschen der Besucher anzupassen..<\/td>\n<td width=\"16%\">2 Jahre<\/p>\n<p>2 Jahre<\/p>\n<p>10 Jahre<\/p>\n<p>1 Jahr<\/td>\n<\/tr>\n<tr>\n<td width=\"28%\">&nbsp;<\/p>\n<p>_Anon<br \/>\n_Muid<br \/>\n_Nap<br \/>\n_Srchd<br \/>\n_Srchhpgusr<br \/>\n_Srchusr<br \/>\n_muidb<br \/>\n_Srchuid<\/td>\n<td width=\"14%\">Analytisch \/ Funktionell und Tracking<\/td>\n<td width=\"41%\">Bing gebruikt verschillende cookies. Verzamelde gebruikersgegevens worden specifiek aan de gebruiker of het apparaat aangepast. De gebruiker kan ook buiten de geladen website worden gevolgd waardoor een beeld ontstaat van het gedrag van de bezoeker.<\/td>\n<td width=\"16%\">6 Monate<\/p>\n<p>1 Jahr<\/p>\n<p>6 Monate<\/p>\n<p>2 Jahre<\/p>\n<p>2 Jahre<\/p>\n<p>2 Jahre<\/p>\n<p>13 Monate<\/p>\n<p>2 Jahre<\/td>\n<\/tr>\n<tr>\n<td width=\"28%\">&nbsp;<\/p>\n<p>&nbsp;<\/p>\n<p>_Scoop_testi<\/p>\n<p>_hjlncludedlnSample<\/p>\n<p>_cusid<\/p>\n<p>_cuvid<\/p>\n<p>_cuvon<\/p>\n<p>_has_js<\/p>\n<p>_sfsid<\/td>\n<td width=\"14%\">Funktionell<\/td>\n<td width=\"41%\">Diese Cookies werden von <a href=\"http:\/\/www.kortho.com\" rel=\"nofollow\">http:\/\/www.kortho.com<\/a> platziert. Sie sorgen daf\u00fcr, dass die Website optimal funktioniert.<\/td>\n<td width=\"16%\">&nbsp;<\/p>\n<p>&nbsp;<\/p>\n<p>Sitzungsende<\/p>\n<p>Sitzungsende<\/p>\n<p>1 Stunde<\/p>\n<p>2 Jahre<\/p>\n<p>30 Minuten<\/p>\n<p>Sitzungsende<\/p>\n<p>30 Minuten<\/td>\n<\/tr>\n<tr>\n<td width=\"28%\">&nbsp;<\/p>\n<p>&nbsp;<\/p>\n<p>_Consent<br \/>\n_Pref<br \/>\n_Visitor_info1_live<br \/>\n_YSC<br \/>\n_remote-sid<br \/>\n_Apisid<br \/>\n_Hsid<br \/>\n_Login_info<br \/>\n_Sapisid<br \/>\n_Sid<br \/>\n_Ssid<\/td>\n<td width=\"14%\">Analytisch \/ Funktionell und Tracking<\/td>\n<td width=\"41%\">Dies sind Cookies, die von YouTube platziert werden, um das Verhalten von Besuchern zu analysieren. Ein YouTube-Video wird auf der Website platziert und wenn der Nutzer es anzeigt, werden Informationen ver\u00f6ffentlicht..<\/td>\n<td width=\"16%\">&nbsp;<\/p>\n<p>&nbsp;<\/p>\n<p>Unendlich<br \/>\n10 Jahre<br \/>\n8 Monate<br \/>\nSitzungsende<br \/>\nUnendlich<br \/>\n2 Jahre<br \/>\n2 Jahre<br \/>\n2 Jahre<br \/>\n2 Jahre<br \/>\n2 Jahre<br \/>\n2 Jahre<\/td>\n<\/tr>\n<tr>\n<td width=\"28%\">&nbsp;<\/p>\n<p>&nbsp;<\/p>\n<p>\u00dcbrige Tracker:<\/p>\n<p>_Sales Feed<\/p>\n<p>_Insitez<\/p>\n<p>_Snoobi Analytics<\/p>\n<p>_MyFonts Counter<\/p>\n<p>_GA Audiences<\/td>\n<td width=\"14%\">&nbsp;<\/td>\n<td width=\"41%\">&nbsp;<\/p>\n<p>&nbsp;<\/p>\n<p>Insitez wird verwendet, um mit dem Besucher zu interagieren. Diese Interaktionen sind kundenfreundlicher als die h\u00e4ufig verwendeten Popup-Umfragen. Snoobi Analytics ist eine andere Variante als Google Analytics, damit Sie Ihre Website optimal auf Ihre Zielgruppe abstimmen k\u00f6nnen. Die von Snoobi Analytics gesammelten Informationen werden auf Datenservern in der EU gespeichert. Daten sind f\u00fcr Dritte nicht zug\u00e4nglich. MyFonts Counter verfolgt Seitenansichten.<\/td>\n<td width=\"16%\">&nbsp;<\/td>\n<\/tr>\n<\/tbody>\n<\/table>\n<p>&nbsp;<\/p>\n","protected":false},"excerpt":{"rendered":"<p>Verwendung von Cookies Kortho-Cookies Kortho verwendet Cookies und aktive Komponenten (z.B. JavaScript), um Pr\u00e4ferenzen der Besucher verfolgen und die Webseiten&hellip;<\/p>\n","protected":false},"author":1,"featured_media":0,"parent":0,"menu_order":0,"comment_status":"closed","ping_status":"closed","template":"","meta":{"_monsterinsights_skip_tracking":false,"_monsterinsights_sitenote_active":false,"_monsterinsights_sitenote_note":"","_monsterinsights_sitenote_category":0,"footnotes":""},"class_list":["post-4934","page","type-page","status-publish","format-standard","hentry"],"yoast_head":"<!-- This site is optimized with the Yoast SEO plugin v23.6 - https:\/\/yoast.com\/wordpress\/plugins\/seo\/ -->\n<title>Cookies - Kortho - Deutschland<\/title>\n<meta name=\"robots\" content=\"index, follow, max-snippet:-1, max-image-preview:large, max-video-preview:-1\" \/>\n<link rel=\"canonical\" href=\"https:\/\/kortho.com\/de\/cookies\/\" \/>\n<meta property=\"og:locale\" content=\"en_US\" \/>\n<meta property=\"og:type\" content=\"article\" \/>\n<meta property=\"og:title\" content=\"Cookies - Kortho - Deutschland\" \/>\n<meta property=\"og:description\" content=\"Verwendung von Cookies Kortho-Cookies Kortho verwendet Cookies und aktive Komponenten (z.B. JavaScript), um Pr\u00e4ferenzen der Besucher verfolgen und die Webseiten&hellip;\" \/>\n<meta property=\"og:url\" content=\"https:\/\/kortho.com\/de\/cookies\/\" \/>\n<meta property=\"og:site_name\" content=\"Kortho - Deutschland\" \/>\n<meta property=\"article:modified_time\" content=\"2018-05-18T07:24:13+00:00\" \/>\n<meta name=\"twitter:card\" content=\"summary_large_image\" \/>\n<meta name=\"twitter:label1\" content=\"Est. reading time\" \/>\n\t<meta name=\"twitter:data1\" content=\"7 minutes\" \/>\n<script type=\"application\/ld+json\" class=\"yoast-schema-graph\">{\"@context\":\"https:\/\/schema.org\",\"@graph\":[{\"@type\":\"WebPage\",\"@id\":\"https:\/\/kortho.com\/de\/cookies\/\",\"url\":\"https:\/\/kortho.com\/de\/cookies\/\",\"name\":\"Cookies - Kortho - Deutschland\",\"isPartOf\":{\"@id\":\"https:\/\/kortho.com\/de\/#website\"},\"datePublished\":\"2018-05-16T09:05:12+00:00\",\"dateModified\":\"2018-05-18T07:24:13+00:00\",\"breadcrumb\":{\"@id\":\"https:\/\/kortho.com\/de\/cookies\/#breadcrumb\"},\"inLanguage\":\"en-US\",\"potentialAction\":[{\"@type\":\"ReadAction\",\"target\":[\"https:\/\/kortho.com\/de\/cookies\/\"]}]},{\"@type\":\"BreadcrumbList\",\"@id\":\"https:\/\/kortho.com\/de\/cookies\/#breadcrumb\",\"itemListElement\":[{\"@type\":\"ListItem\",\"position\":1,\"name\":\"Home\",\"item\":\"https:\/\/kortho.com\/de\/\"},{\"@type\":\"ListItem\",\"position\":2,\"name\":\"Cookies\"}]},{\"@type\":\"WebSite\",\"@id\":\"https:\/\/kortho.com\/de\/#website\",\"url\":\"https:\/\/kortho.com\/de\/\",\"name\":\"Kortho - Deutschland\",\"description\":\"Coding Competence\",\"potentialAction\":[{\"@type\":\"SearchAction\",\"target\":{\"@type\":\"EntryPoint\",\"urlTemplate\":\"https:\/\/kortho.com\/de\/?s={search_term_string}\"},\"query-input\":{\"@type\":\"PropertyValueSpecification\",\"valueRequired\":true,\"valueName\":\"search_term_string\"}}],\"inLanguage\":\"en-US\"}]}<\/script>\n<!-- \/ Yoast SEO plugin. -->","yoast_head_json":{"title":"Cookies - Kortho - Deutschland","robots":{"index":"index","follow":"follow","max-snippet":"max-snippet:-1","max-image-preview":"max-image-preview:large","max-video-preview":"max-video-preview:-1"},"canonical":"https:\/\/kortho.com\/de\/cookies\/","og_locale":"en_US","og_type":"article","og_title":"Cookies - Kortho - Deutschland","og_description":"Verwendung von Cookies Kortho-Cookies Kortho verwendet Cookies und aktive Komponenten (z.B. JavaScript), um Pr\u00e4ferenzen der Besucher verfolgen und die Webseiten&hellip;","og_url":"https:\/\/kortho.com\/de\/cookies\/","og_site_name":"Kortho - Deutschland","article_modified_time":"2018-05-18T07:24:13+00:00","twitter_card":"summary_large_image","twitter_misc":{"Est. reading time":"7 minutes"},"schema":{"@context":"https:\/\/schema.org","@graph":[{"@type":"WebPage","@id":"https:\/\/kortho.com\/de\/cookies\/","url":"https:\/\/kortho.com\/de\/cookies\/","name":"Cookies - Kortho - Deutschland","isPartOf":{"@id":"https:\/\/kortho.com\/de\/#website"},"datePublished":"2018-05-16T09:05:12+00:00","dateModified":"2018-05-18T07:24:13+00:00","breadcrumb":{"@id":"https:\/\/kortho.com\/de\/cookies\/#breadcrumb"},"inLanguage":"en-US","potentialAction":[{"@type":"ReadAction","target":["https:\/\/kortho.com\/de\/cookies\/"]}]},{"@type":"BreadcrumbList","@id":"https:\/\/kortho.com\/de\/cookies\/#breadcrumb","itemListElement":[{"@type":"ListItem","position":1,"name":"Home","item":"https:\/\/kortho.com\/de\/"},{"@type":"ListItem","position":2,"name":"Cookies"}]},{"@type":"WebSite","@id":"https:\/\/kortho.com\/de\/#website","url":"https:\/\/kortho.com\/de\/","name":"Kortho - Deutschland","description":"Coding Competence","potentialAction":[{"@type":"SearchAction","target":{"@type":"EntryPoint","urlTemplate":"https:\/\/kortho.com\/de\/?s={search_term_string}"},"query-input":{"@type":"PropertyValueSpecification","valueRequired":true,"valueName":"search_term_string"}}],"inLanguage":"en-US"}]}},"aioseo_notices":[],"_links":{"self":[{"href":"https:\/\/kortho.com\/de\/wp-json\/wp\/v2\/pages\/4934"}],"collection":[{"href":"https:\/\/kortho.com\/de\/wp-json\/wp\/v2\/pages"}],"about":[{"href":"https:\/\/kortho.com\/de\/wp-json\/wp\/v2\/types\/page"}],"author":[{"embeddable":true,"href":"https:\/\/kortho.com\/de\/wp-json\/wp\/v2\/users\/1"}],"replies":[{"embeddable":true,"href":"https:\/\/kortho.com\/de\/wp-json\/wp\/v2\/comments?post=4934"}],"version-history":[{"count":2,"href":"https:\/\/kortho.com\/de\/wp-json\/wp\/v2\/pages\/4934\/revisions"}],"predecessor-version":[{"id":4943,"href":"https:\/\/kortho.com\/de\/wp-json\/wp\/v2\/pages\/4934\/revisions\/4943"}],"wp:attachment":[{"href":"https:\/\/kortho.com\/de\/wp-json\/wp\/v2\/media?parent=4934"}],"curies":[{"name":"wp","href":"https:\/\/api.w.org\/{rel}","templated":true}]}}