{"id":4936,"date":"2018-05-16T09:05:26","date_gmt":"2018-05-16T09:05:26","guid":{"rendered":"https:\/\/kortho.com\/de\/?page_id=4936"},"modified":"2018-05-16T09:05:26","modified_gmt":"2018-05-16T09:05:26","slug":"datenschutz","status":"publish","type":"page","link":"https:\/\/kortho.com\/de\/datenschutz\/","title":{"rendered":"Datenschutz"},"content":{"rendered":"<p><strong>Kortho respektiert Ihre Privatsph\u00e4re <\/strong><\/p>\n<p>Der Schutz Ihrer Privatsph\u00e4re bei der Verarbeitung personenbezogener Daten sowie die Sicherheit aller Gesch\u00e4ftsdaten ist uns ein wichtiges Anliegen, das wir in unseren Gesch\u00e4ftsprozessen ber\u00fccksichtigen. Wir verarbeiten personenbezogene Daten, die bei Ihrem Besuch unserer Webseiten erhoben werden, vertraulich und nur gem\u00e4\u00df den gesetzlichen Bestimmungen. Datenschutz und Informationssicherheit sind Bestandteil unserer Unternehmenspolitik.<\/p>\n<p><strong>Erhebung und Verarbeitung personenbezogener Daten <\/strong><\/p>\n<p>Personenbezogene Daten werden nur dann gespeichert, wenn Sie uns diese von sich aus zu dem jeweiligen Zweck z.B. im Rahmen einer Registrierung, einer Umfrage, eines Preisausschreibens oder zur Durchf\u00fchrung eines Vertrages f\u00fcr den Sie sie freigegeben haben, angeben.<\/p>\n<p>Dar\u00fcber hinaus werden folgende Informationen bei einem Besuch unserer Internetseiten erfasst: IP-Adresse, Webseite von der aus der Besuch erfolgt (referrer), besuchte Seiten (pages), heruntergeladene Dateien (downloads), Ansicht von Videos\/Audio, Klick auf einzelne Links, Suchworte oder Suchphrasen (site search), Dauer des Besuchs, genutzter Browser u.\u00e4. Falls der Besuch \u00fcber Online-Werbung mittels bspw. Banner, Video-Ads, Suchmaschinen Werbung, usw. erfolgt, erfassen wir zus\u00e4tzlich, welches Banner, Adword usw. zum Besuch der Kortho-Internetseiten motiviert hat.<\/p>\n<p>Mit diesen Erkenntnissen k\u00f6nnen wir unsere Internetseiten weiter optimieren und noch besser auf die Bed\u00fcrfnisse unserer Besucher anpassen.<\/p>\n<p><strong>Newsletter <\/strong><\/p>\n<p>Auf unserer Website k\u00f6nnen gegebenenfalls Newsletter abonniert werden. Die bei der Newsletter-Anmeldung angegebenen Daten werden, sofern Sie nicht einer weitergehenden Nutzung zustimmen, nur f\u00fcr den Versand des Newsletters verwendet. Sie k\u00f6nnen das Abonnement jederzeit \u00fcber die im Newsletter vorgesehene Abmeldem\u00f6glichkeit beenden.<\/p>\n<p><strong>Verwendung von Cookies <\/strong><\/p>\n<p>Informationen zu den Cookies, die f\u00fcr diese Website benutzt werden, finden Sie unter \u201eCookies \u201c.<\/p>\n<p><strong>Verwendung des Webanalyse-Tools Webtrends <\/strong><\/p>\n<p>F\u00fcr die Internetseiten f\u00fchrt Kortho Zugriffsmessungen mit dem Webanalyse-Tool Webtrends durch.<\/p>\n<p>Die Zugriffsdaten werden anonymisiert erfasst, sodass keine Verbindung zu einem Nutzer hergestellt werden kann. Insbesondere geschieht dies durch die Anonymisierung der IP-Adresse.<\/p>\n<p>Zur Messung werden Cookies eingesetzt um die Analyse der Benutzung der Website zu erm\u00f6glichen. Insbesondere kann Kortho damit die Datenqualit\u00e4t verbessern. Die erzeugten Informationen \u00fcber die Benutzung der Internetseiten werden anonymisiert an den Statistik-Server (statse.webtrendslive.com) \u00fcbertragen, der von Webtrends Inc, 555 SW Oak Street, Suite 300, Portland, OR 97204, USA (\u201eWebtrends\u201c) in den Vereinigten Staaten von Amerika betrieben wird.<\/p>\n<p>Zugriff auf diese anonymisierten Daten erhalten ausschlie\u00dflich berechtigte Personen.<\/p>\n<p><strong>Verwendung von Social Plugins im Rahmen von Social Media <\/strong><\/p>\n<p>Facebook<\/p>\n<p>Kortho-Internetseiten verwenden Social Plugins (\u201ePlugins\u201c) des sozialen Netzwerkes Facebook.com, welches von der Facebook Inc., Palo Alto, USA betrieben wird (\u201eFacebook\u201c). Die Plugins sind mit einem Facebook-Logo oder dem Zusatz \u201eFacebook\u201c oder \u201eLike\u201c oder \u201eShare\u201c gekennzeichnet.<\/p>\n<p>Wenn Sie eine Seite unseres Internetauftritts aufrufen, die solche Plugins enth\u00e4lt, dann sind diese zun\u00e4chst deaktiviert. Erst wenn Sie den bereitgestellten Button klicken, werden die Plugins aktiviert. Mit dieser Aktivierung stellen Sie die Verbindung zu Facebook her und erkl\u00e4ren Ihre Einwilligung zur \u00dcbermittlung von Daten an Facebook. Sind Sie bei Facebook eingeloggt, kann Facebook den Besuch Ihrem dortigen Konto zuordnen. Wenn Sie den jeweiligen Button bet\u00e4tigen, wird die entsprechende Information von Ihrem Browser direkt an Facebook \u00fcbermittelt und dort gespeichert.<\/p>\n<p>Zweck und Umfang der Datenerhebung, der weiteren Verarbeitung und Nutzung der Daten durch Facebook sowie Ihre diesbez\u00fcglichen Rechte und Einstellungsm\u00f6glichkeiten zum Schutz Ihrer Privatsph\u00e4re entnehmen Sie bitte den Datenschutzhinweisen von Facebook.<\/p>\n<p>Wenn Sie es nicht m\u00f6chten, dass Facebook \u00fcber unseren Internetauftritt Daten \u00fcber Sie sammelt, m\u00fcssen Sie sich vor Ihrem Besuch unseres Internetauftritts bei Facebook ausloggen.<\/p>\n<p><strong>Google+<\/strong><\/p>\n<p>Kortho-Internetseiten verwenden Social Plugins (\u201ePlugins\u201c) des sozialen Netzwerkes plus.Google.com, welches von Google Inc., 1600 Amphitheatre Parkway, Mountain View, CA 94043, United States (\u201eGoogle\u201c) betrieben wird. Die Plugins sind mit dem Google+Logo oder dem Zusatz \u201eGoogle+\u201c oder \u201eGoogle plus\u201d, oder \u201e+1\u201c gekennzeichnet.<\/p>\n<p>Wenn Sie eine Seite unseres Internetauftritts aufrufen, die solche Plugins enth\u00e4lt, dann sind diese zun\u00e4chst deaktiviert. Erst wenn Sie den bereitgestellten Button klicken, werden die Plugins aktiviert. Mit dieser Aktivierung stellen Sie die Verbindung zu Google+ her und erkl\u00e4ren Ihre Einwilligung zur \u00dcbermittlung von Daten an Google. Sind Sie bei Google+ eingeloggt, kann Google den Besuch Ihrem dortigen Konto zuordnen. Wenn Sie den jeweiligen Button bet\u00e4tigen, wird die entsprechende Information von Ihrem Browser direkt an Google \u00fcbermittelt und dort gespeichert.<\/p>\n<p>Zweck und Umfang der Datenerhebung, der weiteren Verarbeitung und Nutzung der Daten durch Google sowie Ihre diesbez\u00fcglichen Rechte und Einstellungsm\u00f6glichkeiten zum Schutz Ihrer Privatsph\u00e4re entnehmen Sie bitte den Datenschutzhinweisen von Google.<\/p>\n<p>Wenn Sie es nicht m\u00f6chten, dass Google \u00fcber unseren Internetauftritt Daten \u00fcber Sie sammelt, m\u00fcssen Sie sich vor Ihrem Besuch unseres Internetauftritts bei Google+ ausloggen.<\/p>\n<p><strong>YouTube<\/strong><\/p>\n<p>Kortho-Internetseiten verwenden die Videoplattform YouTube, welche von YouTube LLC, 901 Cherry Ave. San Bruno, CA 94066 in USA betrieben wird. YouTube ist eine Plattform, durch die die Wiedergabe von Audio- und Videodateien erm\u00f6glicht wird.<\/p>\n<p>Wenn Sie eine Seite unseres Internetauftritts aufrufen, stellt der dort eingebundene Player von YouTube eine Verbindung zu YouTube her, um die technische \u00dcbertragung des Videos bzw. der Audiodatei sicherzustellen. Bei der Herstellung der Verbindung zu YouTube werden Daten an YouTube \u00fcbertragen.<\/p>\n<p>Zweck und Umfang der Datenerhebung, der weiteren Verarbeitung und Nutzung der Daten durch YouTube sowie Ihre diesbez\u00fcglichen Rechte und Einstellungsm\u00f6glichkeiten zum Schutz Ihrer Privatsph\u00e4re entnehmen Sie bitte den Datenschutzhinweisen von YouTube.<\/p>\n<p><strong>Twitter<\/strong><\/p>\n<p>Kortho-Internetseiten verwenden Social Plugins (\u201ePlugins\u201c) des sozialen Netzwerkes Twitter, welches von Twitter Inc., 1355 Market Street, Suite 900, San Francisco, CA 94103, USA betrieben wird (\u201eTwitter\u201c). Die Plugins sind mit einem Twitter-Logo oder dem Zusatz \u201eTweet\u201c gekennzeichnet.<\/p>\n<p>Wenn Sie eine Seite unseres Internetauftritts aufrufen, die solche Plugins enth\u00e4lt, dann sind diese zun\u00e4chst deaktiviert. Erst wenn Sie den bereitgestellten Button klicken, werden die Plugins aktiviert. Mit dieser Aktivierung stellen Sie die Verbindung zu Twitter her und erkl\u00e4ren Ihre Einwilligung zur \u00dcbermittlung von Daten an Twitter. Sind Sie bei Twitter eingeloggt, kann Twitter den Besuch Ihrem dortigen Konto zuordnen. Wenn Sie den jeweiligen Button bet\u00e4tigen, wird die entsprechende Information von Ihrem Browser direkt an Twitter \u00fcbermittelt und dort gespeichert.<\/p>\n<p>Zweck und Umfang der Datenerhebung, der weiteren Verarbeitung und Nutzung der Daten durch Twitter sowie Ihre diesbez\u00fcglichen Rechte und Einstellungsm\u00f6glichkeiten zum Schutz Ihrer Privatsph\u00e4re entnehmen Sie bitte den Datenschutzhinweisen von Twitter.<\/p>\n<p><strong>Verwendung von externen Links <\/strong><\/p>\n<p>Kortho-Internetseiten k\u00f6nnen Links zu Internetseiten Dritter \u2212 mit uns nicht verbundener Anbieter \u2212 enthalten. Nach Anklicken des Links haben wir keinen Einfluss mehr auf die Erhebung, Speicherung, Verarbeitung etwaiger mit dem Anklicken des Links an den Dritten \u00fcbertragener, personenbezogener Daten (wie zum Beispiel die IP-Adresse oder die URL der Seite, auf der sich der Link befindet), da das Verhalten Dritter naturgem\u00e4\u00df unserer Kontrolle entzogen ist. F\u00fcr die Verarbeitung derartiger personenbezogener Daten durch Dritte \u00fcbernimmt Kortho keine Verantwortung.<\/p>\n<p><strong>Verwendung personenbezogener Daten und Zweckbindung <\/strong><\/p>\n<p>Kortho oder ein von Kortho beauftragtes Dienstleistungsunternehmen nutzt Ihre personenbezogenen Daten zu Zwecken der technischen Administration der Webseiten, zur Kundenverwaltung, f\u00fcr Produktumfragen und f\u00fcr Ihre Anfragen bei Kortho nur im jeweils daf\u00fcr erforderlichen Umfang oder gem\u00e4\u00df den Angaben der Verarbeitungszwecke an den entsprechenden Stellen unserer Webseiten. Unsere Mitarbeiter und die von Kortho beauftragten Dienstleistungsunternehmen sind zur Verschwiegenheit und zur Einhaltung der Bestimmungen des Niederl\u00e4ndischen Datenschutzgesetzes verpflichtet.<\/p>\n<p>Des Weiteren werden alle erforderlichen technischen und organisatorischen Ma\u00dfnahmen zur Einhaltung des Datenschutzes sichergestellt.<\/p>\n<p><strong>Sicherheit <\/strong><\/p>\n<p>Kortho trifft Sicherheitsvorkehrungen, um Ihre durch uns verwalteten Daten gegen Manipulation, Verlust, Zerst\u00f6rung oder gegen Zugriff unberechtigter Personen oder unberechtigte Offenlegung zu sch\u00fctzen. Unsere Sicherheitsma\u00dfnahmen werden entsprechend der technologischen Entwicklung st\u00e4ndig verbessert.<\/p>\n<p><strong>Werbung <\/strong><\/p>\n<p>Wenn Sie uns personenbezogene Daten geben, dann nutzen wir diese um Sie \u00fcber unsere Produkte und Dienstleistungen informieren zu k\u00f6nnen und Sie gegebenenfalls hier\u00fcber zu befragen, sofern Sie uns hierzu ausdr\u00fccklich Ihre Einwilligung zur Nutzung Ihrer personenbezogenen Daten f\u00fcr Werbezwecke gegeben haben. Wenn Sie zwar Ihre Einwilligung f\u00fcr eine solche Nutzung gegeben haben, aber in Zukunft keine Werbung von Kortho erhalten m\u00f6chten, dann k\u00f6nnen Sie Ihre Einwilligung jederzeit f\u00fcr die Zukunft widerrufen. Ihre Daten werden dann entsprechend gel\u00f6scht oder, sofern sie f\u00fcr Abrechnungs- und Buchhaltungszwecke noch erforderlich sind, gesperrt.<\/p>\n<p><strong>Widerspruch <\/strong><\/p>\n<p>Weiterhin k\u00f6nnen Sie jederzeit Ihre Einwilligung zur Erhebung, Verarbeitung und Nutzung Ihrer personenbezogenen Daten f\u00fcr die Zukunft widerrufen.<\/p>\n<p>Die L\u00f6schung der personenbezogenen Daten erfolgt, wenn Sie die Einwilligung zur Speicherung widerrufen, wenn die Kenntnis der personenbezogenen Daten zur Erf\u00fcllung des mit der Speicherung verfolgten Zwecks nicht mehr erforderlich ist oder wenn die Speicherung aus sonstigen gesetzlichen Gr\u00fcnden unzul\u00e4ssig ist.<\/p>\n<p>Daten, die f\u00fcr Abrechnungs- und Buchhaltungszwecke erforderlich sind oder der gesetzlichen Aufbewahrungspflicht unterliegen, sind davon nicht ber\u00fchrt.<\/p>\n<p><strong>Kontakt <\/strong><\/p>\n<p>F\u00fcr Auskunft, Anregungen und Beschwerden hinsichtlich der Verarbeitung Ihrer personenbezogenen Daten, k\u00f6nnen Sie sich an unseren Konzernbeauftragten f\u00fcr den Datenschutz wenden.<\/p>\n<p>Sollten trotz unserer Bem\u00fchungen um Datenrichtigkeit und Aktualit\u00e4t falsche Informationen gespeichert sein, werden wir diese auf Ihre Aufforderung hin berichtigen.<\/p>\n<p>&nbsp;<\/p>\n","protected":false},"excerpt":{"rendered":"<p>Kortho respektiert Ihre Privatsph\u00e4re Der Schutz Ihrer Privatsph\u00e4re bei der Verarbeitung personenbezogener Daten sowie die Sicherheit aller Gesch\u00e4ftsdaten ist uns&hellip;<\/p>\n","protected":false},"author":1,"featured_media":0,"parent":0,"menu_order":0,"comment_status":"closed","ping_status":"closed","template":"","meta":{"_monsterinsights_skip_tracking":false,"_monsterinsights_sitenote_active":false,"_monsterinsights_sitenote_note":"","_monsterinsights_sitenote_category":0,"footnotes":""},"class_list":["post-4936","page","type-page","status-publish","format-standard","hentry"],"yoast_head":"<!-- This site is optimized with the Yoast SEO plugin v23.6 - https:\/\/yoast.com\/wordpress\/plugins\/seo\/ -->\n<title>Datenschutz - Kortho - Deutschland<\/title>\n<meta name=\"robots\" content=\"index, follow, max-snippet:-1, max-image-preview:large, max-video-preview:-1\" \/>\n<link rel=\"canonical\" href=\"https:\/\/kortho.com\/de\/datenschutz\/\" \/>\n<meta property=\"og:locale\" content=\"en_US\" \/>\n<meta property=\"og:type\" content=\"article\" \/>\n<meta property=\"og:title\" content=\"Datenschutz - Kortho - Deutschland\" \/>\n<meta property=\"og:description\" content=\"Kortho respektiert Ihre Privatsph\u00e4re Der Schutz Ihrer Privatsph\u00e4re bei der Verarbeitung personenbezogener Daten sowie die Sicherheit aller Gesch\u00e4ftsdaten ist uns&hellip;\" \/>\n<meta property=\"og:url\" content=\"https:\/\/kortho.com\/de\/datenschutz\/\" \/>\n<meta property=\"og:site_name\" content=\"Kortho - Deutschland\" \/>\n<meta name=\"twitter:card\" content=\"summary_large_image\" \/>\n<meta name=\"twitter:label1\" content=\"Est. reading time\" \/>\n\t<meta name=\"twitter:data1\" content=\"7 minutes\" \/>\n<script type=\"application\/ld+json\" class=\"yoast-schema-graph\">{\"@context\":\"https:\/\/schema.org\",\"@graph\":[{\"@type\":\"WebPage\",\"@id\":\"https:\/\/kortho.com\/de\/datenschutz\/\",\"url\":\"https:\/\/kortho.com\/de\/datenschutz\/\",\"name\":\"Datenschutz - Kortho - Deutschland\",\"isPartOf\":{\"@id\":\"https:\/\/kortho.com\/de\/#website\"},\"datePublished\":\"2018-05-16T09:05:26+00:00\",\"dateModified\":\"2018-05-16T09:05:26+00:00\",\"breadcrumb\":{\"@id\":\"https:\/\/kortho.com\/de\/datenschutz\/#breadcrumb\"},\"inLanguage\":\"en-US\",\"potentialAction\":[{\"@type\":\"ReadAction\",\"target\":[\"https:\/\/kortho.com\/de\/datenschutz\/\"]}]},{\"@type\":\"BreadcrumbList\",\"@id\":\"https:\/\/kortho.com\/de\/datenschutz\/#breadcrumb\",\"itemListElement\":[{\"@type\":\"ListItem\",\"position\":1,\"name\":\"Home\",\"item\":\"https:\/\/kortho.com\/de\/\"},{\"@type\":\"ListItem\",\"position\":2,\"name\":\"Datenschutz\"}]},{\"@type\":\"WebSite\",\"@id\":\"https:\/\/kortho.com\/de\/#website\",\"url\":\"https:\/\/kortho.com\/de\/\",\"name\":\"Kortho - Deutschland\",\"description\":\"Coding Competence\",\"potentialAction\":[{\"@type\":\"SearchAction\",\"target\":{\"@type\":\"EntryPoint\",\"urlTemplate\":\"https:\/\/kortho.com\/de\/?s={search_term_string}\"},\"query-input\":{\"@type\":\"PropertyValueSpecification\",\"valueRequired\":true,\"valueName\":\"search_term_string\"}}],\"inLanguage\":\"en-US\"}]}<\/script>\n<!-- \/ Yoast SEO plugin. -->","yoast_head_json":{"title":"Datenschutz - Kortho - Deutschland","robots":{"index":"index","follow":"follow","max-snippet":"max-snippet:-1","max-image-preview":"max-image-preview:large","max-video-preview":"max-video-preview:-1"},"canonical":"https:\/\/kortho.com\/de\/datenschutz\/","og_locale":"en_US","og_type":"article","og_title":"Datenschutz - Kortho - Deutschland","og_description":"Kortho respektiert Ihre Privatsph\u00e4re Der Schutz Ihrer Privatsph\u00e4re bei der Verarbeitung personenbezogener Daten sowie die Sicherheit aller Gesch\u00e4ftsdaten ist uns&hellip;","og_url":"https:\/\/kortho.com\/de\/datenschutz\/","og_site_name":"Kortho - Deutschland","twitter_card":"summary_large_image","twitter_misc":{"Est. reading time":"7 minutes"},"schema":{"@context":"https:\/\/schema.org","@graph":[{"@type":"WebPage","@id":"https:\/\/kortho.com\/de\/datenschutz\/","url":"https:\/\/kortho.com\/de\/datenschutz\/","name":"Datenschutz - Kortho - Deutschland","isPartOf":{"@id":"https:\/\/kortho.com\/de\/#website"},"datePublished":"2018-05-16T09:05:26+00:00","dateModified":"2018-05-16T09:05:26+00:00","breadcrumb":{"@id":"https:\/\/kortho.com\/de\/datenschutz\/#breadcrumb"},"inLanguage":"en-US","potentialAction":[{"@type":"ReadAction","target":["https:\/\/kortho.com\/de\/datenschutz\/"]}]},{"@type":"BreadcrumbList","@id":"https:\/\/kortho.com\/de\/datenschutz\/#breadcrumb","itemListElement":[{"@type":"ListItem","position":1,"name":"Home","item":"https:\/\/kortho.com\/de\/"},{"@type":"ListItem","position":2,"name":"Datenschutz"}]},{"@type":"WebSite","@id":"https:\/\/kortho.com\/de\/#website","url":"https:\/\/kortho.com\/de\/","name":"Kortho - Deutschland","description":"Coding Competence","potentialAction":[{"@type":"SearchAction","target":{"@type":"EntryPoint","urlTemplate":"https:\/\/kortho.com\/de\/?s={search_term_string}"},"query-input":{"@type":"PropertyValueSpecification","valueRequired":true,"valueName":"search_term_string"}}],"inLanguage":"en-US"}]}},"aioseo_notices":[],"_links":{"self":[{"href":"https:\/\/kortho.com\/de\/wp-json\/wp\/v2\/pages\/4936"}],"collection":[{"href":"https:\/\/kortho.com\/de\/wp-json\/wp\/v2\/pages"}],"about":[{"href":"https:\/\/kortho.com\/de\/wp-json\/wp\/v2\/types\/page"}],"author":[{"embeddable":true,"href":"https:\/\/kortho.com\/de\/wp-json\/wp\/v2\/users\/1"}],"replies":[{"embeddable":true,"href":"https:\/\/kortho.com\/de\/wp-json\/wp\/v2\/comments?post=4936"}],"version-history":[{"count":1,"href":"https:\/\/kortho.com\/de\/wp-json\/wp\/v2\/pages\/4936\/revisions"}],"predecessor-version":[{"id":4937,"href":"https:\/\/kortho.com\/de\/wp-json\/wp\/v2\/pages\/4936\/revisions\/4937"}],"wp:attachment":[{"href":"https:\/\/kortho.com\/de\/wp-json\/wp\/v2\/media?parent=4936"}],"curies":[{"name":"wp","href":"https:\/\/api.w.org\/{rel}","templated":true}]}}