{"id":5,"date":"2014-11-08T07:24:41","date_gmt":"2014-11-08T07:24:41","guid":{"rendered":"http:\/\/jaspervandermeij.nl\/kortho\/?page_id=5"},"modified":"2018-06-22T09:27:29","modified_gmt":"2018-06-22T09:27:29","slug":"uber-kortho","status":"publish","type":"page","link":"https:\/\/kortho.com\/de\/uber-kortho\/","title":{"rendered":"\u00dcber Kortho"},"content":{"rendered":"<h2>Kortho, \u201eMade in Holland\u201d seit 1958<\/h2>\n<p>Seit 1958 entwickelt und produziert Kortho Signier- und Kennzeichnungssysteme in den Niederlanden. Aufgrund unserer langen Geschichte waren wir in der Lage, die Entwicklung der Kennzeichnung von Anfang an mitzuerleben. Selbstverst\u00e4ndlich haben sich unsere Ger\u00e4te in dieser Zeit ebenfalls weiterentwickelt. Von der autonomen mechanischen Stanzmaschine der fr\u00fchen Tage, bis hin zu den netzwerkverbundenen Thermo- und Inkjet-Druckern von heute: immer mit Qualit\u00e4t, Innovation und exzellentem Service als unsere h\u00f6chste Priorit\u00e4t. Heute sind wir in mehr als 50 L\u00e4ndern vertreten und haben &#8211; neben dem Hauptsitz in den Niederlanden &#8211; Tochterunternehmen in Deutschland, Frankreich, den Niederl\u00e4ndischen Antillen und Chile.<\/p>\n<h2>Kortho\u00a0Unternehmensvideo<\/h2>\n<p><!-- This version of the embed code is no longer supported. Learn more: https:\/\/vimeo.com\/s\/tnm --> <object width=\"720\" height=\"405\"><param name=\"allowfullscreen\" value=\"true\" \/><param name=\"allowscriptaccess\" value=\"always\" \/><param name=\"movie\" value=\"https:\/\/vimeo.com\/moogaloop.swf?clip_id=140648169&amp;color=ffffff&amp;show_title=0&amp;show_byline=0&amp;show_portrait=0&amp;force_embed=vimeo.com&amp;fullscreen=1\" \/><embed src=\"https:\/\/vimeo.com\/moogaloop.swf?clip_id=140648169&amp;color=ffffff&amp;show_title=0&amp;show_byline=0&amp;show_portrait=0&amp;force_embed=vimeo.com&amp;fullscreen=1\" type=\"application\/x-shockwave-flash\" allowfullscreen=\"allowfullscreen\" allowscriptaccess=\"always\" width=\"720\" height=\"405\" \/><\/object><\/p>\n<h2>Ma\u00dfgeschneiderte L\u00f6sungen, ab Lager lieferbar<\/h2>\n<p>Das Drucken wurde in der Vergangenheit meistens isoliert betrachtet &#8211; nun ist es ein Aspekt einer Komplettl\u00f6sung f\u00fcr eine bestimmte Anwendung. Software, eine nahtlose Integration und spezifische Probleml\u00f6sungsf\u00e4higkeiten sind heute ebenso wichtig. Aus diesem Grund, und aufgrund unserer Position als Hersteller mit mehr als einem halben Jahrhundert Erfahrung, sind wir nicht nur in der Lage, sondern gehen sogar \u00fcber das einfache Bereitstellen von Equipment hinaus. Durch unsere modulare Arbeitsweise k\u00f6nnen wir sowohl Hard- als auch Software so konfigurieren, dass sie jedem Kennzeichnungsbedarf gerecht werden. Aus diesem Grund m\u00fcssen unsere Kunden nicht mehr auf mehrere Anbieter zur\u00fcckgreifen, denn wir sind in der Lage, ma\u00dfgeschneiderte L\u00f6sungen mit der Geschwindigkeit, dem Preis und der Zuverl\u00e4ssigkeit eines Standardprodukts ab Lager zu liefern.<\/p>\n<p>Besuchen Sie auch unseren <strong><span style=\"text-decoration: underline;\"><span style=\"color: #0000ff;\"><a style=\"color: #0000ff; text-decoration: underline;\" href=\"https:\/\/vimeo.com\/channels\/997354\" target=\"_blank\" rel=\"noopener\">Videokanal auf Vimeo<\/a><\/span><\/span><\/strong><\/p>\n<p><span style=\"color: #ffffff;\">.<\/span><\/p>\n<h2>Meilensteine<\/h2>\n<p><img loading=\"lazy\" decoding=\"async\" class=\"alignleft wp-image-4952 size-full\" src=\"https:\/\/kortho.com\/de\/wp-content\/uploads\/sites\/5\/2018\/06\/Tijdlijn-productem-tot-en-met-2019w.png\" alt=\"\" width=\"1202\" height=\"225\" srcset=\"https:\/\/kortho.com\/de\/wp-content\/uploads\/sites\/5\/2018\/06\/Tijdlijn-productem-tot-en-met-2019w.png 1202w, https:\/\/kortho.com\/de\/wp-content\/uploads\/sites\/5\/2018\/06\/Tijdlijn-productem-tot-en-met-2019w-300x56.png 300w, https:\/\/kortho.com\/de\/wp-content\/uploads\/sites\/5\/2018\/06\/Tijdlijn-productem-tot-en-met-2019w-768x144.png 768w, https:\/\/kortho.com\/de\/wp-content\/uploads\/sites\/5\/2018\/06\/Tijdlijn-productem-tot-en-met-2019w-1024x192.png 1024w\" sizes=\"(max-width: 1202px) 100vw, 1202px\" \/><\/p>\n","protected":false},"excerpt":{"rendered":"<p>Kortho, \u201eMade in Holland\u201d seit 1958 Seit 1958 entwickelt und produziert Kortho Signier- und Kennzeichnungssysteme in den Niederlanden. Aufgrund unserer&hellip;<\/p>\n","protected":false},"author":1,"featured_media":0,"parent":0,"menu_order":10,"comment_status":"closed","ping_status":"closed","template":"","meta":{"_monsterinsights_skip_tracking":false,"_monsterinsights_sitenote_active":false,"_monsterinsights_sitenote_note":"","_monsterinsights_sitenote_category":0,"footnotes":""},"class_list":["post-5","page","type-page","status-publish","format-standard","hentry"],"yoast_head":"<!-- This site is optimized with the Yoast SEO plugin v23.6 - https:\/\/yoast.com\/wordpress\/plugins\/seo\/ -->\n<title>\u00dcber Kortho - Kortho - Deutschland<\/title>\n<meta name=\"robots\" content=\"index, follow, max-snippet:-1, max-image-preview:large, max-video-preview:-1\" \/>\n<link rel=\"canonical\" href=\"https:\/\/kortho.com\/de\/uber-kortho\/\" \/>\n<meta property=\"og:locale\" content=\"en_US\" \/>\n<meta property=\"og:type\" content=\"article\" \/>\n<meta property=\"og:title\" content=\"\u00dcber Kortho - Kortho - Deutschland\" \/>\n<meta property=\"og:description\" content=\"Kortho, \u201eMade in Holland\u201d seit 1958 Seit 1958 entwickelt und produziert Kortho Signier- und Kennzeichnungssysteme in den Niederlanden. Aufgrund unserer&hellip;\" \/>\n<meta property=\"og:url\" content=\"https:\/\/kortho.com\/de\/uber-kortho\/\" \/>\n<meta property=\"og:site_name\" content=\"Kortho - Deutschland\" \/>\n<meta property=\"article:modified_time\" content=\"2018-06-22T09:27:29+00:00\" \/>\n<meta property=\"og:image\" content=\"https:\/\/kortho.com\/de\/wp-content\/uploads\/sites\/5\/2018\/06\/Tijdlijn-productem-tot-en-met-2019w.png\" \/>\n<meta name=\"twitter:card\" content=\"summary_large_image\" \/>\n<meta name=\"twitter:label1\" content=\"Est. reading time\" \/>\n\t<meta name=\"twitter:data1\" content=\"1 minute\" \/>\n<script type=\"application\/ld+json\" class=\"yoast-schema-graph\">{\"@context\":\"https:\/\/schema.org\",\"@graph\":[{\"@type\":\"WebPage\",\"@id\":\"https:\/\/kortho.com\/de\/uber-kortho\/\",\"url\":\"https:\/\/kortho.com\/de\/uber-kortho\/\",\"name\":\"\u00dcber Kortho - Kortho - Deutschland\",\"isPartOf\":{\"@id\":\"https:\/\/kortho.com\/de\/#website\"},\"primaryImageOfPage\":{\"@id\":\"https:\/\/kortho.com\/de\/uber-kortho\/#primaryimage\"},\"image\":{\"@id\":\"https:\/\/kortho.com\/de\/uber-kortho\/#primaryimage\"},\"thumbnailUrl\":\"https:\/\/kortho.com\/de\/wp-content\/uploads\/sites\/5\/2018\/06\/Tijdlijn-productem-tot-en-met-2019w.png\",\"datePublished\":\"2014-11-08T07:24:41+00:00\",\"dateModified\":\"2018-06-22T09:27:29+00:00\",\"breadcrumb\":{\"@id\":\"https:\/\/kortho.com\/de\/uber-kortho\/#breadcrumb\"},\"inLanguage\":\"en-US\",\"potentialAction\":[{\"@type\":\"ReadAction\",\"target\":[\"https:\/\/kortho.com\/de\/uber-kortho\/\"]}]},{\"@type\":\"ImageObject\",\"inLanguage\":\"en-US\",\"@id\":\"https:\/\/kortho.com\/de\/uber-kortho\/#primaryimage\",\"url\":\"https:\/\/kortho.com\/de\/wp-content\/uploads\/sites\/5\/2018\/06\/Tijdlijn-productem-tot-en-met-2019w.png\",\"contentUrl\":\"https:\/\/kortho.com\/de\/wp-content\/uploads\/sites\/5\/2018\/06\/Tijdlijn-productem-tot-en-met-2019w.png\",\"width\":1202,\"height\":225},{\"@type\":\"BreadcrumbList\",\"@id\":\"https:\/\/kortho.com\/de\/uber-kortho\/#breadcrumb\",\"itemListElement\":[{\"@type\":\"ListItem\",\"position\":1,\"name\":\"Home\",\"item\":\"https:\/\/kortho.com\/de\/\"},{\"@type\":\"ListItem\",\"position\":2,\"name\":\"\u00dcber Kortho\"}]},{\"@type\":\"WebSite\",\"@id\":\"https:\/\/kortho.com\/de\/#website\",\"url\":\"https:\/\/kortho.com\/de\/\",\"name\":\"Kortho - Deutschland\",\"description\":\"Coding Competence\",\"potentialAction\":[{\"@type\":\"SearchAction\",\"target\":{\"@type\":\"EntryPoint\",\"urlTemplate\":\"https:\/\/kortho.com\/de\/?s={search_term_string}\"},\"query-input\":{\"@type\":\"PropertyValueSpecification\",\"valueRequired\":true,\"valueName\":\"search_term_string\"}}],\"inLanguage\":\"en-US\"}]}<\/script>\n<!-- \/ Yoast SEO plugin. -->","yoast_head_json":{"title":"\u00dcber Kortho - Kortho - Deutschland","robots":{"index":"index","follow":"follow","max-snippet":"max-snippet:-1","max-image-preview":"max-image-preview:large","max-video-preview":"max-video-preview:-1"},"canonical":"https:\/\/kortho.com\/de\/uber-kortho\/","og_locale":"en_US","og_type":"article","og_title":"\u00dcber Kortho - Kortho - Deutschland","og_description":"Kortho, \u201eMade in Holland\u201d seit 1958 Seit 1958 entwickelt und produziert Kortho Signier- und Kennzeichnungssysteme in den Niederlanden. Aufgrund unserer&hellip;","og_url":"https:\/\/kortho.com\/de\/uber-kortho\/","og_site_name":"Kortho - Deutschland","article_modified_time":"2018-06-22T09:27:29+00:00","og_image":[{"url":"https:\/\/kortho.com\/de\/wp-content\/uploads\/sites\/5\/2018\/06\/Tijdlijn-productem-tot-en-met-2019w.png"}],"twitter_card":"summary_large_image","twitter_misc":{"Est. reading time":"1 minute"},"schema":{"@context":"https:\/\/schema.org","@graph":[{"@type":"WebPage","@id":"https:\/\/kortho.com\/de\/uber-kortho\/","url":"https:\/\/kortho.com\/de\/uber-kortho\/","name":"\u00dcber Kortho - Kortho - Deutschland","isPartOf":{"@id":"https:\/\/kortho.com\/de\/#website"},"primaryImageOfPage":{"@id":"https:\/\/kortho.com\/de\/uber-kortho\/#primaryimage"},"image":{"@id":"https:\/\/kortho.com\/de\/uber-kortho\/#primaryimage"},"thumbnailUrl":"https:\/\/kortho.com\/de\/wp-content\/uploads\/sites\/5\/2018\/06\/Tijdlijn-productem-tot-en-met-2019w.png","datePublished":"2014-11-08T07:24:41+00:00","dateModified":"2018-06-22T09:27:29+00:00","breadcrumb":{"@id":"https:\/\/kortho.com\/de\/uber-kortho\/#breadcrumb"},"inLanguage":"en-US","potentialAction":[{"@type":"ReadAction","target":["https:\/\/kortho.com\/de\/uber-kortho\/"]}]},{"@type":"ImageObject","inLanguage":"en-US","@id":"https:\/\/kortho.com\/de\/uber-kortho\/#primaryimage","url":"https:\/\/kortho.com\/de\/wp-content\/uploads\/sites\/5\/2018\/06\/Tijdlijn-productem-tot-en-met-2019w.png","contentUrl":"https:\/\/kortho.com\/de\/wp-content\/uploads\/sites\/5\/2018\/06\/Tijdlijn-productem-tot-en-met-2019w.png","width":1202,"height":225},{"@type":"BreadcrumbList","@id":"https:\/\/kortho.com\/de\/uber-kortho\/#breadcrumb","itemListElement":[{"@type":"ListItem","position":1,"name":"Home","item":"https:\/\/kortho.com\/de\/"},{"@type":"ListItem","position":2,"name":"\u00dcber Kortho"}]},{"@type":"WebSite","@id":"https:\/\/kortho.com\/de\/#website","url":"https:\/\/kortho.com\/de\/","name":"Kortho - Deutschland","description":"Coding Competence","potentialAction":[{"@type":"SearchAction","target":{"@type":"EntryPoint","urlTemplate":"https:\/\/kortho.com\/de\/?s={search_term_string}"},"query-input":{"@type":"PropertyValueSpecification","valueRequired":true,"valueName":"search_term_string"}}],"inLanguage":"en-US"}]}},"aioseo_notices":[],"_links":{"self":[{"href":"https:\/\/kortho.com\/de\/wp-json\/wp\/v2\/pages\/5"}],"collection":[{"href":"https:\/\/kortho.com\/de\/wp-json\/wp\/v2\/pages"}],"about":[{"href":"https:\/\/kortho.com\/de\/wp-json\/wp\/v2\/types\/page"}],"author":[{"embeddable":true,"href":"https:\/\/kortho.com\/de\/wp-json\/wp\/v2\/users\/1"}],"replies":[{"embeddable":true,"href":"https:\/\/kortho.com\/de\/wp-json\/wp\/v2\/comments?post=5"}],"version-history":[{"count":93,"href":"https:\/\/kortho.com\/de\/wp-json\/wp\/v2\/pages\/5\/revisions"}],"predecessor-version":[{"id":4953,"href":"https:\/\/kortho.com\/de\/wp-json\/wp\/v2\/pages\/5\/revisions\/4953"}],"wp:attachment":[{"href":"https:\/\/kortho.com\/de\/wp-json\/wp\/v2\/media?parent=5"}],"curies":[{"name":"wp","href":"https:\/\/api.w.org\/{rel}","templated":true}]}}