{"id":1288,"date":"2015-06-19T11:23:50","date_gmt":"2015-06-19T11:23:50","guid":{"rendered":"http:\/\/kortho.com\/nl\/?page_id=1288"},"modified":"2015-11-04T09:50:31","modified_gmt":"2015-11-04T09:50:31","slug":"sjabloneren","status":"publish","type":"page","link":"https:\/\/kortho.com\/nl\/oplossingen\/codeertechnologieen\/sjabloneren\/","title":{"rendered":"Sjabloneren"},"content":{"rendered":"<h1><img loading=\"lazy\" decoding=\"async\" class=\"alignleft size-full wp-image-1443\" src=\"http:\/\/kortho.com\/wp-content\/uploads\/2015\/07\/Kortho-Sjabloneren-op-metalen-vat.jpg\" alt=\"Kortho-Sjabloneren-op-metalen-vat\" width=\"138\" height=\"138\" \/> <img loading=\"lazy\" decoding=\"async\" class=\"alignleft size-full wp-image-1531\" src=\"http:\/\/kortho.com\/wp-content\/uploads\/2015\/07\/Kortho-Sjabloneren-metalen-vat-K2.jpg\" alt=\"Kortho-Sjabloneren-metalen-vat-K2\" width=\"138\" height=\"138\" \/> <img loading=\"lazy\" decoding=\"async\" class=\"alignleft size-full wp-image-1437\" src=\"http:\/\/kortho.com\/wp-content\/uploads\/2015\/07\/Kortho-Sjabloneren-op-houten-transport-kist-K.jpg\" alt=\"Kortho-Sjabloneren-op-houten-transport-kist--K\" width=\"138\" height=\"138\" \/> <img loading=\"lazy\" decoding=\"async\" class=\"alignleft size-full wp-image-1444\" src=\"http:\/\/kortho.com\/wp-content\/uploads\/2015\/07\/Kortho-Sjabloneren-MYLAR-K.jpg\" alt=\"Kortho-Sjabloneren-MYLAR-K\" width=\"138\" height=\"138\" \/> <img loading=\"lazy\" decoding=\"async\" class=\"alignleft size-full wp-image-1438\" src=\"http:\/\/kortho.com\/wp-content\/uploads\/2015\/07\/Kortho-Sjabloneren-op-houten-transport-kist-3-K.jpg\" alt=\"Kortho-Sjabloneren-op-houten-transport-kist-3-K\" width=\"138\" height=\"138\" \/> <img loading=\"lazy\" decoding=\"async\" class=\"alignleft size-full wp-image-1442\" src=\"http:\/\/kortho.com\/wp-content\/uploads\/2015\/07\/Kortho-Sjabloneren-met-met-Oneshot-K.jpg\" alt=\"Kortho-Sjabloneren met-met-Oneshot-K\" width=\"138\" height=\"138\" \/><\/h1>\n<h1><\/h1>\n<h1><\/h1>\n<h1>Hoe werkt Sjabloneren?<\/h1>\n<p>Sjabloneren is samen met het gebruik van markers \u00e9\u00e9n van de oudste\u00a0merktechnieken. Bij sjabloneren wordt de gewenste vorm van de print\u00a0eerst uit een stuk oliekarton of mylar gesneden\/gestanst waardoor er een clich\u00e9 ontstaat. Vervolgens wordt de restvorm van het clich\u00e9 over het te printen oppervlak gelegd en be\u00efnkt. Hierna wordt de restvorm\u00a0verwijdert. De markering komt dan tot stand doordat de inkt in de vorm van het clich\u00e9 overblijft op het te printen oppervlak.<\/p>\n<h2>Snel en economisch hardmatig coderen op de werkvloer<\/h2>\n<p>De manier van be\u00efnkten en het materiaal van het sjabloon wordt bepaald\u00a0door de applicatie. Sjablonen kunnen hierbij bestaan uit oliekarton of Mylar. Indien een sjabloon slechts enkele keren gebruikt hoeft te worden voldoet oliekarton. Moet een sjabloon duurzamer zijn, dan is Mylar de beste optie. Beiden worden handmatig over het te printen oppervlak gelegd en be\u00efnkt. De manier van be\u00efnkten kan vervolgens met markers, rollers of met spuitbussen.<\/p>\n<h2>Toepassingen\u00a0van Sjabloneren<\/h2>\n<p>Sjabloneren wordt nog steeds veel ingezet in zware omgevingen waar op de werkvloer snel gemarkeerd moet worden.\u00a0Denk hierbij aan de offshore, <a title=\"Bouwsjablonen\" href=\"http:\/\/kortho.com\/nl\/oplossingen\/branche\/bouw-constructie\/\" target=\"_blank\"><span style=\"text-decoration: underline; color: #0000ff;\">bouw<\/span><\/a> en <span style=\"color: #0000ff;\"><a style=\"color: #0000ff;\" title=\"Logistiek\" href=\"http:\/\/kortho.com\/nl\/oplossingen\/branche\/logistiek\/\" target=\"_blank\"><span style=\"text-decoration: underline;\">logistiek<\/span><\/a><\/span>\u00a0waar kratten, containers en bouwmaterialen voorzien worden van een markering. Dit geldt ook voor\u00a0het markeren van kratten en pallets in de <a title=\"Tertiare verpakkingsfase\" href=\"http:\/\/kortho.com\/nl\/oplossingen\/verpakkingen-en-productiefase\/tertiar\/\" target=\"_blank\"><span style=\"text-decoration: underline; color: #0000ff;\">tertiaire fase<\/span><\/a> van een verpakkingsproces. Een ander argument om sjabloneren in te zetten i.p.v. <a title=\"Handcoder\" href=\"http:\/\/kortho.com\/nl\/product\/handcoder\/\" target=\"_blank\"><span style=\"text-decoration: underline; color: #0000ff;\">Handcoders<\/span><\/a> of <a title=\"Handjet printer\" href=\"http:\/\/kortho.com\/nl\/oplossingen\/codeertechnologieen\/dod-printers\/\" target=\"_blank\"><span style=\"text-decoration: underline; color: #0000ff;\">Handjets<\/span><\/a> zijn de lage kosten, en in het geval van de Handjet ook het niet hoeven gebruiken van elektronische componenten.<\/p>\n<h3><span style=\"text-decoration: underline; color: #0000ff;\"><a style=\"color: #0000ff; text-decoration: underline;\" title=\"Sjabloneren\" href=\"http:\/\/kortho.com\/nl\/productgroepen\/sjabloneren\/\">Klik hier voor meer info over Kortho&#8217;s Sjabloneer artikelen<\/a><\/span><\/h3>\n","protected":false},"excerpt":{"rendered":"<p>Hoe werkt Sjabloneren? Sjabloneren is samen met het gebruik van markers \u00e9\u00e9n van de oudste\u00a0merktechnieken. Bij sjabloneren wordt de gewenste&hellip;<\/p>\n","protected":false},"author":1,"featured_media":1529,"parent":132,"menu_order":10,"comment_status":"closed","ping_status":"closed","template":"page_taxonomy_child.php","meta":{"_monsterinsights_skip_tracking":false,"_monsterinsights_sitenote_active":false,"_monsterinsights_sitenote_note":"","_monsterinsights_sitenote_category":0,"footnotes":""},"class_list":["post-1288","page","type-page","status-publish","format-standard","has-post-thumbnail","hentry"],"yoast_head":"<!-- This site is optimized with the Yoast SEO plugin v23.6 - https:\/\/yoast.com\/wordpress\/plugins\/seo\/ -->\n<title>Sjabloneren - Kortho Coding &amp; Marking - Nederland<\/title>\n<meta name=\"description\" content=\"Bekijk de mogelijkheden voor sjabloneren. Sinds 1958 d\u00e9 wereldwijde partner voor alle coding en marking oplossingen. Nooit meer duur en fout coderen met de Kortho Bespaar- en Codeergarantie. Vraag een gratis inventarisatie aan!\" \/>\n<meta name=\"robots\" content=\"index, follow, max-snippet:-1, max-image-preview:large, max-video-preview:-1\" \/>\n<link rel=\"canonical\" href=\"https:\/\/kortho.com\/nl\/oplossingen\/codeertechnologieen\/sjabloneren\/\" \/>\n<meta property=\"og:locale\" content=\"en_US\" \/>\n<meta property=\"og:type\" content=\"article\" \/>\n<meta property=\"og:title\" content=\"Sjabloneren - Kortho Coding &amp; Marking - Nederland\" \/>\n<meta property=\"og:description\" content=\"Bekijk de mogelijkheden voor sjabloneren. Sinds 1958 d\u00e9 wereldwijde partner voor alle coding en marking oplossingen. Nooit meer duur en fout coderen met de Kortho Bespaar- en Codeergarantie. Vraag een gratis inventarisatie aan!\" \/>\n<meta property=\"og:url\" content=\"https:\/\/kortho.com\/nl\/oplossingen\/codeertechnologieen\/sjabloneren\/\" \/>\n<meta property=\"og:site_name\" content=\"Kortho Coding &amp; Marking - Nederland\" \/>\n<meta property=\"article:publisher\" content=\"https:\/\/www.facebook.com\/Kortho.Marking.and.Coding.theMarkofPreference\/\" \/>\n<meta property=\"article:modified_time\" content=\"2015-11-04T09:50:31+00:00\" \/>\n<meta property=\"og:image\" content=\"https:\/\/kortho.com\/nl\/wp-content\/uploads\/sites\/1\/2015\/07\/Kortho-Sjabloneren-RIO-Roll-it-On-N4.jpg\" \/>\n\t<meta property=\"og:image:width\" content=\"280\" \/>\n\t<meta property=\"og:image:height\" content=\"242\" \/>\n\t<meta property=\"og:image:type\" content=\"image\/jpeg\" \/>\n<meta name=\"twitter:card\" content=\"summary_large_image\" \/>\n<meta name=\"twitter:label1\" content=\"Est. reading time\" \/>\n\t<meta name=\"twitter:data1\" content=\"1 minute\" \/>\n<script type=\"application\/ld+json\" class=\"yoast-schema-graph\">{\"@context\":\"https:\/\/schema.org\",\"@graph\":[{\"@type\":\"WebPage\",\"@id\":\"https:\/\/kortho.com\/nl\/oplossingen\/codeertechnologieen\/sjabloneren\/\",\"url\":\"https:\/\/kortho.com\/nl\/oplossingen\/codeertechnologieen\/sjabloneren\/\",\"name\":\"Sjabloneren - Kortho Coding &amp; Marking - Nederland\",\"isPartOf\":{\"@id\":\"https:\/\/kortho.com\/nl\/#website\"},\"primaryImageOfPage\":{\"@id\":\"https:\/\/kortho.com\/nl\/oplossingen\/codeertechnologieen\/sjabloneren\/#primaryimage\"},\"image\":{\"@id\":\"https:\/\/kortho.com\/nl\/oplossingen\/codeertechnologieen\/sjabloneren\/#primaryimage\"},\"thumbnailUrl\":\"https:\/\/kortho.com\/nl\/wp-content\/uploads\/sites\/1\/2015\/07\/Kortho-Sjabloneren-RIO-Roll-it-On-N4.jpg\",\"datePublished\":\"2015-06-19T11:23:50+00:00\",\"dateModified\":\"2015-11-04T09:50:31+00:00\",\"description\":\"Bekijk de mogelijkheden voor sjabloneren. Sinds 1958 d\u00e9 wereldwijde partner voor alle coding en marking oplossingen. Nooit meer duur en fout coderen met de Kortho Bespaar- en Codeergarantie. Vraag een gratis inventarisatie aan!\",\"breadcrumb\":{\"@id\":\"https:\/\/kortho.com\/nl\/oplossingen\/codeertechnologieen\/sjabloneren\/#breadcrumb\"},\"inLanguage\":\"en-US\",\"potentialAction\":[{\"@type\":\"ReadAction\",\"target\":[\"https:\/\/kortho.com\/nl\/oplossingen\/codeertechnologieen\/sjabloneren\/\"]}]},{\"@type\":\"ImageObject\",\"inLanguage\":\"en-US\",\"@id\":\"https:\/\/kortho.com\/nl\/oplossingen\/codeertechnologieen\/sjabloneren\/#primaryimage\",\"url\":\"https:\/\/kortho.com\/nl\/wp-content\/uploads\/sites\/1\/2015\/07\/Kortho-Sjabloneren-RIO-Roll-it-On-N4.jpg\",\"contentUrl\":\"https:\/\/kortho.com\/nl\/wp-content\/uploads\/sites\/1\/2015\/07\/Kortho-Sjabloneren-RIO-Roll-it-On-N4.jpg\",\"width\":280,\"height\":242},{\"@type\":\"BreadcrumbList\",\"@id\":\"https:\/\/kortho.com\/nl\/oplossingen\/codeertechnologieen\/sjabloneren\/#breadcrumb\",\"itemListElement\":[{\"@type\":\"ListItem\",\"position\":1,\"name\":\"Home\",\"item\":\"https:\/\/kortho.com\/nl\/\"},{\"@type\":\"ListItem\",\"position\":2,\"name\":\"Oplossingen\",\"item\":\"https:\/\/kortho.com\/nl\/oplossingen\/\"},{\"@type\":\"ListItem\",\"position\":3,\"name\":\"Codeertechnieken\",\"item\":\"https:\/\/kortho.com\/nl\/oplossingen\/codeertechnologieen\/\"},{\"@type\":\"ListItem\",\"position\":4,\"name\":\"Sjabloneren\"}]},{\"@type\":\"WebSite\",\"@id\":\"https:\/\/kortho.com\/nl\/#website\",\"url\":\"https:\/\/kortho.com\/nl\/\",\"name\":\"Kortho Coding &amp; Marking - Nederland\",\"description\":\"Coding &amp; Marking\",\"potentialAction\":[{\"@type\":\"SearchAction\",\"target\":{\"@type\":\"EntryPoint\",\"urlTemplate\":\"https:\/\/kortho.com\/nl\/?s={search_term_string}\"},\"query-input\":{\"@type\":\"PropertyValueSpecification\",\"valueRequired\":true,\"valueName\":\"search_term_string\"}}],\"inLanguage\":\"en-US\"}]}<\/script>\n<!-- \/ Yoast SEO plugin. -->","yoast_head_json":{"title":"Sjabloneren - Kortho Coding &amp; Marking - Nederland","description":"Bekijk de mogelijkheden voor sjabloneren. Sinds 1958 d\u00e9 wereldwijde partner voor alle coding en marking oplossingen. Nooit meer duur en fout coderen met de Kortho Bespaar- en Codeergarantie. Vraag een gratis inventarisatie aan!","robots":{"index":"index","follow":"follow","max-snippet":"max-snippet:-1","max-image-preview":"max-image-preview:large","max-video-preview":"max-video-preview:-1"},"canonical":"https:\/\/kortho.com\/nl\/oplossingen\/codeertechnologieen\/sjabloneren\/","og_locale":"en_US","og_type":"article","og_title":"Sjabloneren - Kortho Coding &amp; Marking - Nederland","og_description":"Bekijk de mogelijkheden voor sjabloneren. Sinds 1958 d\u00e9 wereldwijde partner voor alle coding en marking oplossingen. Nooit meer duur en fout coderen met de Kortho Bespaar- en Codeergarantie. Vraag een gratis inventarisatie aan!","og_url":"https:\/\/kortho.com\/nl\/oplossingen\/codeertechnologieen\/sjabloneren\/","og_site_name":"Kortho Coding &amp; Marking - Nederland","article_publisher":"https:\/\/www.facebook.com\/Kortho.Marking.and.Coding.theMarkofPreference\/","article_modified_time":"2015-11-04T09:50:31+00:00","og_image":[{"width":280,"height":242,"url":"https:\/\/kortho.com\/nl\/wp-content\/uploads\/sites\/1\/2015\/07\/Kortho-Sjabloneren-RIO-Roll-it-On-N4.jpg","type":"image\/jpeg"}],"twitter_card":"summary_large_image","twitter_misc":{"Est. reading time":"1 minute"},"schema":{"@context":"https:\/\/schema.org","@graph":[{"@type":"WebPage","@id":"https:\/\/kortho.com\/nl\/oplossingen\/codeertechnologieen\/sjabloneren\/","url":"https:\/\/kortho.com\/nl\/oplossingen\/codeertechnologieen\/sjabloneren\/","name":"Sjabloneren - Kortho Coding &amp; Marking - Nederland","isPartOf":{"@id":"https:\/\/kortho.com\/nl\/#website"},"primaryImageOfPage":{"@id":"https:\/\/kortho.com\/nl\/oplossingen\/codeertechnologieen\/sjabloneren\/#primaryimage"},"image":{"@id":"https:\/\/kortho.com\/nl\/oplossingen\/codeertechnologieen\/sjabloneren\/#primaryimage"},"thumbnailUrl":"https:\/\/kortho.com\/nl\/wp-content\/uploads\/sites\/1\/2015\/07\/Kortho-Sjabloneren-RIO-Roll-it-On-N4.jpg","datePublished":"2015-06-19T11:23:50+00:00","dateModified":"2015-11-04T09:50:31+00:00","description":"Bekijk de mogelijkheden voor sjabloneren. Sinds 1958 d\u00e9 wereldwijde partner voor alle coding en marking oplossingen. Nooit meer duur en fout coderen met de Kortho Bespaar- en Codeergarantie. Vraag een gratis inventarisatie aan!","breadcrumb":{"@id":"https:\/\/kortho.com\/nl\/oplossingen\/codeertechnologieen\/sjabloneren\/#breadcrumb"},"inLanguage":"en-US","potentialAction":[{"@type":"ReadAction","target":["https:\/\/kortho.com\/nl\/oplossingen\/codeertechnologieen\/sjabloneren\/"]}]},{"@type":"ImageObject","inLanguage":"en-US","@id":"https:\/\/kortho.com\/nl\/oplossingen\/codeertechnologieen\/sjabloneren\/#primaryimage","url":"https:\/\/kortho.com\/nl\/wp-content\/uploads\/sites\/1\/2015\/07\/Kortho-Sjabloneren-RIO-Roll-it-On-N4.jpg","contentUrl":"https:\/\/kortho.com\/nl\/wp-content\/uploads\/sites\/1\/2015\/07\/Kortho-Sjabloneren-RIO-Roll-it-On-N4.jpg","width":280,"height":242},{"@type":"BreadcrumbList","@id":"https:\/\/kortho.com\/nl\/oplossingen\/codeertechnologieen\/sjabloneren\/#breadcrumb","itemListElement":[{"@type":"ListItem","position":1,"name":"Home","item":"https:\/\/kortho.com\/nl\/"},{"@type":"ListItem","position":2,"name":"Oplossingen","item":"https:\/\/kortho.com\/nl\/oplossingen\/"},{"@type":"ListItem","position":3,"name":"Codeertechnieken","item":"https:\/\/kortho.com\/nl\/oplossingen\/codeertechnologieen\/"},{"@type":"ListItem","position":4,"name":"Sjabloneren"}]},{"@type":"WebSite","@id":"https:\/\/kortho.com\/nl\/#website","url":"https:\/\/kortho.com\/nl\/","name":"Kortho Coding &amp; Marking - Nederland","description":"Coding &amp; Marking","potentialAction":[{"@type":"SearchAction","target":{"@type":"EntryPoint","urlTemplate":"https:\/\/kortho.com\/nl\/?s={search_term_string}"},"query-input":{"@type":"PropertyValueSpecification","valueRequired":true,"valueName":"search_term_string"}}],"inLanguage":"en-US"}]}},"_links":{"self":[{"href":"https:\/\/kortho.com\/nl\/wp-json\/wp\/v2\/pages\/1288"}],"collection":[{"href":"https:\/\/kortho.com\/nl\/wp-json\/wp\/v2\/pages"}],"about":[{"href":"https:\/\/kortho.com\/nl\/wp-json\/wp\/v2\/types\/page"}],"author":[{"embeddable":true,"href":"https:\/\/kortho.com\/nl\/wp-json\/wp\/v2\/users\/1"}],"replies":[{"embeddable":true,"href":"https:\/\/kortho.com\/nl\/wp-json\/wp\/v2\/comments?post=1288"}],"version-history":[{"count":28,"href":"https:\/\/kortho.com\/nl\/wp-json\/wp\/v2\/pages\/1288\/revisions"}],"predecessor-version":[{"id":2485,"href":"https:\/\/kortho.com\/nl\/wp-json\/wp\/v2\/pages\/1288\/revisions\/2485"}],"up":[{"embeddable":true,"href":"https:\/\/kortho.com\/nl\/wp-json\/wp\/v2\/pages\/132"}],"wp:featuredmedia":[{"embeddable":true,"href":"https:\/\/kortho.com\/nl\/wp-json\/wp\/v2\/media\/1529"}],"wp:attachment":[{"href":"https:\/\/kortho.com\/nl\/wp-json\/wp\/v2\/media?parent=1288"}],"curies":[{"name":"wp","href":"https:\/\/api.w.org\/{rel}","templated":true}]}}