{"id":242,"date":"2014-11-30T15:33:31","date_gmt":"2014-11-30T15:33:31","guid":{"rendered":"http:\/\/jaspervandermeij.nl\/kortho\/nl\/?page_id=242"},"modified":"2024-09-16T12:12:09","modified_gmt":"2024-09-16T12:12:09","slug":"solid-hot-inks","status":"publish","type":"page","link":"https:\/\/kortho.com\/nl\/oplossingen\/codeertechnologieen\/solid-hot-inks\/","title":{"rendered":"Solid Hot Inks"},"content":{"rendered":"<h2><img loading=\"lazy\" decoding=\"async\" class=\"alignleft size-full wp-image-1102\" src=\"http:\/\/kortho.com\/wp-content\/uploads\/2015\/05\/Kortho-Hot-Quickcoder-waxprinter-voorbeeld-arabisch-op-folieverpakkin-K.jpg\" alt=\"Kortho-Hot-Quickcoder-waxprinter-voorbeeld-arabisch-op-folieverpakkin--K\" width=\"138\" height=\"138\" \/> <img loading=\"lazy\" decoding=\"async\" class=\"alignleft size-full wp-image-1098\" src=\"http:\/\/kortho.com\/wp-content\/uploads\/2015\/05\/Kortho-Hot-Quickcoder-waxprinter-voorbeeld-Installatienummer-tbv-installatie-handleiding-K.jpg\" alt=\"Kortho-Hot-Quickcoder-waxprinter-voorbeeld-Installatienummer-tbv-installatie-handleiding---K\" width=\"138\" height=\"138\" \/> <img loading=\"lazy\" decoding=\"async\" class=\"alignleft size-full wp-image-1076\" src=\"http:\/\/kortho.com\/wp-content\/uploads\/2015\/05\/Kortho-Hot-Quickcoder-waxprinter-voorbeeld-stip-op-onderdeel-ruitenwisser-K.jpg\" alt=\"Kortho-Hot-Quickcoder-waxprinter-voorbeeld-stip-op-onderdeel-ruitenwisser-K\" width=\"138\" height=\"138\" \/> <img loading=\"lazy\" decoding=\"async\" class=\"alignleft size-full wp-image-1077\" src=\"http:\/\/kortho.com\/wp-content\/uploads\/2015\/05\/Kortho-Hot-Quickcoder-waxprinter-voorbeeld-ijzerzaag-K.jpg\" alt=\"Kortho-Hot-Quickcoder-waxprinter-voorbeeld-ijzerzaag-K\" width=\"138\" height=\"138\" \/> <img loading=\"lazy\" decoding=\"async\" class=\"alignleft size-full wp-image-1075\" src=\"http:\/\/kortho.com\/wp-content\/uploads\/2015\/05\/Kortho-Hot-Quickcoder-waxprinter-voorbeeld-tekst-op-automotive-onderdeel-K.jpg\" alt=\"Kortho-Hot-Quickcoder-waxprinter-voorbeeld-tekst-op-automotive-onderdeel-K\" width=\"138\" height=\"138\" \/> <img loading=\"lazy\" decoding=\"async\" class=\"alignleft size-full wp-image-1078\" src=\"http:\/\/kortho.com\/wp-content\/uploads\/2015\/05\/Kortho-Hot-Quickcoder-waxprinter-voorbeeld-juiste-kwaliteit-bout-automotive-K.jpg\" alt=\"Kortho-Hot-Quickcoder-waxprinter-voorbeeld-juiste-kwaliteit-bout-automotive-K\" width=\"138\" height=\"138\" \/><\/h2>\n<h1><\/h1>\n<h1><\/h1>\n<h1>Hoe werken\u00a0Solid Hot Inks?<\/h1>\n<p>Solid Hot Inks (ook wel wax ink) worden gebruikt in mechanische stempelmachines. De hot ink bestaat uit wax en pigment en zit\u00a0ge\u00efmpregneerd op een foamrol. Deze &#8220;waxrol&#8221; heeft een vaste vorm als hij in\u00a0de printer geplaatst wordt. Eenmaal in de printer wordt de wax verhit en\u00a0vloeibaar gemaakt. Vervolgens zit er in de printer een mechanische arm waarop een rubber clich\u00e9 met tekst, een logo of een symbool op kan worden geplaatst. Deze arm drukt in \u00e9\u00e9n beweging het clich\u00e9 eerst tegen de waxrol, en daarna op het te printen oppervlak (substraat) waarmee de afdruk over wordt gestempeld.<\/p>\n<h2>Intermitterend en continue coderen op elk oppervlak<\/h2>\n<p>Solid Hot Inks kunnen zeer breed worden ingezet. Doordat het stempelen in een fractie van een seconde gebeurd\u00a0kan er\u00a0zowel geprint worden op producten welke stilstaan tijdens het printen (intermitterend) als op producten die in beweging zijn (continue). Daarnaast kan er\u00a0doordat de wax na het stempelen\u00a0direct weer stolt zowel op poreuze als non-poreuze oppervlaktes geprint worden. Hierdoor zal de afdruk niet uitlopen en goed hechten op vrijwel elk materiaal.<\/p>\n<h2>Toepassingen van Solid Hot Inks<\/h2>\n<p>Door de betrouwbaarheid, compacte inbouwafmeting, universele inkt-hechting en lage prijs zijn\u00a0Solid Hot Inks bij uitstek geschikt om gebruikt te worden bij applicaties waarbij de codering niet vaak verandert. Solid Hot Inks zijn daarom vooral veel te vinden in de <span style=\"color: #0000ff;\"><a style=\"color: #0000ff;\" title=\"Primaire productiefase\" href=\"http:\/\/kortho.com\/nl\/oplossingen\/verpakkingen-en-productiefase\/primair\/\" target=\"_blank\" rel=\"noopener\"><span style=\"text-decoration: underline;\">primaire productiefase<\/span><\/a><\/span> van <span style=\"text-decoration: underline;\"><span style=\"color: #0000ff;\"><a style=\"color: #0000ff; text-decoration: underline;\" href=\"http:\/\/kortho.com\/nl\/oplossingen\/branche\/industrie\/\" target=\"_blank\" rel=\"noopener\">industri\u00eble productieomgevingen<\/a><\/span><\/span> zoals bijvoorbeeld de\u00a0automotive en\u00a0<a title=\"Electronica\" href=\"http:\/\/kortho.com\/nl\/oplossingen\/branche\/electronica\/\" target=\"_blank\" rel=\"noopener\"><span style=\"text-decoration: underline; color: #0000ff;\">elektronica<\/span><\/a>.\u00a0Hier worden onderdelen tijdens het productieproces met een afbeelding, batchnummer of logo gemarkeerd voor latere traceerbaarheid of na bijvoorbeeld een kwaliteitscontrole of sortering.<\/p>\n<h2>Automotive en Solid Hot Inks<\/h2>\n<p>DOT-markering als kwaliteitsbewijs is een proces dat veel wordt gebruikt in de auto-industrie. Ondanks uitgebreide robotisering en hightech gecodeerde onderdelen is Kortho&#8217;s beproefde en budgetgeprijsde Hot Quickcoder nog steeds perfect en veel gebruikt voor het markeren van kleurrijke stippen op een product voor visuele controles. Kortho rekent de grootste bedrijven en leveranciers in de Automotive-industrie wereldwijd tot haar Hot Quickcoder-gebruikers. Een grote prestatie voor een eenvoudig maar vooral bewezen en betrouwbaar codeerapparaat in een hightech-markt. Over het geheel genomen is puntmarkering een belangrijk hulpmiddel in de auto-industrie voor het identificeren en volgen van onderdelen, het waarborgen van de kwaliteit en traceerbaarheid van producten en het voldoen aan regelgeving vereisten.<\/p>\n<div style=\"width: 1920px;\" class=\"wp-video\"><!--[if lt IE 9]><script>document.createElement('video');<\/script><![endif]-->\n<video class=\"wp-video-shortcode\" id=\"video-242-1\" width=\"1920\" height=\"1080\" preload=\"metadata\" controls=\"controls\"><source type=\"video\/mp4\" src=\"https:\/\/kortho.com\/wp-content\/uploads\/2024\/09\/KORTHO-HQC-AUTOMOTIVE-DOT.mp4?_=1\" \/><a href=\"https:\/\/kortho.com\/wp-content\/uploads\/2024\/09\/KORTHO-HQC-AUTOMOTIVE-DOT.mp4\">https:\/\/kortho.com\/wp-content\/uploads\/2024\/09\/KORTHO-HQC-AUTOMOTIVE-DOT.mp4<\/a><\/video><\/div>\n<h2><\/h2>\n<p>&nbsp;<\/p>\n<p>&nbsp;<\/p>\n<h3><span style=\"text-decoration: underline; color: #0000ff;\"><a style=\"color: #0000ff; text-decoration: underline;\" title=\"Kortho Hot Quickcoder\" href=\"http:\/\/kortho.com\/nl\/productgroepen\/kortho-quick-coders\/\">Klik hier voor meer info over Kortho&#8217;s Hot Quickcoder<\/a><\/span><\/h3>\n","protected":false},"excerpt":{"rendered":"<p>Hoe werken\u00a0Solid Hot Inks? Solid Hot Inks (ook wel wax ink) worden gebruikt in mechanische stempelmachines. De hot ink bestaat&hellip;<\/p>\n","protected":false},"author":1,"featured_media":1061,"parent":132,"menu_order":5,"comment_status":"closed","ping_status":"closed","template":"page_taxonomy_child.php","meta":{"_monsterinsights_skip_tracking":false,"_monsterinsights_sitenote_active":false,"_monsterinsights_sitenote_note":"","_monsterinsights_sitenote_category":0,"footnotes":""},"class_list":["post-242","page","type-page","status-publish","format-standard","has-post-thumbnail","hentry"],"yoast_head":"<!-- This site is optimized with the Yoast SEO plugin v23.6 - https:\/\/yoast.com\/wordpress\/plugins\/seo\/ -->\n<title>Solid Hot Inks - Kortho Coding &amp; Marking - Nederland<\/title>\n<meta name=\"description\" content=\"Sinds 1958 d\u00e9 wereldwijde partner voor alle coding en marking oplossingen. Bekijk de mogelijkheden van Solid Hot Inks. Nooit meer duur en fout coderen met de Kortho Bespaar- en Codeergarantie. Vraag een gratis inventarisatie aan!\" \/>\n<meta name=\"robots\" content=\"index, follow, max-snippet:-1, max-image-preview:large, max-video-preview:-1\" \/>\n<link rel=\"canonical\" href=\"https:\/\/kortho.com\/nl\/oplossingen\/codeertechnologieen\/solid-hot-inks\/\" \/>\n<meta property=\"og:locale\" content=\"en_US\" \/>\n<meta property=\"og:type\" content=\"article\" \/>\n<meta property=\"og:title\" content=\"Solid Hot Inks - Kortho Coding &amp; Marking - Nederland\" \/>\n<meta property=\"og:description\" content=\"Sinds 1958 d\u00e9 wereldwijde partner voor alle coding en marking oplossingen. Bekijk de mogelijkheden van Solid Hot Inks. Nooit meer duur en fout coderen met de Kortho Bespaar- en Codeergarantie. Vraag een gratis inventarisatie aan!\" \/>\n<meta property=\"og:url\" content=\"https:\/\/kortho.com\/nl\/oplossingen\/codeertechnologieen\/solid-hot-inks\/\" \/>\n<meta property=\"og:site_name\" content=\"Kortho Coding &amp; Marking - Nederland\" \/>\n<meta property=\"article:publisher\" content=\"https:\/\/www.facebook.com\/Kortho.Marking.and.Coding.theMarkofPreference\/\" \/>\n<meta property=\"article:modified_time\" content=\"2024-09-16T12:12:09+00:00\" \/>\n<meta property=\"og:image\" content=\"https:\/\/kortho.com\/nl\/wp-content\/uploads\/sites\/1\/2015\/05\/Kortho-Hot-Quickcoder-waxprinter-N2.jpg\" \/>\n\t<meta property=\"og:image:width\" content=\"1478\" \/>\n\t<meta property=\"og:image:height\" content=\"1280\" \/>\n\t<meta property=\"og:image:type\" content=\"image\/jpeg\" \/>\n<meta name=\"twitter:card\" content=\"summary_large_image\" \/>\n<meta name=\"twitter:label1\" content=\"Est. reading time\" \/>\n\t<meta name=\"twitter:data1\" content=\"4 minutes\" \/>\n<script type=\"application\/ld+json\" class=\"yoast-schema-graph\">{\"@context\":\"https:\/\/schema.org\",\"@graph\":[{\"@type\":\"WebPage\",\"@id\":\"https:\/\/kortho.com\/nl\/oplossingen\/codeertechnologieen\/solid-hot-inks\/\",\"url\":\"https:\/\/kortho.com\/nl\/oplossingen\/codeertechnologieen\/solid-hot-inks\/\",\"name\":\"Solid Hot Inks - Kortho Coding &amp; Marking - Nederland\",\"isPartOf\":{\"@id\":\"https:\/\/kortho.com\/nl\/#website\"},\"primaryImageOfPage\":{\"@id\":\"https:\/\/kortho.com\/nl\/oplossingen\/codeertechnologieen\/solid-hot-inks\/#primaryimage\"},\"image\":{\"@id\":\"https:\/\/kortho.com\/nl\/oplossingen\/codeertechnologieen\/solid-hot-inks\/#primaryimage\"},\"thumbnailUrl\":\"https:\/\/kortho.com\/nl\/wp-content\/uploads\/sites\/1\/2015\/05\/Kortho-Hot-Quickcoder-waxprinter-N2.jpg\",\"datePublished\":\"2014-11-30T15:33:31+00:00\",\"dateModified\":\"2024-09-16T12:12:09+00:00\",\"description\":\"Sinds 1958 d\u00e9 wereldwijde partner voor alle coding en marking oplossingen. Bekijk de mogelijkheden van Solid Hot Inks. Nooit meer duur en fout coderen met de Kortho Bespaar- en Codeergarantie. Vraag een gratis inventarisatie aan!\",\"breadcrumb\":{\"@id\":\"https:\/\/kortho.com\/nl\/oplossingen\/codeertechnologieen\/solid-hot-inks\/#breadcrumb\"},\"inLanguage\":\"en-US\",\"potentialAction\":[{\"@type\":\"ReadAction\",\"target\":[\"https:\/\/kortho.com\/nl\/oplossingen\/codeertechnologieen\/solid-hot-inks\/\"]}]},{\"@type\":\"ImageObject\",\"inLanguage\":\"en-US\",\"@id\":\"https:\/\/kortho.com\/nl\/oplossingen\/codeertechnologieen\/solid-hot-inks\/#primaryimage\",\"url\":\"https:\/\/kortho.com\/nl\/wp-content\/uploads\/sites\/1\/2015\/05\/Kortho-Hot-Quickcoder-waxprinter-N2.jpg\",\"contentUrl\":\"https:\/\/kortho.com\/nl\/wp-content\/uploads\/sites\/1\/2015\/05\/Kortho-Hot-Quickcoder-waxprinter-N2.jpg\",\"width\":1478,\"height\":1280},{\"@type\":\"BreadcrumbList\",\"@id\":\"https:\/\/kortho.com\/nl\/oplossingen\/codeertechnologieen\/solid-hot-inks\/#breadcrumb\",\"itemListElement\":[{\"@type\":\"ListItem\",\"position\":1,\"name\":\"Home\",\"item\":\"https:\/\/kortho.com\/nl\/\"},{\"@type\":\"ListItem\",\"position\":2,\"name\":\"Oplossingen\",\"item\":\"https:\/\/kortho.com\/nl\/oplossingen\/\"},{\"@type\":\"ListItem\",\"position\":3,\"name\":\"Codeertechnieken\",\"item\":\"https:\/\/kortho.com\/nl\/oplossingen\/codeertechnologieen\/\"},{\"@type\":\"ListItem\",\"position\":4,\"name\":\"Solid Hot Inks\"}]},{\"@type\":\"WebSite\",\"@id\":\"https:\/\/kortho.com\/nl\/#website\",\"url\":\"https:\/\/kortho.com\/nl\/\",\"name\":\"Kortho Coding &amp; Marking - Nederland\",\"description\":\"Coding &amp; Marking\",\"potentialAction\":[{\"@type\":\"SearchAction\",\"target\":{\"@type\":\"EntryPoint\",\"urlTemplate\":\"https:\/\/kortho.com\/nl\/?s={search_term_string}\"},\"query-input\":{\"@type\":\"PropertyValueSpecification\",\"valueRequired\":true,\"valueName\":\"search_term_string\"}}],\"inLanguage\":\"en-US\"}]}<\/script>\n<!-- \/ Yoast SEO plugin. -->","yoast_head_json":{"title":"Solid Hot Inks - Kortho Coding &amp; Marking - Nederland","description":"Sinds 1958 d\u00e9 wereldwijde partner voor alle coding en marking oplossingen. Bekijk de mogelijkheden van Solid Hot Inks. Nooit meer duur en fout coderen met de Kortho Bespaar- en Codeergarantie. Vraag een gratis inventarisatie aan!","robots":{"index":"index","follow":"follow","max-snippet":"max-snippet:-1","max-image-preview":"max-image-preview:large","max-video-preview":"max-video-preview:-1"},"canonical":"https:\/\/kortho.com\/nl\/oplossingen\/codeertechnologieen\/solid-hot-inks\/","og_locale":"en_US","og_type":"article","og_title":"Solid Hot Inks - Kortho Coding &amp; Marking - Nederland","og_description":"Sinds 1958 d\u00e9 wereldwijde partner voor alle coding en marking oplossingen. Bekijk de mogelijkheden van Solid Hot Inks. Nooit meer duur en fout coderen met de Kortho Bespaar- en Codeergarantie. Vraag een gratis inventarisatie aan!","og_url":"https:\/\/kortho.com\/nl\/oplossingen\/codeertechnologieen\/solid-hot-inks\/","og_site_name":"Kortho Coding &amp; Marking - Nederland","article_publisher":"https:\/\/www.facebook.com\/Kortho.Marking.and.Coding.theMarkofPreference\/","article_modified_time":"2024-09-16T12:12:09+00:00","og_image":[{"width":1478,"height":1280,"url":"https:\/\/kortho.com\/nl\/wp-content\/uploads\/sites\/1\/2015\/05\/Kortho-Hot-Quickcoder-waxprinter-N2.jpg","type":"image\/jpeg"}],"twitter_card":"summary_large_image","twitter_misc":{"Est. reading time":"4 minutes"},"schema":{"@context":"https:\/\/schema.org","@graph":[{"@type":"WebPage","@id":"https:\/\/kortho.com\/nl\/oplossingen\/codeertechnologieen\/solid-hot-inks\/","url":"https:\/\/kortho.com\/nl\/oplossingen\/codeertechnologieen\/solid-hot-inks\/","name":"Solid Hot Inks - Kortho Coding &amp; Marking - Nederland","isPartOf":{"@id":"https:\/\/kortho.com\/nl\/#website"},"primaryImageOfPage":{"@id":"https:\/\/kortho.com\/nl\/oplossingen\/codeertechnologieen\/solid-hot-inks\/#primaryimage"},"image":{"@id":"https:\/\/kortho.com\/nl\/oplossingen\/codeertechnologieen\/solid-hot-inks\/#primaryimage"},"thumbnailUrl":"https:\/\/kortho.com\/nl\/wp-content\/uploads\/sites\/1\/2015\/05\/Kortho-Hot-Quickcoder-waxprinter-N2.jpg","datePublished":"2014-11-30T15:33:31+00:00","dateModified":"2024-09-16T12:12:09+00:00","description":"Sinds 1958 d\u00e9 wereldwijde partner voor alle coding en marking oplossingen. Bekijk de mogelijkheden van Solid Hot Inks. Nooit meer duur en fout coderen met de Kortho Bespaar- en Codeergarantie. Vraag een gratis inventarisatie aan!","breadcrumb":{"@id":"https:\/\/kortho.com\/nl\/oplossingen\/codeertechnologieen\/solid-hot-inks\/#breadcrumb"},"inLanguage":"en-US","potentialAction":[{"@type":"ReadAction","target":["https:\/\/kortho.com\/nl\/oplossingen\/codeertechnologieen\/solid-hot-inks\/"]}]},{"@type":"ImageObject","inLanguage":"en-US","@id":"https:\/\/kortho.com\/nl\/oplossingen\/codeertechnologieen\/solid-hot-inks\/#primaryimage","url":"https:\/\/kortho.com\/nl\/wp-content\/uploads\/sites\/1\/2015\/05\/Kortho-Hot-Quickcoder-waxprinter-N2.jpg","contentUrl":"https:\/\/kortho.com\/nl\/wp-content\/uploads\/sites\/1\/2015\/05\/Kortho-Hot-Quickcoder-waxprinter-N2.jpg","width":1478,"height":1280},{"@type":"BreadcrumbList","@id":"https:\/\/kortho.com\/nl\/oplossingen\/codeertechnologieen\/solid-hot-inks\/#breadcrumb","itemListElement":[{"@type":"ListItem","position":1,"name":"Home","item":"https:\/\/kortho.com\/nl\/"},{"@type":"ListItem","position":2,"name":"Oplossingen","item":"https:\/\/kortho.com\/nl\/oplossingen\/"},{"@type":"ListItem","position":3,"name":"Codeertechnieken","item":"https:\/\/kortho.com\/nl\/oplossingen\/codeertechnologieen\/"},{"@type":"ListItem","position":4,"name":"Solid Hot Inks"}]},{"@type":"WebSite","@id":"https:\/\/kortho.com\/nl\/#website","url":"https:\/\/kortho.com\/nl\/","name":"Kortho Coding &amp; Marking - Nederland","description":"Coding &amp; Marking","potentialAction":[{"@type":"SearchAction","target":{"@type":"EntryPoint","urlTemplate":"https:\/\/kortho.com\/nl\/?s={search_term_string}"},"query-input":{"@type":"PropertyValueSpecification","valueRequired":true,"valueName":"search_term_string"}}],"inLanguage":"en-US"}]}},"_links":{"self":[{"href":"https:\/\/kortho.com\/nl\/wp-json\/wp\/v2\/pages\/242"}],"collection":[{"href":"https:\/\/kortho.com\/nl\/wp-json\/wp\/v2\/pages"}],"about":[{"href":"https:\/\/kortho.com\/nl\/wp-json\/wp\/v2\/types\/page"}],"author":[{"embeddable":true,"href":"https:\/\/kortho.com\/nl\/wp-json\/wp\/v2\/users\/1"}],"replies":[{"embeddable":true,"href":"https:\/\/kortho.com\/nl\/wp-json\/wp\/v2\/comments?post=242"}],"version-history":[{"count":48,"href":"https:\/\/kortho.com\/nl\/wp-json\/wp\/v2\/pages\/242\/revisions"}],"predecessor-version":[{"id":248697,"href":"https:\/\/kortho.com\/nl\/wp-json\/wp\/v2\/pages\/242\/revisions\/248697"}],"up":[{"embeddable":true,"href":"https:\/\/kortho.com\/nl\/wp-json\/wp\/v2\/pages\/132"}],"wp:featuredmedia":[{"embeddable":true,"href":"https:\/\/kortho.com\/nl\/wp-json\/wp\/v2\/media\/1061"}],"wp:attachment":[{"href":"https:\/\/kortho.com\/nl\/wp-json\/wp\/v2\/media?parent=242"}],"curies":[{"name":"wp","href":"https:\/\/api.w.org\/{rel}","templated":true}]}}