{"id":248,"date":"2014-11-30T15:35:16","date_gmt":"2014-11-30T15:35:16","guid":{"rendered":"http:\/\/jaspervandermeij.nl\/kortho\/nl\/?page_id=248"},"modified":"2020-07-28T12:39:07","modified_gmt":"2020-07-28T12:39:07","slug":"hires-inkjet","status":"publish","type":"page","link":"https:\/\/kortho.com\/nl\/oplossingen\/codeertechnologieen\/hires-inkjet\/","title":{"rendered":"Hi-res Inkjet"},"content":{"rendered":"<p><img loading=\"lazy\" decoding=\"async\" class=\"alignleft wp-image-773\" src=\"http:\/\/kortho.com\/wp-content\/uploads\/2015\/04\/Kortho-GraphicJet-HR-inkjet-printen-op-houten-metsel-profiel-S.jpg\" alt=\"Kortho-GraphicJet-HR-inkjet-printen-op-houten-metsel-profiel-S\" width=\"140\" height=\"140\" srcset=\"https:\/\/kortho.com\/nl\/wp-content\/uploads\/sites\/1\/2015\/04\/Kortho-GraphicJet-HR-inkjet-printen-op-houten-metsel-profiel-S.jpg 280w, https:\/\/kortho.com\/nl\/wp-content\/uploads\/sites\/1\/2015\/04\/Kortho-GraphicJet-HR-inkjet-printen-op-houten-metsel-profiel-S-250x250.jpg 250w\" sizes=\"(max-width: 140px) 100vw, 140px\" \/> <img loading=\"lazy\" decoding=\"async\" class=\"alignleft wp-image-789\" src=\"http:\/\/kortho.com\/wp-content\/uploads\/2015\/04\/Kortho-GraphicJet-HR-inkjet-70P-printen-op-karton-doos-S.jpg\" alt=\"Kortho-GraphicJet-HR-inkjet-70P-printen-op-karton-doos-S\" width=\"140\" height=\"140\" srcset=\"https:\/\/kortho.com\/nl\/wp-content\/uploads\/sites\/1\/2015\/04\/Kortho-GraphicJet-HR-inkjet-70P-printen-op-karton-doos-S.jpg 280w, https:\/\/kortho.com\/nl\/wp-content\/uploads\/sites\/1\/2015\/04\/Kortho-GraphicJet-HR-inkjet-70P-printen-op-karton-doos-S-250x250.jpg 250w\" sizes=\"(max-width: 140px) 100vw, 140px\" \/> <img loading=\"lazy\" decoding=\"async\" class=\"alignleft wp-image-774\" src=\"http:\/\/kortho.com\/wp-content\/uploads\/2015\/04\/Kortho-GraphicJet-HR-inkjet-printen-op-spanband-S.jpg\" alt=\"Kortho-GraphicJet-HR-inkjet-printen-op-spanband-S\" width=\"140\" height=\"140\" srcset=\"https:\/\/kortho.com\/nl\/wp-content\/uploads\/sites\/1\/2015\/04\/Kortho-GraphicJet-HR-inkjet-printen-op-spanband-S.jpg 280w, https:\/\/kortho.com\/nl\/wp-content\/uploads\/sites\/1\/2015\/04\/Kortho-GraphicJet-HR-inkjet-printen-op-spanband-S-250x250.jpg 250w\" sizes=\"(max-width: 140px) 100vw, 140px\" \/> <img loading=\"lazy\" decoding=\"async\" class=\"alignleft wp-image-784\" src=\"http:\/\/kortho.com\/wp-content\/uploads\/2015\/04\/Kortho-GraphicJet-HR-inkjet-printen-op-koker-karton-S.jpg\" alt=\"Kortho-GraphicJet-HR-inkjet-printen-op-koker-karton-S\" width=\"140\" height=\"140\" srcset=\"https:\/\/kortho.com\/nl\/wp-content\/uploads\/sites\/1\/2015\/04\/Kortho-GraphicJet-HR-inkjet-printen-op-koker-karton-S.jpg 280w, https:\/\/kortho.com\/nl\/wp-content\/uploads\/sites\/1\/2015\/04\/Kortho-GraphicJet-HR-inkjet-printen-op-koker-karton-S-250x250.jpg 250w\" sizes=\"(max-width: 140px) 100vw, 140px\" \/> <img loading=\"lazy\" decoding=\"async\" class=\"alignleft wp-image-777\" src=\"http:\/\/kortho.com\/wp-content\/uploads\/2015\/04\/Kortho-GraphicJet-HR-inkjet-printen-op-doos-karton-AGF-S.jpg\" alt=\"Kortho-GraphicJet-HR-inkjet-printen-op-doos-karton-AGF-S\" width=\"140\" height=\"140\" srcset=\"https:\/\/kortho.com\/nl\/wp-content\/uploads\/sites\/1\/2015\/04\/Kortho-GraphicJet-HR-inkjet-printen-op-doos-karton-AGF-S.jpg 280w, https:\/\/kortho.com\/nl\/wp-content\/uploads\/sites\/1\/2015\/04\/Kortho-GraphicJet-HR-inkjet-printen-op-doos-karton-AGF-S-250x250.jpg 250w\" sizes=\"(max-width: 140px) 100vw, 140px\" \/> <img loading=\"lazy\" decoding=\"async\" class=\"alignleft wp-image-775\" src=\"http:\/\/kortho.com\/wp-content\/uploads\/2015\/04\/Kortho-GraphicJet-HR-inkjet-printen-op-houten-balk-S.jpg\" alt=\"Kortho-GraphicJet-HR-inkjet-printen-op-houten-balk-S\" width=\"140\" height=\"140\" srcset=\"https:\/\/kortho.com\/nl\/wp-content\/uploads\/sites\/1\/2015\/04\/Kortho-GraphicJet-HR-inkjet-printen-op-houten-balk-S.jpg 280w, https:\/\/kortho.com\/nl\/wp-content\/uploads\/sites\/1\/2015\/04\/Kortho-GraphicJet-HR-inkjet-printen-op-houten-balk-S-250x250.jpg 250w\" sizes=\"(max-width: 140px) 100vw, 140px\" \/><\/p>\n<h1><\/h1>\n<h1><\/h1>\n<h1>Hoe werkt\u00a0Hi-Res Inkjet?<\/h1>\n<p>Hi-Res Inkjet werkt door verticaal op elkaar geplaatste inktkamers (nozzles) \u00e9\u00e9n voor \u00e9\u00e9n\u00a0inktdruppels\u00a0af te laten vuren richting het te printen materiaal (substraat). De nozzles staan hierbij op een vaste positie langs de productielijn waarbij het substraat erlangs getransporteerd wordt.\u00a0De\u00a0afdruk komt dan weer tot stand door de volgorde waarin de nozzles inkt afvuren. Doordat de nozzles individueel pi\u00ebzo-elektrisch aangestuurd worden is een variabele afdruk per print mogelijk.<\/p>\n<h2>Contactloos coderen met hoge resolutie<\/h2>\n<p>Omdat de inktdruppels (inkdots) op het substraat worden afgevuurd zonder dat de printkop ermee in aanraking komt spreken we van contactloos coderen. De afstand die de inkdots af kunnen leggen noemen we de &#8220;throwdistance&#8221;. Bij Hi-Res Inkjet zijn de druppels slechts enkele tientallen picoliters groot waardoor een zeer hoge resolutie van 185 DPI mogelijk is. Aangezien de inkdots recht uit de nozzles worden geschoten wordt de maximale hoogte van de afdruk bepaald door de hoogte van de printkop. De meest gangbare hoogtes zijn hierbij 18 mm en 70 mm waarbij snelheden tot 70 meter per minuut mogelijk zijn.<\/p>\n<h2>Toepassingen van Hi-Res Inkjet<\/h2>\n<p>Hi-Res Inkjet wordt het meest toegepast in het <span style=\"color: #0000ff;\"><a style=\"color: #0000ff;\" title=\"Secundaire verpakkingsfase\" href=\"http:\/\/kortho.com\/nl\/oplossingen\/verpakkingen-en-productiefase\/secundair\/\" target=\"_blank\" rel=\"noopener noreferrer\"><span style=\"text-decoration: underline;\">secundaire<\/span><\/a><\/span> en <span style=\"color: #0000ff;\"><a style=\"color: #0000ff;\" title=\"Tertaire verpakkingsfase\" href=\"http:\/\/kortho.com\/nl\/oplossingen\/verpakkingen-en-productiefase\/tertiar\/\" target=\"_blank\" rel=\"noopener noreferrer\"><span style=\"text-decoration: underline;\">tertaire segment<\/span><\/a><\/span> van het verpakkingsproces waarbij vooral dozen worden gecodeerd. Door de hoge resolutie zijn hoog grafische afbeeldingen zoals logo&#8217;s en barcode&#8217;s mogelijk en kunnen er veel meer regels tekst met \u00e9\u00e9n printkop worden geprint dan met bijvoorbeeld <a title=\"Kleinkarakter Inkjet\" href=\"http:\/\/kortho.com\/nl\/oplossingen\/codeertechnologieen\/kleinkarakter-inkjet-cij\/\" target=\"_blank\" rel=\"noopener noreferrer\"><span style=\"text-decoration: underline; color: #0000ff;\">CIJ<\/span><\/a>. Hiernaast wordt Hi-Res inkjet als economisch alternatief voor <span style=\"text-decoration: underline;\"><span style=\"color: #0000ff;\"><a style=\"color: #0000ff; text-decoration: underline;\" href=\"http:\/\/kortho.com\/nl\/oplossingen\/codeertechnologieen\/labelprinters\/\" target=\"_blank\" rel=\"noopener noreferrer\">labelprint<\/a><\/span><\/span> ingezet. De kosten van \u00e9\u00e9n labeletiket zijn gemiddeld even hoog als 100 prints met een Hi-Res Inkjet. Afhankelijk van het substraat wordt\u00a0bepaald\u00a0welke inkt het beste geschikt is. Hierin wordt als eerste onderscheid gemaakt of het poreus of non-poreus materiaal is. Bij poreuze materialen zoals <span style=\"color: #0000ff;\"><a style=\"color: #0000ff;\" title=\"Karton printen\" href=\"http:\/\/kortho.com\/nl\/oplossingen\/materialen\/karton-uncoated\/\" target=\"_blank\" rel=\"noopener noreferrer\"><span style=\"text-decoration: underline;\">karton<\/span><\/a><\/span>, <span style=\"color: #0000ff;\"><a style=\"color: #0000ff;\" title=\"Papierprinten inkjet\" href=\"http:\/\/kortho.com\/nl\/oplossingen\/materialen\/papier\/\" target=\"_blank\" rel=\"noopener noreferrer\"><span style=\"text-decoration: underline;\">papier<\/span><\/a><\/span>, <span style=\"color: #0000ff;\"><a style=\"color: #0000ff;\" title=\"Hout printen inkjet\" href=\"http:\/\/kortho.com\/nl\/oplossingen\/materialen\/hout\/\" target=\"_blank\" rel=\"noopener noreferrer\"><span style=\"text-decoration: underline;\">hout<\/span><\/a><\/span> en <a title=\"Vezels printen\" href=\"http:\/\/kortho.com\/nl\/oplossingen\/materialen\/vezels\/\" target=\"_blank\" rel=\"noopener noreferrer\"><span style=\"text-decoration: underline;\"><span style=\"color: #0000ff; text-decoration: underline;\">vezels<\/span><\/span><\/a>\u00a0worden veelal inkten op oliebasis gebruikt. Bij non-poreuze materialen zoals <a title=\"Metaal printen inkjet\" href=\"http:\/\/kortho.com\/nl\/oplossingen\/materialen\/metaal\/\" target=\"_blank\" rel=\"noopener noreferrer\"><span style=\"text-decoration: underline; color: #0000ff;\">metaal<\/span><\/a>, <span style=\"color: #0000ff;\"><a style=\"color: #0000ff;\" title=\"Glas printen\" href=\"http:\/\/kortho.com\/nl\/oplossingen\/materialen\/glas\/\" target=\"_blank\" rel=\"noopener noreferrer\"><span style=\"text-decoration: underline;\">glas<\/span><\/a><\/span> en <a title=\"Kunsttof printen inkjet\" href=\"http:\/\/kortho.com\/nl\/oplossingen\/materialen\/kunststoffen-vasteplastic\/\" target=\"_blank\" rel=\"noopener noreferrer\"><span style=\"text-decoration: underline; color: #0000ff;\">kunststoffen<\/span><\/a>\u00a0wordt inkt op solvent basis gebruikt.<\/p>\n<h3><a title=\"Kortho's Hi-Res Inkjets\" href=\"http:\/\/kortho.com\/nl\/productgroepen\/kortho-graphicjet-hi-res-inkjet\/\"><span style=\"color: #0000ff;\"><strong><span style=\"text-decoration: underline;\">Klik hier voor meer info over Kortho&#8217;s Hi-Res Inkjets<\/span><\/strong><\/span><\/a><\/h3>\n","protected":false},"excerpt":{"rendered":"<p>Hoe werkt\u00a0Hi-Res Inkjet? Hi-Res Inkjet werkt door verticaal op elkaar geplaatste inktkamers (nozzles) \u00e9\u00e9n voor \u00e9\u00e9n\u00a0inktdruppels\u00a0af te laten vuren richting&hellip;<\/p>\n","protected":false},"author":1,"featured_media":6062,"parent":132,"menu_order":3,"comment_status":"closed","ping_status":"closed","template":"page_taxonomy_child.php","meta":{"_monsterinsights_skip_tracking":false,"_monsterinsights_sitenote_active":false,"_monsterinsights_sitenote_note":"","_monsterinsights_sitenote_category":0,"footnotes":""},"class_list":["post-248","page","type-page","status-publish","format-standard","has-post-thumbnail","hentry"],"yoast_head":"<!-- This site is optimized with the Yoast SEO plugin v23.6 - https:\/\/yoast.com\/wordpress\/plugins\/seo\/ -->\n<title>Hi-res Inkjet - Kortho Coding &amp; Marking - Nederland<\/title>\n<meta name=\"description\" content=\"Sinds 1958 d\u00e9 wereldwijde partner voor alle coding en marking oplossingen. Bekijk de mogelijkheden van Hi-Res Inkjet. Nooit meer duur en fout coderen met de Kortho Bespaar- en Codeergarantie. Vraag een gratis inventarisatie aan!\" \/>\n<meta name=\"robots\" content=\"index, follow, max-snippet:-1, max-image-preview:large, max-video-preview:-1\" \/>\n<link rel=\"canonical\" href=\"https:\/\/kortho.com\/nl\/oplossingen\/codeertechnologieen\/hires-inkjet\/\" \/>\n<meta property=\"og:locale\" content=\"en_US\" \/>\n<meta property=\"og:type\" content=\"article\" \/>\n<meta property=\"og:title\" content=\"Hi-res Inkjet - Kortho Coding &amp; Marking - Nederland\" \/>\n<meta property=\"og:description\" content=\"Sinds 1958 d\u00e9 wereldwijde partner voor alle coding en marking oplossingen. Bekijk de mogelijkheden van Hi-Res Inkjet. Nooit meer duur en fout coderen met de Kortho Bespaar- en Codeergarantie. Vraag een gratis inventarisatie aan!\" \/>\n<meta property=\"og:url\" content=\"https:\/\/kortho.com\/nl\/oplossingen\/codeertechnologieen\/hires-inkjet\/\" \/>\n<meta property=\"og:site_name\" content=\"Kortho Coding &amp; Marking - Nederland\" \/>\n<meta property=\"article:publisher\" content=\"https:\/\/www.facebook.com\/Kortho.Marking.and.Coding.theMarkofPreference\/\" \/>\n<meta property=\"article:modified_time\" content=\"2020-07-28T12:39:07+00:00\" \/>\n<meta property=\"og:image\" content=\"https:\/\/kortho.com\/nl\/wp-content\/uploads\/sites\/1\/2019\/03\/Kortho-GraphicJet-X72-HiRes-Inkjet-N2.jpg\" \/>\n\t<meta property=\"og:image:width\" content=\"1478\" \/>\n\t<meta property=\"og:image:height\" content=\"1280\" \/>\n\t<meta property=\"og:image:type\" content=\"image\/jpeg\" \/>\n<meta name=\"twitter:card\" content=\"summary_large_image\" \/>\n<meta name=\"twitter:label1\" content=\"Est. reading time\" \/>\n\t<meta name=\"twitter:data1\" content=\"2 minutes\" \/>\n<script type=\"application\/ld+json\" class=\"yoast-schema-graph\">{\"@context\":\"https:\/\/schema.org\",\"@graph\":[{\"@type\":\"WebPage\",\"@id\":\"https:\/\/kortho.com\/nl\/oplossingen\/codeertechnologieen\/hires-inkjet\/\",\"url\":\"https:\/\/kortho.com\/nl\/oplossingen\/codeertechnologieen\/hires-inkjet\/\",\"name\":\"Hi-res Inkjet - Kortho Coding &amp; Marking - Nederland\",\"isPartOf\":{\"@id\":\"https:\/\/kortho.com\/nl\/#website\"},\"primaryImageOfPage\":{\"@id\":\"https:\/\/kortho.com\/nl\/oplossingen\/codeertechnologieen\/hires-inkjet\/#primaryimage\"},\"image\":{\"@id\":\"https:\/\/kortho.com\/nl\/oplossingen\/codeertechnologieen\/hires-inkjet\/#primaryimage\"},\"thumbnailUrl\":\"https:\/\/kortho.com\/nl\/wp-content\/uploads\/sites\/1\/2019\/03\/Kortho-GraphicJet-X72-HiRes-Inkjet-N2.jpg\",\"datePublished\":\"2014-11-30T15:35:16+00:00\",\"dateModified\":\"2020-07-28T12:39:07+00:00\",\"description\":\"Sinds 1958 d\u00e9 wereldwijde partner voor alle coding en marking oplossingen. Bekijk de mogelijkheden van Hi-Res Inkjet. Nooit meer duur en fout coderen met de Kortho Bespaar- en Codeergarantie. Vraag een gratis inventarisatie aan!\",\"breadcrumb\":{\"@id\":\"https:\/\/kortho.com\/nl\/oplossingen\/codeertechnologieen\/hires-inkjet\/#breadcrumb\"},\"inLanguage\":\"en-US\",\"potentialAction\":[{\"@type\":\"ReadAction\",\"target\":[\"https:\/\/kortho.com\/nl\/oplossingen\/codeertechnologieen\/hires-inkjet\/\"]}]},{\"@type\":\"ImageObject\",\"inLanguage\":\"en-US\",\"@id\":\"https:\/\/kortho.com\/nl\/oplossingen\/codeertechnologieen\/hires-inkjet\/#primaryimage\",\"url\":\"https:\/\/kortho.com\/nl\/wp-content\/uploads\/sites\/1\/2019\/03\/Kortho-GraphicJet-X72-HiRes-Inkjet-N2.jpg\",\"contentUrl\":\"https:\/\/kortho.com\/nl\/wp-content\/uploads\/sites\/1\/2019\/03\/Kortho-GraphicJet-X72-HiRes-Inkjet-N2.jpg\",\"width\":1478,\"height\":1280},{\"@type\":\"BreadcrumbList\",\"@id\":\"https:\/\/kortho.com\/nl\/oplossingen\/codeertechnologieen\/hires-inkjet\/#breadcrumb\",\"itemListElement\":[{\"@type\":\"ListItem\",\"position\":1,\"name\":\"Home\",\"item\":\"https:\/\/kortho.com\/nl\/\"},{\"@type\":\"ListItem\",\"position\":2,\"name\":\"Oplossingen\",\"item\":\"https:\/\/kortho.com\/nl\/oplossingen\/\"},{\"@type\":\"ListItem\",\"position\":3,\"name\":\"Codeertechnieken\",\"item\":\"https:\/\/kortho.com\/nl\/oplossingen\/codeertechnologieen\/\"},{\"@type\":\"ListItem\",\"position\":4,\"name\":\"Hi-res Inkjet\"}]},{\"@type\":\"WebSite\",\"@id\":\"https:\/\/kortho.com\/nl\/#website\",\"url\":\"https:\/\/kortho.com\/nl\/\",\"name\":\"Kortho Coding &amp; Marking - Nederland\",\"description\":\"Coding &amp; Marking\",\"potentialAction\":[{\"@type\":\"SearchAction\",\"target\":{\"@type\":\"EntryPoint\",\"urlTemplate\":\"https:\/\/kortho.com\/nl\/?s={search_term_string}\"},\"query-input\":{\"@type\":\"PropertyValueSpecification\",\"valueRequired\":true,\"valueName\":\"search_term_string\"}}],\"inLanguage\":\"en-US\"}]}<\/script>\n<!-- \/ Yoast SEO plugin. -->","yoast_head_json":{"title":"Hi-res Inkjet - Kortho Coding &amp; Marking - Nederland","description":"Sinds 1958 d\u00e9 wereldwijde partner voor alle coding en marking oplossingen. Bekijk de mogelijkheden van Hi-Res Inkjet. Nooit meer duur en fout coderen met de Kortho Bespaar- en Codeergarantie. Vraag een gratis inventarisatie aan!","robots":{"index":"index","follow":"follow","max-snippet":"max-snippet:-1","max-image-preview":"max-image-preview:large","max-video-preview":"max-video-preview:-1"},"canonical":"https:\/\/kortho.com\/nl\/oplossingen\/codeertechnologieen\/hires-inkjet\/","og_locale":"en_US","og_type":"article","og_title":"Hi-res Inkjet - Kortho Coding &amp; Marking - Nederland","og_description":"Sinds 1958 d\u00e9 wereldwijde partner voor alle coding en marking oplossingen. Bekijk de mogelijkheden van Hi-Res Inkjet. Nooit meer duur en fout coderen met de Kortho Bespaar- en Codeergarantie. Vraag een gratis inventarisatie aan!","og_url":"https:\/\/kortho.com\/nl\/oplossingen\/codeertechnologieen\/hires-inkjet\/","og_site_name":"Kortho Coding &amp; Marking - Nederland","article_publisher":"https:\/\/www.facebook.com\/Kortho.Marking.and.Coding.theMarkofPreference\/","article_modified_time":"2020-07-28T12:39:07+00:00","og_image":[{"width":1478,"height":1280,"url":"https:\/\/kortho.com\/nl\/wp-content\/uploads\/sites\/1\/2019\/03\/Kortho-GraphicJet-X72-HiRes-Inkjet-N2.jpg","type":"image\/jpeg"}],"twitter_card":"summary_large_image","twitter_misc":{"Est. reading time":"2 minutes"},"schema":{"@context":"https:\/\/schema.org","@graph":[{"@type":"WebPage","@id":"https:\/\/kortho.com\/nl\/oplossingen\/codeertechnologieen\/hires-inkjet\/","url":"https:\/\/kortho.com\/nl\/oplossingen\/codeertechnologieen\/hires-inkjet\/","name":"Hi-res Inkjet - Kortho Coding &amp; Marking - Nederland","isPartOf":{"@id":"https:\/\/kortho.com\/nl\/#website"},"primaryImageOfPage":{"@id":"https:\/\/kortho.com\/nl\/oplossingen\/codeertechnologieen\/hires-inkjet\/#primaryimage"},"image":{"@id":"https:\/\/kortho.com\/nl\/oplossingen\/codeertechnologieen\/hires-inkjet\/#primaryimage"},"thumbnailUrl":"https:\/\/kortho.com\/nl\/wp-content\/uploads\/sites\/1\/2019\/03\/Kortho-GraphicJet-X72-HiRes-Inkjet-N2.jpg","datePublished":"2014-11-30T15:35:16+00:00","dateModified":"2020-07-28T12:39:07+00:00","description":"Sinds 1958 d\u00e9 wereldwijde partner voor alle coding en marking oplossingen. Bekijk de mogelijkheden van Hi-Res Inkjet. Nooit meer duur en fout coderen met de Kortho Bespaar- en Codeergarantie. Vraag een gratis inventarisatie aan!","breadcrumb":{"@id":"https:\/\/kortho.com\/nl\/oplossingen\/codeertechnologieen\/hires-inkjet\/#breadcrumb"},"inLanguage":"en-US","potentialAction":[{"@type":"ReadAction","target":["https:\/\/kortho.com\/nl\/oplossingen\/codeertechnologieen\/hires-inkjet\/"]}]},{"@type":"ImageObject","inLanguage":"en-US","@id":"https:\/\/kortho.com\/nl\/oplossingen\/codeertechnologieen\/hires-inkjet\/#primaryimage","url":"https:\/\/kortho.com\/nl\/wp-content\/uploads\/sites\/1\/2019\/03\/Kortho-GraphicJet-X72-HiRes-Inkjet-N2.jpg","contentUrl":"https:\/\/kortho.com\/nl\/wp-content\/uploads\/sites\/1\/2019\/03\/Kortho-GraphicJet-X72-HiRes-Inkjet-N2.jpg","width":1478,"height":1280},{"@type":"BreadcrumbList","@id":"https:\/\/kortho.com\/nl\/oplossingen\/codeertechnologieen\/hires-inkjet\/#breadcrumb","itemListElement":[{"@type":"ListItem","position":1,"name":"Home","item":"https:\/\/kortho.com\/nl\/"},{"@type":"ListItem","position":2,"name":"Oplossingen","item":"https:\/\/kortho.com\/nl\/oplossingen\/"},{"@type":"ListItem","position":3,"name":"Codeertechnieken","item":"https:\/\/kortho.com\/nl\/oplossingen\/codeertechnologieen\/"},{"@type":"ListItem","position":4,"name":"Hi-res Inkjet"}]},{"@type":"WebSite","@id":"https:\/\/kortho.com\/nl\/#website","url":"https:\/\/kortho.com\/nl\/","name":"Kortho Coding &amp; Marking - Nederland","description":"Coding &amp; Marking","potentialAction":[{"@type":"SearchAction","target":{"@type":"EntryPoint","urlTemplate":"https:\/\/kortho.com\/nl\/?s={search_term_string}"},"query-input":{"@type":"PropertyValueSpecification","valueRequired":true,"valueName":"search_term_string"}}],"inLanguage":"en-US"}]}},"_links":{"self":[{"href":"https:\/\/kortho.com\/nl\/wp-json\/wp\/v2\/pages\/248"}],"collection":[{"href":"https:\/\/kortho.com\/nl\/wp-json\/wp\/v2\/pages"}],"about":[{"href":"https:\/\/kortho.com\/nl\/wp-json\/wp\/v2\/types\/page"}],"author":[{"embeddable":true,"href":"https:\/\/kortho.com\/nl\/wp-json\/wp\/v2\/users\/1"}],"replies":[{"embeddable":true,"href":"https:\/\/kortho.com\/nl\/wp-json\/wp\/v2\/comments?post=248"}],"version-history":[{"count":41,"href":"https:\/\/kortho.com\/nl\/wp-json\/wp\/v2\/pages\/248\/revisions"}],"predecessor-version":[{"id":125880,"href":"https:\/\/kortho.com\/nl\/wp-json\/wp\/v2\/pages\/248\/revisions\/125880"}],"up":[{"embeddable":true,"href":"https:\/\/kortho.com\/nl\/wp-json\/wp\/v2\/pages\/132"}],"wp:featuredmedia":[{"embeddable":true,"href":"https:\/\/kortho.com\/nl\/wp-json\/wp\/v2\/media\/6062"}],"wp:attachment":[{"href":"https:\/\/kortho.com\/nl\/wp-json\/wp\/v2\/media?parent=248"}],"curies":[{"name":"wp","href":"https:\/\/api.w.org\/{rel}","templated":true}]}}