{"id":252,"date":"2014-11-30T15:36:25","date_gmt":"2014-11-30T15:36:25","guid":{"rendered":"http:\/\/jaspervandermeij.nl\/kortho\/nl\/?page_id=252"},"modified":"2023-06-02T14:34:35","modified_gmt":"2023-06-02T14:34:35","slug":"kleinkarakter-inkjet-cij","status":"publish","type":"page","link":"https:\/\/kortho.com\/nl\/oplossingen\/codeertechnologieen\/kleinkarakter-inkjet-cij\/","title":{"rendered":"Kleinkarakter Inkjet (CIJ)"},"content":{"rendered":"<h1><img loading=\"lazy\" decoding=\"async\" class=\"alignleft wp-image-634\" src=\"http:\/\/kortho.com\/wp-content\/uploads\/2015\/03\/1-Kortho-CIJ-GLASS-box140.jpg\" alt=\"1-Kortho-CIJ-GLASS box140\" width=\"138\" height=\"138\" \/> <img loading=\"lazy\" decoding=\"async\" class=\"alignleft wp-image-635\" src=\"http:\/\/kortho.com\/wp-content\/uploads\/2015\/03\/4-kortho-CIJ-Plastics-2-box140.jpg\" alt=\"4-kortho-CIJ-Plastics-2 box140\" width=\"138\" height=\"138\" \/> <img loading=\"lazy\" decoding=\"async\" class=\"alignleft wp-image-638\" src=\"http:\/\/kortho.com\/wp-content\/uploads\/2015\/03\/5-Kortho-CIJ-film-box140.jpg\" alt=\"5-Kortho-CIJ-film box140\" width=\"138\" height=\"138\" \/> <img loading=\"lazy\" decoding=\"async\" class=\"alignleft wp-image-637\" src=\"http:\/\/kortho.com\/wp-content\/uploads\/2015\/03\/3-kortho-CIJ-bottle-metal-box140.jpg\" alt=\"3-kortho-CIJ-bottle-metal box140\" width=\"138\" height=\"138\" \/> <img loading=\"lazy\" decoding=\"async\" class=\"alignleft wp-image-639\" src=\"http:\/\/kortho.com\/wp-content\/uploads\/2015\/03\/2-kortho-CIJ-Plastics-box140.jpg\" alt=\"2-kortho-CIJ-Plastics box140\" width=\"139\" height=\"139\" \/> <img loading=\"lazy\" decoding=\"async\" class=\"alignleft wp-image-636 \" src=\"http:\/\/kortho.com\/wp-content\/uploads\/2015\/03\/6-Kortho-CIJ-cable-box140.jpg\" alt=\"6-Kortho-CIJ-cable box140\" width=\"138\" height=\"138\" \/><\/h1>\n<h1><\/h1>\n<h1><\/h1>\n<p>&nbsp;<\/p>\n<h1>Hoe werkt\u00a0Kleinkarakter\u00a0Inkjet?<\/h1>\n<p>Kleinkarakter Inkjet (ook wel Continuous\u00a0Inkjet of CIJ) werkt door inktdruppels \u00e9\u00e9n voor \u00e9\u00e9n\u00a0richting het\u00a0te printen oppervlak of verpakking (substraat) te schieten. Dit gebeurt in een patroon waarbij deze\u00a0zogenaamde &#8220;inkdots&#8221; middels elektrostatische lading\u00a0de gewenste richting\u00a0krijgen. De codering\/print komt dan tot stand door\u00a0de positionering van de inkdots ten opzichte van elkaar op het substraat. Het patroon is hierbij per print\u00a0te wijzigen waardoor een variabele afdruk\u00a0per print mogelijk is.<\/p>\n<div style=\"width: 1920px;\" class=\"wp-video\"><!--[if lt IE 9]><script>document.createElement('video');<\/script><![endif]-->\n<video class=\"wp-video-shortcode\" id=\"video-252-1\" width=\"1920\" height=\"1080\" preload=\"metadata\" controls=\"controls\"><source type=\"video\/mp4\" src=\"https:\/\/kortho.com\/nl\/wp-content\/uploads\/sites\/1\/2021\/03\/Leibinger-Sealtronic-Print.mp4?_=1\" \/><a href=\"https:\/\/kortho.com\/nl\/wp-content\/uploads\/sites\/1\/2021\/03\/Leibinger-Sealtronic-Print.mp4\">https:\/\/kortho.com\/nl\/wp-content\/uploads\/sites\/1\/2021\/03\/Leibinger-Sealtronic-Print.mp4<\/a><\/video><\/div>\n<h2><\/h2>\n<h2>Contactloos coderen op vrijwel elk oppervlak<\/h2>\n<p>Doordat de inkdots vanuit de printkop richting het substraat worden geprojecteerd (en de kop dus niet in contact komt ermee) spreken we van contactloos coderen. Hierdoor kan een inkjet breed\u00a0ingezet\u00a0worden ondanks de vele verschillende soorten\u00a0verpakkings- of productielijnen. De printkop staat hierbij op een vaste positie langs de lijn terwijl het substraat\u00a0ervoor langs getransporteerd wordt. De afstand die de inkt kan overbruggen richting het printoppervlak wordt &#8220;throw-distance&#8221; genoemd.\u00a0Hoge codeersnelheden zijn hierdoor haalbaar waarbij het te coderen oppervlak niet plat of egaal hoeft te zijn.<\/p>\n<h2>Toepassingen van Kleinkarakter Inkjet<\/h2>\n<p>Kleinkarakter Inkjet wordt net als <span style=\"text-decoration: underline;\"><span style=\"color: #0000ff; text-decoration: underline;\"><a style=\"color: #0000ff; text-decoration: underline;\" title=\"Thermo Transfer\" href=\"http:\/\/kortho.com\/nl\/oplossingen\/codeertechnologieen\/thermo-transfer-tto\/\" target=\"_blank\" rel=\"noopener\">TTO<\/a><\/span><\/span> het meest toegepast in\u00a0<span style=\"color: #0000ff;\"><a style=\"color: #0000ff;\" title=\"Primaire fase productie\" href=\"http:\/\/kortho.com\/nl\/oplossingen\/verpakkingen-en-productiefase\/primair\/\" target=\"_blank\" rel=\"noopener\"><span style=\"text-decoration: underline;\">het primaire segment<\/span><\/a><\/span> van het verpakkingsproces (op individueel productniveau). Denk hierbij aan functionele\u00a0coderingen bestaand uit\u00a0enkele regels zoals houdbaarheidsdata, barcodes, batchnummers en logo&#8217;s. CIJ is geschikt voor vele poreuze en non-poreuze materialen waaronder\u00a0<span style=\"color: #0000ff;\"><a style=\"color: #0000ff;\" title=\"Papier printen kleinkarakter inkjet\" href=\"http:\/\/kortho.com\/nl\/oplossingen\/materialen\/papier\/\" target=\"_blank\" rel=\"noopener\"><span style=\"text-decoration: underline;\">papier<\/span><\/a><\/span>, <span style=\"color: #0000ff;\"><a style=\"color: #0000ff;\" title=\"Metaal printen kleinkarakter inkjet\" href=\"http:\/\/kortho.com\/nl\/oplossingen\/materialen\/metaal\/\" target=\"_blank\" rel=\"noopener\"><span style=\"text-decoration: underline;\">metaal<\/span><\/a><\/span>, <span style=\"color: #0000ff;\"><a style=\"color: #0000ff;\" title=\"Rubber printen kleinkarakter inkjet\" href=\"http:\/\/kortho.com\/nl\/oplossingen\/materialen\/rubber\/\" target=\"_blank\" rel=\"noopener\"><span style=\"text-decoration: underline;\">rubber<\/span><\/a><\/span>, <a title=\"Plastic coderen\" href=\"http:\/\/kortho.com\/nl\/oplossingen\/materialen\/plastic\/\" target=\"_blank\" rel=\"noopener\"><span style=\"text-decoration: underline; color: #0000ff;\">plastic<\/span><\/a>, <a title=\"Harde kunsttof kleinkarakter inkjet\" href=\"http:\/\/kortho.com\/nl\/oplossingen\/materialen\/kunststoffen-vasteplastic\/\" target=\"_blank\" rel=\"noopener\"><span style=\"text-decoration: underline; color: #0000ff;\">harde kunststoffen<\/span><\/a> en <a title=\"plastic coderen kleinkarakter inkjet\" href=\"http:\/\/kortho.com\/nl\/oplossingen\/materialen\/glas\/\" target=\"_blank\" rel=\"noopener\"><span style=\"text-decoration: underline; color: #0000ff;\">glas<\/span><\/a>. Al deze factoren garanderen een brede inzetbaarheid waardoor CIJ de meest gebruikte codeertechniek in de wereld is.<\/p>\n<h3><strong><span style=\"text-decoration: underline; color: #0000ff;\"><a style=\"color: #0000ff; text-decoration: underline;\" title=\"Kortho's Kleinkarakter Inkjets\" href=\"http:\/\/kortho.com\/nl\/productgroepen\/leibinger-kleinkarakter-inkjet\/\">Klik hier voor meer\u00a0info over Kortho&#8217;s Kleinkarakter Inkjets<\/a><\/span><\/strong><\/h3>\n","protected":false},"excerpt":{"rendered":"<p>&nbsp; Hoe werkt\u00a0Kleinkarakter\u00a0Inkjet? Kleinkarakter Inkjet (ook wel Continuous\u00a0Inkjet of CIJ) werkt door inktdruppels \u00e9\u00e9n voor \u00e9\u00e9n\u00a0richting het\u00a0te printen oppervlak of&hellip;<\/p>\n","protected":false},"author":1,"featured_media":247938,"parent":132,"menu_order":1,"comment_status":"closed","ping_status":"closed","template":"page_taxonomy_child.php","meta":{"_monsterinsights_skip_tracking":false,"_monsterinsights_sitenote_active":false,"_monsterinsights_sitenote_note":"","_monsterinsights_sitenote_category":0,"footnotes":""},"class_list":["post-252","page","type-page","status-publish","format-standard","has-post-thumbnail","hentry"],"yoast_head":"<!-- This site is optimized with the Yoast SEO plugin v23.6 - https:\/\/yoast.com\/wordpress\/plugins\/seo\/ -->\n<title>Kleinkarakter Inkjet (CIJ) - Kortho Coding &amp; Marking - Nederland<\/title>\n<meta name=\"description\" content=\"Sinds 1958 d\u00e9 wereldwijde partner voor alle coding en marking oplossingen. Bekijk de mogelijkheden van CIJ. Nooit meer duur en fout coderen met de Kortho Bespaar- en Codeergarantie. Vraag een gratis inventarisatie aan!\" \/>\n<meta name=\"robots\" content=\"index, follow, max-snippet:-1, max-image-preview:large, max-video-preview:-1\" \/>\n<link rel=\"canonical\" href=\"https:\/\/kortho.com\/nl\/oplossingen\/codeertechnologieen\/kleinkarakter-inkjet-cij\/\" \/>\n<meta property=\"og:locale\" content=\"en_US\" \/>\n<meta property=\"og:type\" content=\"article\" \/>\n<meta property=\"og:title\" content=\"Kleinkarakter Inkjet (CIJ) - Kortho Coding &amp; Marking - Nederland\" \/>\n<meta property=\"og:description\" content=\"Sinds 1958 d\u00e9 wereldwijde partner voor alle coding en marking oplossingen. Bekijk de mogelijkheden van CIJ. Nooit meer duur en fout coderen met de Kortho Bespaar- en Codeergarantie. Vraag een gratis inventarisatie aan!\" \/>\n<meta property=\"og:url\" content=\"https:\/\/kortho.com\/nl\/oplossingen\/codeertechnologieen\/kleinkarakter-inkjet-cij\/\" \/>\n<meta property=\"og:site_name\" content=\"Kortho Coding &amp; Marking - Nederland\" \/>\n<meta property=\"article:publisher\" content=\"https:\/\/www.facebook.com\/Kortho.Marking.and.Coding.theMarkofPreference\/\" \/>\n<meta property=\"article:modified_time\" content=\"2023-06-02T14:34:35+00:00\" \/>\n<meta property=\"og:image\" content=\"https:\/\/kortho.com\/nl\/wp-content\/uploads\/sites\/1\/2014\/11\/Kortho-Leibinger-IQ-JET-W.jpg\" \/>\n\t<meta property=\"og:image:width\" content=\"1024\" \/>\n\t<meta property=\"og:image:height\" content=\"819\" \/>\n\t<meta property=\"og:image:type\" content=\"image\/jpeg\" \/>\n<meta name=\"twitter:card\" content=\"summary_large_image\" \/>\n<meta name=\"twitter:label1\" content=\"Est. reading time\" \/>\n\t<meta name=\"twitter:data1\" content=\"3 minutes\" \/>\n<script type=\"application\/ld+json\" class=\"yoast-schema-graph\">{\"@context\":\"https:\/\/schema.org\",\"@graph\":[{\"@type\":\"WebPage\",\"@id\":\"https:\/\/kortho.com\/nl\/oplossingen\/codeertechnologieen\/kleinkarakter-inkjet-cij\/\",\"url\":\"https:\/\/kortho.com\/nl\/oplossingen\/codeertechnologieen\/kleinkarakter-inkjet-cij\/\",\"name\":\"Kleinkarakter Inkjet (CIJ) - Kortho Coding &amp; Marking - Nederland\",\"isPartOf\":{\"@id\":\"https:\/\/kortho.com\/nl\/#website\"},\"primaryImageOfPage\":{\"@id\":\"https:\/\/kortho.com\/nl\/oplossingen\/codeertechnologieen\/kleinkarakter-inkjet-cij\/#primaryimage\"},\"image\":{\"@id\":\"https:\/\/kortho.com\/nl\/oplossingen\/codeertechnologieen\/kleinkarakter-inkjet-cij\/#primaryimage\"},\"thumbnailUrl\":\"https:\/\/kortho.com\/nl\/wp-content\/uploads\/sites\/1\/2014\/11\/Kortho-Leibinger-IQ-JET-W.jpg\",\"datePublished\":\"2014-11-30T15:36:25+00:00\",\"dateModified\":\"2023-06-02T14:34:35+00:00\",\"description\":\"Sinds 1958 d\u00e9 wereldwijde partner voor alle coding en marking oplossingen. Bekijk de mogelijkheden van CIJ. Nooit meer duur en fout coderen met de Kortho Bespaar- en Codeergarantie. Vraag een gratis inventarisatie aan!\",\"breadcrumb\":{\"@id\":\"https:\/\/kortho.com\/nl\/oplossingen\/codeertechnologieen\/kleinkarakter-inkjet-cij\/#breadcrumb\"},\"inLanguage\":\"en-US\",\"potentialAction\":[{\"@type\":\"ReadAction\",\"target\":[\"https:\/\/kortho.com\/nl\/oplossingen\/codeertechnologieen\/kleinkarakter-inkjet-cij\/\"]}]},{\"@type\":\"ImageObject\",\"inLanguage\":\"en-US\",\"@id\":\"https:\/\/kortho.com\/nl\/oplossingen\/codeertechnologieen\/kleinkarakter-inkjet-cij\/#primaryimage\",\"url\":\"https:\/\/kortho.com\/nl\/wp-content\/uploads\/sites\/1\/2014\/11\/Kortho-Leibinger-IQ-JET-W.jpg\",\"contentUrl\":\"https:\/\/kortho.com\/nl\/wp-content\/uploads\/sites\/1\/2014\/11\/Kortho-Leibinger-IQ-JET-W.jpg\",\"width\":1024,\"height\":819},{\"@type\":\"BreadcrumbList\",\"@id\":\"https:\/\/kortho.com\/nl\/oplossingen\/codeertechnologieen\/kleinkarakter-inkjet-cij\/#breadcrumb\",\"itemListElement\":[{\"@type\":\"ListItem\",\"position\":1,\"name\":\"Home\",\"item\":\"https:\/\/kortho.com\/nl\/\"},{\"@type\":\"ListItem\",\"position\":2,\"name\":\"Oplossingen\",\"item\":\"https:\/\/kortho.com\/nl\/oplossingen\/\"},{\"@type\":\"ListItem\",\"position\":3,\"name\":\"Codeertechnieken\",\"item\":\"https:\/\/kortho.com\/nl\/oplossingen\/codeertechnologieen\/\"},{\"@type\":\"ListItem\",\"position\":4,\"name\":\"Kleinkarakter Inkjet (CIJ)\"}]},{\"@type\":\"WebSite\",\"@id\":\"https:\/\/kortho.com\/nl\/#website\",\"url\":\"https:\/\/kortho.com\/nl\/\",\"name\":\"Kortho Coding &amp; Marking - Nederland\",\"description\":\"Coding &amp; Marking\",\"potentialAction\":[{\"@type\":\"SearchAction\",\"target\":{\"@type\":\"EntryPoint\",\"urlTemplate\":\"https:\/\/kortho.com\/nl\/?s={search_term_string}\"},\"query-input\":{\"@type\":\"PropertyValueSpecification\",\"valueRequired\":true,\"valueName\":\"search_term_string\"}}],\"inLanguage\":\"en-US\"}]}<\/script>\n<!-- \/ Yoast SEO plugin. -->","yoast_head_json":{"title":"Kleinkarakter Inkjet (CIJ) - Kortho Coding &amp; Marking - Nederland","description":"Sinds 1958 d\u00e9 wereldwijde partner voor alle coding en marking oplossingen. Bekijk de mogelijkheden van CIJ. Nooit meer duur en fout coderen met de Kortho Bespaar- en Codeergarantie. Vraag een gratis inventarisatie aan!","robots":{"index":"index","follow":"follow","max-snippet":"max-snippet:-1","max-image-preview":"max-image-preview:large","max-video-preview":"max-video-preview:-1"},"canonical":"https:\/\/kortho.com\/nl\/oplossingen\/codeertechnologieen\/kleinkarakter-inkjet-cij\/","og_locale":"en_US","og_type":"article","og_title":"Kleinkarakter Inkjet (CIJ) - Kortho Coding &amp; Marking - Nederland","og_description":"Sinds 1958 d\u00e9 wereldwijde partner voor alle coding en marking oplossingen. Bekijk de mogelijkheden van CIJ. Nooit meer duur en fout coderen met de Kortho Bespaar- en Codeergarantie. Vraag een gratis inventarisatie aan!","og_url":"https:\/\/kortho.com\/nl\/oplossingen\/codeertechnologieen\/kleinkarakter-inkjet-cij\/","og_site_name":"Kortho Coding &amp; Marking - Nederland","article_publisher":"https:\/\/www.facebook.com\/Kortho.Marking.and.Coding.theMarkofPreference\/","article_modified_time":"2023-06-02T14:34:35+00:00","og_image":[{"width":1024,"height":819,"url":"https:\/\/kortho.com\/nl\/wp-content\/uploads\/sites\/1\/2014\/11\/Kortho-Leibinger-IQ-JET-W.jpg","type":"image\/jpeg"}],"twitter_card":"summary_large_image","twitter_misc":{"Est. reading time":"3 minutes"},"schema":{"@context":"https:\/\/schema.org","@graph":[{"@type":"WebPage","@id":"https:\/\/kortho.com\/nl\/oplossingen\/codeertechnologieen\/kleinkarakter-inkjet-cij\/","url":"https:\/\/kortho.com\/nl\/oplossingen\/codeertechnologieen\/kleinkarakter-inkjet-cij\/","name":"Kleinkarakter Inkjet (CIJ) - Kortho Coding &amp; Marking - Nederland","isPartOf":{"@id":"https:\/\/kortho.com\/nl\/#website"},"primaryImageOfPage":{"@id":"https:\/\/kortho.com\/nl\/oplossingen\/codeertechnologieen\/kleinkarakter-inkjet-cij\/#primaryimage"},"image":{"@id":"https:\/\/kortho.com\/nl\/oplossingen\/codeertechnologieen\/kleinkarakter-inkjet-cij\/#primaryimage"},"thumbnailUrl":"https:\/\/kortho.com\/nl\/wp-content\/uploads\/sites\/1\/2014\/11\/Kortho-Leibinger-IQ-JET-W.jpg","datePublished":"2014-11-30T15:36:25+00:00","dateModified":"2023-06-02T14:34:35+00:00","description":"Sinds 1958 d\u00e9 wereldwijde partner voor alle coding en marking oplossingen. Bekijk de mogelijkheden van CIJ. Nooit meer duur en fout coderen met de Kortho Bespaar- en Codeergarantie. Vraag een gratis inventarisatie aan!","breadcrumb":{"@id":"https:\/\/kortho.com\/nl\/oplossingen\/codeertechnologieen\/kleinkarakter-inkjet-cij\/#breadcrumb"},"inLanguage":"en-US","potentialAction":[{"@type":"ReadAction","target":["https:\/\/kortho.com\/nl\/oplossingen\/codeertechnologieen\/kleinkarakter-inkjet-cij\/"]}]},{"@type":"ImageObject","inLanguage":"en-US","@id":"https:\/\/kortho.com\/nl\/oplossingen\/codeertechnologieen\/kleinkarakter-inkjet-cij\/#primaryimage","url":"https:\/\/kortho.com\/nl\/wp-content\/uploads\/sites\/1\/2014\/11\/Kortho-Leibinger-IQ-JET-W.jpg","contentUrl":"https:\/\/kortho.com\/nl\/wp-content\/uploads\/sites\/1\/2014\/11\/Kortho-Leibinger-IQ-JET-W.jpg","width":1024,"height":819},{"@type":"BreadcrumbList","@id":"https:\/\/kortho.com\/nl\/oplossingen\/codeertechnologieen\/kleinkarakter-inkjet-cij\/#breadcrumb","itemListElement":[{"@type":"ListItem","position":1,"name":"Home","item":"https:\/\/kortho.com\/nl\/"},{"@type":"ListItem","position":2,"name":"Oplossingen","item":"https:\/\/kortho.com\/nl\/oplossingen\/"},{"@type":"ListItem","position":3,"name":"Codeertechnieken","item":"https:\/\/kortho.com\/nl\/oplossingen\/codeertechnologieen\/"},{"@type":"ListItem","position":4,"name":"Kleinkarakter Inkjet (CIJ)"}]},{"@type":"WebSite","@id":"https:\/\/kortho.com\/nl\/#website","url":"https:\/\/kortho.com\/nl\/","name":"Kortho Coding &amp; Marking - Nederland","description":"Coding &amp; Marking","potentialAction":[{"@type":"SearchAction","target":{"@type":"EntryPoint","urlTemplate":"https:\/\/kortho.com\/nl\/?s={search_term_string}"},"query-input":{"@type":"PropertyValueSpecification","valueRequired":true,"valueName":"search_term_string"}}],"inLanguage":"en-US"}]}},"_links":{"self":[{"href":"https:\/\/kortho.com\/nl\/wp-json\/wp\/v2\/pages\/252"}],"collection":[{"href":"https:\/\/kortho.com\/nl\/wp-json\/wp\/v2\/pages"}],"about":[{"href":"https:\/\/kortho.com\/nl\/wp-json\/wp\/v2\/types\/page"}],"author":[{"embeddable":true,"href":"https:\/\/kortho.com\/nl\/wp-json\/wp\/v2\/users\/1"}],"replies":[{"embeddable":true,"href":"https:\/\/kortho.com\/nl\/wp-json\/wp\/v2\/comments?post=252"}],"version-history":[{"count":118,"href":"https:\/\/kortho.com\/nl\/wp-json\/wp\/v2\/pages\/252\/revisions"}],"predecessor-version":[{"id":171477,"href":"https:\/\/kortho.com\/nl\/wp-json\/wp\/v2\/pages\/252\/revisions\/171477"}],"up":[{"embeddable":true,"href":"https:\/\/kortho.com\/nl\/wp-json\/wp\/v2\/pages\/132"}],"wp:featuredmedia":[{"embeddable":true,"href":"https:\/\/kortho.com\/nl\/wp-json\/wp\/v2\/media\/247938"}],"wp:attachment":[{"href":"https:\/\/kortho.com\/nl\/wp-json\/wp\/v2\/media?parent=252"}],"curies":[{"name":"wp","href":"https:\/\/api.w.org\/{rel}","templated":true}]}}