{"id":254,"date":"2014-11-30T15:36:58","date_gmt":"2014-11-30T15:36:58","guid":{"rendered":"http:\/\/jaspervandermeij.nl\/kortho\/nl\/?page_id=254"},"modified":"2019-09-13T14:18:40","modified_gmt":"2019-09-13T14:18:40","slug":"rolcoders","status":"publish","type":"page","link":"https:\/\/kortho.com\/nl\/oplossingen\/codeertechnologieen\/rolcoders\/","title":{"rendered":"Rolcoders"},"content":{"rendered":"<h1><img loading=\"lazy\" decoding=\"async\" class=\"alignleft size-full wp-image-1359\" src=\"http:\/\/kortho.com\/wp-content\/uploads\/2015\/06\/Kortho-Rolcoder-printen-op-kunststof-folie-K2.jpg\" alt=\"Kortho-Rolcoder-printen-op-kunststof-folie-K\" width=\"138\" height=\"138\" \/> <img loading=\"lazy\" decoding=\"async\" class=\"alignleft size-full wp-image-1340\" src=\"http:\/\/kortho.com\/wp-content\/uploads\/2015\/06\/Kortho-Rolcoder-printen-op-papieren-zak-in-stofrijke-ruimte-gips-cement-K.jpg\" alt=\"Kortho-Rolcoder-printen-op-papieren-zak-in-stofrijke-ruimte-gips-cement-K\" width=\"138\" height=\"138\" \/> <img loading=\"lazy\" decoding=\"async\" class=\"alignleft size-full wp-image-1346\" src=\"http:\/\/kortho.com\/wp-content\/uploads\/2015\/06\/Kortho-Rolcoder-printen-logo-en-doorlopende-stippel-snijlijn-op-eindloos-betumen-product-K.jpg\" alt=\"Kortho-Rolcoder-printen-logo-en-doorlopende-stippel-snijlijn-op-eindloos-betumen-product-K\" width=\"138\" height=\"138\" \/> <img loading=\"lazy\" decoding=\"async\" class=\"alignleft size-full wp-image-1360\" src=\"http:\/\/kortho.com\/wp-content\/uploads\/2015\/06\/Kortho-Rolcoder-printen-op-diverse-materialen-poreus-en-niet-poreus-K2.jpg\" alt=\"Kortho-Rolcoder-printen-op-diverse-materialen-poreus-en-niet-poreus-K\" width=\"138\" height=\"138\" \/> <img loading=\"lazy\" decoding=\"async\" class=\"alignleft size-full wp-image-1344\" src=\"http:\/\/kortho.com\/wp-content\/uploads\/2015\/06\/Kortho-Rolcoder-printen-logo-op-kartonnen-doos-K.jpg\" alt=\"Kortho-Rolcoder-printen-logo-op-kartonnen-doos-K\" width=\"138\" height=\"138\" \/> <img loading=\"lazy\" decoding=\"async\" class=\"alignleft size-full wp-image-1343\" src=\"http:\/\/kortho.com\/wp-content\/uploads\/2015\/06\/Kortho-Rolcoder-printen-logo-op-katoen-K.jpg\" alt=\"Kortho-Rolcoder-printen-logo-op-katoen-K\" width=\"138\" height=\"138\" \/><\/h1>\n<h1><\/h1>\n<h1><\/h1>\n<h1><\/h1>\n<h2>Hoe werkt een Rolcoder?<\/h2>\n<p>Rolcoders zijn\u00a0100% mechanische codeersystemen welke in-lijn ingezet kunnen worden. Een rubber clich\u00e9 met karakters en\/of logo&#8217;s wordt hierbij op een cilinder geplaatst waarna het te printen product erlangs wordt getransporteerd. In \u00e9\u00e9n beweging wordt dan vervolgens het clich\u00e9 be\u00efnkt en daarna afgerold over het product. De codering komt dan tot stand door de inkt van het clich\u00e9 over te stempelen op het te printen oppervlak.<\/p>\n<h2>Zowel mobiel\u00a0als in-lijn coderen in de zwaarste omgevingen<\/h2>\n<p>Naast het in-lijn het afrollen, kan de rolcoder ook handmatig over een product worden afgerold. In dit geval spreken we van een handcoder. Omdat de rolcoder een 100% mechanische opbouw heeft, is het een extreem betrouwbare en robuuste\u00a0codeertechniek. Temperatuur, stof, vuil of vocht hebben dan ook geen enkele invloed op de werking ervan. Dit maakt van de rolcoder een volledig onderhoudsvrije codeertechniek ongeacht de bedrijfsomgeving.<\/p>\n<h2>Toepassingen voor Rolcoders<\/h2>\n<p>Rolcoders worden vooral ingezet in de <span style=\"text-decoration: underline; color: #0000ff;\"><a style=\"color: #0000ff; text-decoration: underline;\" title=\"Secundaire verpakkingsfase\" href=\"http:\/\/kortho.com\/nl\/oplossingen\/verpakkingen-en-productiefase\/secundair\/\" target=\"_blank\" rel=\"noopener noreferrer\">secundaire<\/a><\/span><span style=\"color: #000000;\">\u00a0en <a title=\"tertiare productiefase\" href=\"http:\/\/kortho.com\/nl\/oplossingen\/verpakkingen-en-productiefase\/tertiar\/\" target=\"_blank\" rel=\"noopener noreferrer\"><span style=\"text-decoration: underline;\"><span style=\"color: #0000ff; text-decoration: underline;\">tertiaire<\/span><\/span><\/a> fase<\/span> van een verpakkingslijn\u00a0waar budgetoverwegingen zwaar wegen en de codering niet veel verandert. Een tweede argument is de hoge betrouwbaarheid en het niet nodig hebben van stroom of luchtdruk. Denk hierbij aan zware (ATEX) omgevingen, of in het geval van de handcoder op schepen of booreilanden waar veel vocht is. Handmatig kunnen dan kratten, dozen, vaten en pallets eenvoudig voorzien worden van een codering. Verder maakt de extreme robuustheid de rolcoder uitermate geschikt om gebruikt te worden in stoffige omgevingen zoals in de <a title=\"Hout printen\" href=\"http:\/\/kortho.com\/nl\/oplossingen\/materialen\/hout\/\" target=\"_blank\" rel=\"noopener noreferrer\"><span style=\"text-decoration: underline; color: #0000ff;\">hout<\/span><\/a>, <span style=\"color: #0000ff;\"><a style=\"color: #0000ff;\" title=\"Bouwprinter\" href=\"http:\/\/kortho.com\/nl\/oplossingen\/branche\/bouw-constructie\/\" target=\"_blank\" rel=\"noopener noreferrer\"><span style=\"text-decoration: underline;\">bouw<\/span><\/a><\/span>, en\/of <span style=\"color: #0000ff;\"><a style=\"color: #0000ff;\" title=\"Vezels\" href=\"http:\/\/kortho.com\/nl\/oplossingen\/materialen\/vezels\/\" target=\"_blank\" rel=\"noopener noreferrer\"><span style=\"text-decoration: underline;\">vezelverwerking<\/span><\/a><\/span>.<\/p>\n<h3><span style=\"text-decoration: underline; color: #0000ff;\"><a style=\"color: #0000ff; text-decoration: underline;\" title=\"Kortho Rolcoder\" href=\"http:\/\/kortho.com\/nl\/productgroepen\/kortho-rolcoder\/\">Klik hier voor meer info over Kortho&#8217;s Rolcoders<\/a><\/span><\/h3>\n","protected":false},"excerpt":{"rendered":"<p>Hoe werkt een Rolcoder? Rolcoders zijn\u00a0100% mechanische codeersystemen welke in-lijn ingezet kunnen worden. Een rubber clich\u00e9 met karakters en\/of logo&#8217;s&hellip;<\/p>\n","protected":false},"author":1,"featured_media":1356,"parent":132,"menu_order":8,"comment_status":"closed","ping_status":"closed","template":"page_taxonomy_child.php","meta":{"_monsterinsights_skip_tracking":false,"_monsterinsights_sitenote_active":false,"_monsterinsights_sitenote_note":"","_monsterinsights_sitenote_category":0,"footnotes":""},"class_list":["post-254","page","type-page","status-publish","format-standard","has-post-thumbnail","hentry"],"yoast_head":"<!-- This site is optimized with the Yoast SEO plugin v23.6 - https:\/\/yoast.com\/wordpress\/plugins\/seo\/ -->\n<title>Rolcoders - Kortho Coding &amp; Marking - Nederland<\/title>\n<meta name=\"description\" content=\"Rolcoders worden vooral ingezet in de secundaire en tertiaire fase van een verpakkingslijn waar budgetoverwegingen of de toepassingsomgevingen zwaar wegen.\" \/>\n<meta name=\"robots\" content=\"index, follow, max-snippet:-1, max-image-preview:large, max-video-preview:-1\" \/>\n<link rel=\"canonical\" href=\"https:\/\/kortho.com\/nl\/oplossingen\/codeertechnologieen\/rolcoders\/\" \/>\n<meta property=\"og:locale\" content=\"en_US\" \/>\n<meta property=\"og:type\" content=\"article\" \/>\n<meta property=\"og:title\" content=\"Rolcoders - Kortho Coding &amp; Marking - Nederland\" \/>\n<meta property=\"og:description\" content=\"Rolcoders worden vooral ingezet in de secundaire en tertiaire fase van een verpakkingslijn waar budgetoverwegingen of de toepassingsomgevingen zwaar wegen.\" \/>\n<meta property=\"og:url\" content=\"https:\/\/kortho.com\/nl\/oplossingen\/codeertechnologieen\/rolcoders\/\" \/>\n<meta property=\"og:site_name\" content=\"Kortho Coding &amp; Marking - Nederland\" \/>\n<meta property=\"article:publisher\" content=\"https:\/\/www.facebook.com\/Kortho.Marking.and.Coding.theMarkofPreference\/\" \/>\n<meta property=\"article:modified_time\" content=\"2019-09-13T14:18:40+00:00\" \/>\n<meta property=\"og:image\" content=\"https:\/\/kortho.com\/nl\/wp-content\/uploads\/sites\/1\/2015\/06\/Kortho-25-55-100-_140-Rolcoder-N2.jpg\" \/>\n\t<meta property=\"og:image:width\" content=\"280\" \/>\n\t<meta property=\"og:image:height\" content=\"242\" \/>\n\t<meta property=\"og:image:type\" content=\"image\/jpeg\" \/>\n<meta name=\"twitter:card\" content=\"summary_large_image\" \/>\n<meta name=\"twitter:label1\" content=\"Est. reading time\" \/>\n\t<meta name=\"twitter:data1\" content=\"1 minute\" \/>\n<script type=\"application\/ld+json\" class=\"yoast-schema-graph\">{\"@context\":\"https:\/\/schema.org\",\"@graph\":[{\"@type\":\"WebPage\",\"@id\":\"https:\/\/kortho.com\/nl\/oplossingen\/codeertechnologieen\/rolcoders\/\",\"url\":\"https:\/\/kortho.com\/nl\/oplossingen\/codeertechnologieen\/rolcoders\/\",\"name\":\"Rolcoders - Kortho Coding &amp; Marking - Nederland\",\"isPartOf\":{\"@id\":\"https:\/\/kortho.com\/nl\/#website\"},\"primaryImageOfPage\":{\"@id\":\"https:\/\/kortho.com\/nl\/oplossingen\/codeertechnologieen\/rolcoders\/#primaryimage\"},\"image\":{\"@id\":\"https:\/\/kortho.com\/nl\/oplossingen\/codeertechnologieen\/rolcoders\/#primaryimage\"},\"thumbnailUrl\":\"https:\/\/kortho.com\/nl\/wp-content\/uploads\/sites\/1\/2015\/06\/Kortho-25-55-100-_140-Rolcoder-N2.jpg\",\"datePublished\":\"2014-11-30T15:36:58+00:00\",\"dateModified\":\"2019-09-13T14:18:40+00:00\",\"description\":\"Rolcoders worden vooral ingezet in de secundaire en tertiaire fase van een verpakkingslijn waar budgetoverwegingen of de toepassingsomgevingen zwaar wegen.\",\"breadcrumb\":{\"@id\":\"https:\/\/kortho.com\/nl\/oplossingen\/codeertechnologieen\/rolcoders\/#breadcrumb\"},\"inLanguage\":\"en-US\",\"potentialAction\":[{\"@type\":\"ReadAction\",\"target\":[\"https:\/\/kortho.com\/nl\/oplossingen\/codeertechnologieen\/rolcoders\/\"]}]},{\"@type\":\"ImageObject\",\"inLanguage\":\"en-US\",\"@id\":\"https:\/\/kortho.com\/nl\/oplossingen\/codeertechnologieen\/rolcoders\/#primaryimage\",\"url\":\"https:\/\/kortho.com\/nl\/wp-content\/uploads\/sites\/1\/2015\/06\/Kortho-25-55-100-_140-Rolcoder-N2.jpg\",\"contentUrl\":\"https:\/\/kortho.com\/nl\/wp-content\/uploads\/sites\/1\/2015\/06\/Kortho-25-55-100-_140-Rolcoder-N2.jpg\",\"width\":280,\"height\":242},{\"@type\":\"BreadcrumbList\",\"@id\":\"https:\/\/kortho.com\/nl\/oplossingen\/codeertechnologieen\/rolcoders\/#breadcrumb\",\"itemListElement\":[{\"@type\":\"ListItem\",\"position\":1,\"name\":\"Home\",\"item\":\"https:\/\/kortho.com\/nl\/\"},{\"@type\":\"ListItem\",\"position\":2,\"name\":\"Oplossingen\",\"item\":\"https:\/\/kortho.com\/nl\/oplossingen\/\"},{\"@type\":\"ListItem\",\"position\":3,\"name\":\"Codeertechnieken\",\"item\":\"https:\/\/kortho.com\/nl\/oplossingen\/codeertechnologieen\/\"},{\"@type\":\"ListItem\",\"position\":4,\"name\":\"Rolcoders\"}]},{\"@type\":\"WebSite\",\"@id\":\"https:\/\/kortho.com\/nl\/#website\",\"url\":\"https:\/\/kortho.com\/nl\/\",\"name\":\"Kortho Coding &amp; Marking - Nederland\",\"description\":\"Coding &amp; Marking\",\"potentialAction\":[{\"@type\":\"SearchAction\",\"target\":{\"@type\":\"EntryPoint\",\"urlTemplate\":\"https:\/\/kortho.com\/nl\/?s={search_term_string}\"},\"query-input\":{\"@type\":\"PropertyValueSpecification\",\"valueRequired\":true,\"valueName\":\"search_term_string\"}}],\"inLanguage\":\"en-US\"}]}<\/script>\n<!-- \/ Yoast SEO plugin. -->","yoast_head_json":{"title":"Rolcoders - Kortho Coding &amp; Marking - Nederland","description":"Rolcoders worden vooral ingezet in de secundaire en tertiaire fase van een verpakkingslijn waar budgetoverwegingen of de toepassingsomgevingen zwaar wegen.","robots":{"index":"index","follow":"follow","max-snippet":"max-snippet:-1","max-image-preview":"max-image-preview:large","max-video-preview":"max-video-preview:-1"},"canonical":"https:\/\/kortho.com\/nl\/oplossingen\/codeertechnologieen\/rolcoders\/","og_locale":"en_US","og_type":"article","og_title":"Rolcoders - Kortho Coding &amp; Marking - Nederland","og_description":"Rolcoders worden vooral ingezet in de secundaire en tertiaire fase van een verpakkingslijn waar budgetoverwegingen of de toepassingsomgevingen zwaar wegen.","og_url":"https:\/\/kortho.com\/nl\/oplossingen\/codeertechnologieen\/rolcoders\/","og_site_name":"Kortho Coding &amp; Marking - Nederland","article_publisher":"https:\/\/www.facebook.com\/Kortho.Marking.and.Coding.theMarkofPreference\/","article_modified_time":"2019-09-13T14:18:40+00:00","og_image":[{"width":280,"height":242,"url":"https:\/\/kortho.com\/nl\/wp-content\/uploads\/sites\/1\/2015\/06\/Kortho-25-55-100-_140-Rolcoder-N2.jpg","type":"image\/jpeg"}],"twitter_card":"summary_large_image","twitter_misc":{"Est. reading time":"1 minute"},"schema":{"@context":"https:\/\/schema.org","@graph":[{"@type":"WebPage","@id":"https:\/\/kortho.com\/nl\/oplossingen\/codeertechnologieen\/rolcoders\/","url":"https:\/\/kortho.com\/nl\/oplossingen\/codeertechnologieen\/rolcoders\/","name":"Rolcoders - Kortho Coding &amp; Marking - Nederland","isPartOf":{"@id":"https:\/\/kortho.com\/nl\/#website"},"primaryImageOfPage":{"@id":"https:\/\/kortho.com\/nl\/oplossingen\/codeertechnologieen\/rolcoders\/#primaryimage"},"image":{"@id":"https:\/\/kortho.com\/nl\/oplossingen\/codeertechnologieen\/rolcoders\/#primaryimage"},"thumbnailUrl":"https:\/\/kortho.com\/nl\/wp-content\/uploads\/sites\/1\/2015\/06\/Kortho-25-55-100-_140-Rolcoder-N2.jpg","datePublished":"2014-11-30T15:36:58+00:00","dateModified":"2019-09-13T14:18:40+00:00","description":"Rolcoders worden vooral ingezet in de secundaire en tertiaire fase van een verpakkingslijn waar budgetoverwegingen of de toepassingsomgevingen zwaar wegen.","breadcrumb":{"@id":"https:\/\/kortho.com\/nl\/oplossingen\/codeertechnologieen\/rolcoders\/#breadcrumb"},"inLanguage":"en-US","potentialAction":[{"@type":"ReadAction","target":["https:\/\/kortho.com\/nl\/oplossingen\/codeertechnologieen\/rolcoders\/"]}]},{"@type":"ImageObject","inLanguage":"en-US","@id":"https:\/\/kortho.com\/nl\/oplossingen\/codeertechnologieen\/rolcoders\/#primaryimage","url":"https:\/\/kortho.com\/nl\/wp-content\/uploads\/sites\/1\/2015\/06\/Kortho-25-55-100-_140-Rolcoder-N2.jpg","contentUrl":"https:\/\/kortho.com\/nl\/wp-content\/uploads\/sites\/1\/2015\/06\/Kortho-25-55-100-_140-Rolcoder-N2.jpg","width":280,"height":242},{"@type":"BreadcrumbList","@id":"https:\/\/kortho.com\/nl\/oplossingen\/codeertechnologieen\/rolcoders\/#breadcrumb","itemListElement":[{"@type":"ListItem","position":1,"name":"Home","item":"https:\/\/kortho.com\/nl\/"},{"@type":"ListItem","position":2,"name":"Oplossingen","item":"https:\/\/kortho.com\/nl\/oplossingen\/"},{"@type":"ListItem","position":3,"name":"Codeertechnieken","item":"https:\/\/kortho.com\/nl\/oplossingen\/codeertechnologieen\/"},{"@type":"ListItem","position":4,"name":"Rolcoders"}]},{"@type":"WebSite","@id":"https:\/\/kortho.com\/nl\/#website","url":"https:\/\/kortho.com\/nl\/","name":"Kortho Coding &amp; Marking - Nederland","description":"Coding &amp; Marking","potentialAction":[{"@type":"SearchAction","target":{"@type":"EntryPoint","urlTemplate":"https:\/\/kortho.com\/nl\/?s={search_term_string}"},"query-input":{"@type":"PropertyValueSpecification","valueRequired":true,"valueName":"search_term_string"}}],"inLanguage":"en-US"}]}},"_links":{"self":[{"href":"https:\/\/kortho.com\/nl\/wp-json\/wp\/v2\/pages\/254"}],"collection":[{"href":"https:\/\/kortho.com\/nl\/wp-json\/wp\/v2\/pages"}],"about":[{"href":"https:\/\/kortho.com\/nl\/wp-json\/wp\/v2\/types\/page"}],"author":[{"embeddable":true,"href":"https:\/\/kortho.com\/nl\/wp-json\/wp\/v2\/users\/1"}],"replies":[{"embeddable":true,"href":"https:\/\/kortho.com\/nl\/wp-json\/wp\/v2\/comments?post=254"}],"version-history":[{"count":49,"href":"https:\/\/kortho.com\/nl\/wp-json\/wp\/v2\/pages\/254\/revisions"}],"predecessor-version":[{"id":10959,"href":"https:\/\/kortho.com\/nl\/wp-json\/wp\/v2\/pages\/254\/revisions\/10959"}],"up":[{"embeddable":true,"href":"https:\/\/kortho.com\/nl\/wp-json\/wp\/v2\/pages\/132"}],"wp:featuredmedia":[{"embeddable":true,"href":"https:\/\/kortho.com\/nl\/wp-json\/wp\/v2\/media\/1356"}],"wp:attachment":[{"href":"https:\/\/kortho.com\/nl\/wp-json\/wp\/v2\/media?parent=254"}],"curies":[{"name":"wp","href":"https:\/\/api.w.org\/{rel}","templated":true}]}}