{"id":409,"date":"2015-01-11T19:41:12","date_gmt":"2015-01-11T19:41:12","guid":{"rendered":"http:\/\/jaspervandermeij.nl\/kortho\/nl\/?page_id=409"},"modified":"2021-04-19T09:44:41","modified_gmt":"2021-04-19T09:44:41","slug":"vereenvoudig-labelmanagement","status":"publish","type":"page","link":"https:\/\/kortho.com\/nl\/oplossingen\/automatisering_coderen\/vereenvoudig-labelmanagement\/","title":{"rendered":"Intelligent labeldesign"},"content":{"rendered":"<p><img loading=\"lazy\" decoding=\"async\" class=\"alignleft size-full wp-image-2062\" src=\"http:\/\/kortho.com\/wp-content\/uploads\/2015\/07\/Intelligent-labeldesign-met-Nicelabel-en-Kortho-Coding.jpg\" alt=\"Intelligent-labeldesign-met-Nicelabel-en-Kortho-Coding\" width=\"840\" height=\"138\" srcset=\"https:\/\/kortho.com\/nl\/wp-content\/uploads\/sites\/1\/2015\/07\/Intelligent-labeldesign-met-Nicelabel-en-Kortho-Coding.jpg 840w, https:\/\/kortho.com\/nl\/wp-content\/uploads\/sites\/1\/2015\/07\/Intelligent-labeldesign-met-Nicelabel-en-Kortho-Coding-300x49.jpg 300w\" sizes=\"(max-width: 840px) 100vw, 840px\" \/><\/p>\n<p>&nbsp;<\/p>\n<h1>Vervang vele statische labels door \u00e9\u00e9n dynamische template<\/h1>\n<p>Waar voorheen voor elk individueel product een eigen\u00a0statische labelafbeelding werd gebruikt, is het nu mogelijk om \u00e9\u00e9n labeltemplate te gebruiken met dynamisch vari\u00ebrende velden. De veranderende inhoud\u00a0van het label wordt hierbij tijdens het printen realtime uit (externe) databases opgehaald, en\/of vanuit de\u00a0interne functies van de printer (datum, teller etc.).\u00a0Labelwijzigingen\u00a0hoeven dus <span style=\"text-decoration: underline;\"><strong>niet meer handmatig<\/strong><\/span> en individueel gedaan\u00a0te worden, maar kunnen\u00a0in \u00e9\u00e9n keer\u00a0voor alle producten door worden gevoerd via de template.<\/p>\n<h2>Automatisch allergenen highlighten, voedingswaardes berekenen en tekst schalen<\/h2>\n<p>Naast dat een template\u00a0het aantal losse labels drastisch verlaagt, is het\u00a0ook mogelijk om er automatische functies in te bouwen. Denk aan het <span style=\"text-decoration: underline;\"><span style=\"color: #0000ff;\"><a style=\"color: #0000ff; text-decoration: underline;\" href=\"http:\/\/kortho.com\/nl\/meldingen-onveilige-producten-en-recalls\/\" target=\"_blank\" rel=\"noopener\">automatisch detecteren en highlighten van allergenen<\/a><\/span><\/span>, het uitrekenen van voedingswaardes of het groter\/kleiner schalen van elementen als ze uit het printoppervlak dreigen te lopen.\u00a0Deze functies\u00a0worden\u00a0real-time in het label doorgevoerd tijdens het printen waardoor de database waar de basisinformatie uit wordt gehaald ongewijzigd blijft.<\/p>\n<p><img loading=\"lazy\" decoding=\"async\" class=\"alignleft wp-image-181180 size-full\" src=\"https:\/\/kortho.com\/nl\/wp-content\/uploads\/sites\/1\/2021\/04\/Intelligent-labeldesign-Maatjesharing-2021-840x-280.png\" alt=\"\" width=\"840\" height=\"280\" srcset=\"https:\/\/kortho.com\/nl\/wp-content\/uploads\/sites\/1\/2021\/04\/Intelligent-labeldesign-Maatjesharing-2021-840x-280.png 840w, https:\/\/kortho.com\/nl\/wp-content\/uploads\/sites\/1\/2021\/04\/Intelligent-labeldesign-Maatjesharing-2021-840x-280-300x100.png 300w, https:\/\/kortho.com\/nl\/wp-content\/uploads\/sites\/1\/2021\/04\/Intelligent-labeldesign-Maatjesharing-2021-840x-280-768x256.png 768w\" sizes=\"(max-width: 840px) 100vw, 840px\" \/><\/p>\n<h3>Downloads<\/h3>\n<ul>\n<li>Drivers: <span style=\"text-decoration: underline;\"><span style=\"color: #0000ff;\"><a style=\"color: #0000ff; text-decoration: underline;\" href=\"http:\/\/www.nicelabel.com\/downloads\/nicedrivers\/kortho\/?uid=00094\" target=\"_blank\" rel=\"noopener\">Kortho<\/a><\/span><\/span>\u00a0&amp; <span style=\"text-decoration: underline;\"><span style=\"color: #0000ff;\"><a style=\"color: #0000ff; text-decoration: underline;\" href=\"http:\/\/www.nicelabel.com\/downloads\/nicedrivers\/leibinger\/?uid=00094\" target=\"_blank\" rel=\"noopener\">Leibinger<\/a><\/span><\/span>\u00a0&amp; <span style=\"text-decoration: underline; color: #0000ff;\"><a style=\"color: #0000ff; text-decoration: underline;\" href=\"http:\/\/www.nicelabel.com\/downloads\/nicedrivers\/cab\/?uid=00094\" target=\"_blank\" rel=\"noopener\">Cab<\/a><\/span>\u00a0&amp; <span style=\"text-decoration: underline;\"><span style=\"color: #0000ff;\"><a style=\"color: #0000ff; text-decoration: underline;\" href=\"http:\/\/www.nicelabel.com\/downloads\/nicedrivers\/avery\/?uid=00094\" target=\"_blank\" rel=\"noopener\">Avery<\/a><\/span><\/span><\/li>\n<li>Software: <a title=\"Nicelabel Designer Pro\" href=\"https:\/\/www.nicelabel.com\/downloads\/nicelabel-2017?uid=00094\" target=\"_blank\" rel=\"noopener\"><span style=\"text-decoration: underline; color: #0000ff;\"><span style=\"text-decoration: underline;\">Nicelabel Label Management Software<\/span><\/span><\/a><\/li>\n<li>Leaflet:\u00a0<span style=\"text-decoration: underline;\"><span style=\"color: #0000ff;\"><a style=\"color: #0000ff; text-decoration: underline;\" title=\"Automatiseer in 3 stappen\" href=\"http:\/\/kortho.com\/nl\/wp-content\/uploads\/sites\/1\/2016\/02\/Kortho-Sluit-Codeerfouten-uit-Automatiseer-in-3-stappen-Hoe-werkt-het-11-02-16.pdf\" target=\"_blank\" rel=\"noopener\">Kortho Software leaflet<\/a><\/span><\/span><\/li>\n<\/ul>\n<p>&nbsp;<\/p>\n<p>&nbsp;<\/p>\n","protected":false},"excerpt":{"rendered":"<p>&nbsp; Vervang vele statische labels door \u00e9\u00e9n dynamische template Waar voorheen voor elk individueel product een eigen\u00a0statische labelafbeelding werd gebruikt,&hellip;<\/p>\n","protected":false},"author":1,"featured_media":1986,"parent":394,"menu_order":7,"comment_status":"closed","ping_status":"closed","template":"page_taxonomy_child.php","meta":{"_monsterinsights_skip_tracking":false,"_monsterinsights_sitenote_active":false,"_monsterinsights_sitenote_note":"","_monsterinsights_sitenote_category":0,"footnotes":""},"class_list":["post-409","page","type-page","status-publish","format-standard","has-post-thumbnail","hentry"],"yoast_head":"<!-- This site is optimized with the Yoast SEO plugin v23.6 - https:\/\/yoast.com\/wordpress\/plugins\/seo\/ -->\n<title>Intelligent labeldesign - Kortho Coding &amp; Marking - Nederland<\/title>\n<meta name=\"description\" content=\"Bekijk het Intelligent Labeldesign van Kortho. Sinds 1958 d\u00e9 wereldwijde partner voor alle coding en marking oplossingen. Nooit meer duur en fout coderen met de Kortho Bespaar- en Codeergarantie. Vraag een gratis inventarisatie aan!\" \/>\n<meta name=\"robots\" content=\"index, follow, max-snippet:-1, max-image-preview:large, max-video-preview:-1\" \/>\n<link rel=\"canonical\" href=\"https:\/\/kortho.com\/nl\/oplossingen\/automatisering_coderen\/vereenvoudig-labelmanagement\/\" \/>\n<meta property=\"og:locale\" content=\"en_US\" \/>\n<meta property=\"og:type\" content=\"article\" \/>\n<meta property=\"og:title\" content=\"Intelligent labeldesign - Kortho Coding &amp; Marking - Nederland\" \/>\n<meta property=\"og:description\" content=\"Bekijk het Intelligent Labeldesign van Kortho. Sinds 1958 d\u00e9 wereldwijde partner voor alle coding en marking oplossingen. Nooit meer duur en fout coderen met de Kortho Bespaar- en Codeergarantie. Vraag een gratis inventarisatie aan!\" \/>\n<meta property=\"og:url\" content=\"https:\/\/kortho.com\/nl\/oplossingen\/automatisering_coderen\/vereenvoudig-labelmanagement\/\" \/>\n<meta property=\"og:site_name\" content=\"Kortho Coding &amp; Marking - Nederland\" \/>\n<meta property=\"article:publisher\" content=\"https:\/\/www.facebook.com\/Kortho.Marking.and.Coding.theMarkofPreference\/\" \/>\n<meta property=\"article:modified_time\" content=\"2021-04-19T09:44:41+00:00\" \/>\n<meta property=\"og:image\" content=\"https:\/\/kortho.com\/nl\/wp-content\/uploads\/sites\/1\/2015\/07\/Intelligent-labeldesign-met-Kortho-en-Nicelabel-software1.jpg\" \/>\n\t<meta property=\"og:image:width\" content=\"280\" \/>\n\t<meta property=\"og:image:height\" content=\"280\" \/>\n\t<meta property=\"og:image:type\" content=\"image\/jpeg\" \/>\n<meta name=\"twitter:card\" content=\"summary_large_image\" \/>\n<meta name=\"twitter:label1\" content=\"Est. reading time\" \/>\n\t<meta name=\"twitter:data1\" content=\"2 minutes\" \/>\n<script type=\"application\/ld+json\" class=\"yoast-schema-graph\">{\"@context\":\"https:\/\/schema.org\",\"@graph\":[{\"@type\":\"WebPage\",\"@id\":\"https:\/\/kortho.com\/nl\/oplossingen\/automatisering_coderen\/vereenvoudig-labelmanagement\/\",\"url\":\"https:\/\/kortho.com\/nl\/oplossingen\/automatisering_coderen\/vereenvoudig-labelmanagement\/\",\"name\":\"Intelligent labeldesign - Kortho Coding &amp; Marking - Nederland\",\"isPartOf\":{\"@id\":\"https:\/\/kortho.com\/nl\/#website\"},\"primaryImageOfPage\":{\"@id\":\"https:\/\/kortho.com\/nl\/oplossingen\/automatisering_coderen\/vereenvoudig-labelmanagement\/#primaryimage\"},\"image\":{\"@id\":\"https:\/\/kortho.com\/nl\/oplossingen\/automatisering_coderen\/vereenvoudig-labelmanagement\/#primaryimage\"},\"thumbnailUrl\":\"https:\/\/kortho.com\/nl\/wp-content\/uploads\/sites\/1\/2015\/07\/Intelligent-labeldesign-met-Kortho-en-Nicelabel-software1.jpg\",\"datePublished\":\"2015-01-11T19:41:12+00:00\",\"dateModified\":\"2021-04-19T09:44:41+00:00\",\"description\":\"Bekijk het Intelligent Labeldesign van Kortho. Sinds 1958 d\u00e9 wereldwijde partner voor alle coding en marking oplossingen. Nooit meer duur en fout coderen met de Kortho Bespaar- en Codeergarantie. Vraag een gratis inventarisatie aan!\",\"breadcrumb\":{\"@id\":\"https:\/\/kortho.com\/nl\/oplossingen\/automatisering_coderen\/vereenvoudig-labelmanagement\/#breadcrumb\"},\"inLanguage\":\"en-US\",\"potentialAction\":[{\"@type\":\"ReadAction\",\"target\":[\"https:\/\/kortho.com\/nl\/oplossingen\/automatisering_coderen\/vereenvoudig-labelmanagement\/\"]}]},{\"@type\":\"ImageObject\",\"inLanguage\":\"en-US\",\"@id\":\"https:\/\/kortho.com\/nl\/oplossingen\/automatisering_coderen\/vereenvoudig-labelmanagement\/#primaryimage\",\"url\":\"https:\/\/kortho.com\/nl\/wp-content\/uploads\/sites\/1\/2015\/07\/Intelligent-labeldesign-met-Kortho-en-Nicelabel-software1.jpg\",\"contentUrl\":\"https:\/\/kortho.com\/nl\/wp-content\/uploads\/sites\/1\/2015\/07\/Intelligent-labeldesign-met-Kortho-en-Nicelabel-software1.jpg\",\"width\":280,\"height\":280},{\"@type\":\"BreadcrumbList\",\"@id\":\"https:\/\/kortho.com\/nl\/oplossingen\/automatisering_coderen\/vereenvoudig-labelmanagement\/#breadcrumb\",\"itemListElement\":[{\"@type\":\"ListItem\",\"position\":1,\"name\":\"Home\",\"item\":\"https:\/\/kortho.com\/nl\/\"},{\"@type\":\"ListItem\",\"position\":2,\"name\":\"Oplossingen\",\"item\":\"https:\/\/kortho.com\/nl\/oplossingen\/\"},{\"@type\":\"ListItem\",\"position\":3,\"name\":\"Automatisering\",\"item\":\"https:\/\/kortho.com\/nl\/oplossingen\/automatisering_coderen\/\"},{\"@type\":\"ListItem\",\"position\":4,\"name\":\"Intelligent labeldesign\"}]},{\"@type\":\"WebSite\",\"@id\":\"https:\/\/kortho.com\/nl\/#website\",\"url\":\"https:\/\/kortho.com\/nl\/\",\"name\":\"Kortho Coding &amp; Marking - Nederland\",\"description\":\"Coding &amp; Marking\",\"potentialAction\":[{\"@type\":\"SearchAction\",\"target\":{\"@type\":\"EntryPoint\",\"urlTemplate\":\"https:\/\/kortho.com\/nl\/?s={search_term_string}\"},\"query-input\":{\"@type\":\"PropertyValueSpecification\",\"valueRequired\":true,\"valueName\":\"search_term_string\"}}],\"inLanguage\":\"en-US\"}]}<\/script>\n<!-- \/ Yoast SEO plugin. -->","yoast_head_json":{"title":"Intelligent labeldesign - Kortho Coding &amp; Marking - Nederland","description":"Bekijk het Intelligent Labeldesign van Kortho. Sinds 1958 d\u00e9 wereldwijde partner voor alle coding en marking oplossingen. Nooit meer duur en fout coderen met de Kortho Bespaar- en Codeergarantie. Vraag een gratis inventarisatie aan!","robots":{"index":"index","follow":"follow","max-snippet":"max-snippet:-1","max-image-preview":"max-image-preview:large","max-video-preview":"max-video-preview:-1"},"canonical":"https:\/\/kortho.com\/nl\/oplossingen\/automatisering_coderen\/vereenvoudig-labelmanagement\/","og_locale":"en_US","og_type":"article","og_title":"Intelligent labeldesign - Kortho Coding &amp; Marking - Nederland","og_description":"Bekijk het Intelligent Labeldesign van Kortho. Sinds 1958 d\u00e9 wereldwijde partner voor alle coding en marking oplossingen. Nooit meer duur en fout coderen met de Kortho Bespaar- en Codeergarantie. Vraag een gratis inventarisatie aan!","og_url":"https:\/\/kortho.com\/nl\/oplossingen\/automatisering_coderen\/vereenvoudig-labelmanagement\/","og_site_name":"Kortho Coding &amp; Marking - Nederland","article_publisher":"https:\/\/www.facebook.com\/Kortho.Marking.and.Coding.theMarkofPreference\/","article_modified_time":"2021-04-19T09:44:41+00:00","og_image":[{"width":280,"height":280,"url":"https:\/\/kortho.com\/nl\/wp-content\/uploads\/sites\/1\/2015\/07\/Intelligent-labeldesign-met-Kortho-en-Nicelabel-software1.jpg","type":"image\/jpeg"}],"twitter_card":"summary_large_image","twitter_misc":{"Est. reading time":"2 minutes"},"schema":{"@context":"https:\/\/schema.org","@graph":[{"@type":"WebPage","@id":"https:\/\/kortho.com\/nl\/oplossingen\/automatisering_coderen\/vereenvoudig-labelmanagement\/","url":"https:\/\/kortho.com\/nl\/oplossingen\/automatisering_coderen\/vereenvoudig-labelmanagement\/","name":"Intelligent labeldesign - Kortho Coding &amp; Marking - Nederland","isPartOf":{"@id":"https:\/\/kortho.com\/nl\/#website"},"primaryImageOfPage":{"@id":"https:\/\/kortho.com\/nl\/oplossingen\/automatisering_coderen\/vereenvoudig-labelmanagement\/#primaryimage"},"image":{"@id":"https:\/\/kortho.com\/nl\/oplossingen\/automatisering_coderen\/vereenvoudig-labelmanagement\/#primaryimage"},"thumbnailUrl":"https:\/\/kortho.com\/nl\/wp-content\/uploads\/sites\/1\/2015\/07\/Intelligent-labeldesign-met-Kortho-en-Nicelabel-software1.jpg","datePublished":"2015-01-11T19:41:12+00:00","dateModified":"2021-04-19T09:44:41+00:00","description":"Bekijk het Intelligent Labeldesign van Kortho. Sinds 1958 d\u00e9 wereldwijde partner voor alle coding en marking oplossingen. Nooit meer duur en fout coderen met de Kortho Bespaar- en Codeergarantie. Vraag een gratis inventarisatie aan!","breadcrumb":{"@id":"https:\/\/kortho.com\/nl\/oplossingen\/automatisering_coderen\/vereenvoudig-labelmanagement\/#breadcrumb"},"inLanguage":"en-US","potentialAction":[{"@type":"ReadAction","target":["https:\/\/kortho.com\/nl\/oplossingen\/automatisering_coderen\/vereenvoudig-labelmanagement\/"]}]},{"@type":"ImageObject","inLanguage":"en-US","@id":"https:\/\/kortho.com\/nl\/oplossingen\/automatisering_coderen\/vereenvoudig-labelmanagement\/#primaryimage","url":"https:\/\/kortho.com\/nl\/wp-content\/uploads\/sites\/1\/2015\/07\/Intelligent-labeldesign-met-Kortho-en-Nicelabel-software1.jpg","contentUrl":"https:\/\/kortho.com\/nl\/wp-content\/uploads\/sites\/1\/2015\/07\/Intelligent-labeldesign-met-Kortho-en-Nicelabel-software1.jpg","width":280,"height":280},{"@type":"BreadcrumbList","@id":"https:\/\/kortho.com\/nl\/oplossingen\/automatisering_coderen\/vereenvoudig-labelmanagement\/#breadcrumb","itemListElement":[{"@type":"ListItem","position":1,"name":"Home","item":"https:\/\/kortho.com\/nl\/"},{"@type":"ListItem","position":2,"name":"Oplossingen","item":"https:\/\/kortho.com\/nl\/oplossingen\/"},{"@type":"ListItem","position":3,"name":"Automatisering","item":"https:\/\/kortho.com\/nl\/oplossingen\/automatisering_coderen\/"},{"@type":"ListItem","position":4,"name":"Intelligent labeldesign"}]},{"@type":"WebSite","@id":"https:\/\/kortho.com\/nl\/#website","url":"https:\/\/kortho.com\/nl\/","name":"Kortho Coding &amp; Marking - Nederland","description":"Coding &amp; Marking","potentialAction":[{"@type":"SearchAction","target":{"@type":"EntryPoint","urlTemplate":"https:\/\/kortho.com\/nl\/?s={search_term_string}"},"query-input":{"@type":"PropertyValueSpecification","valueRequired":true,"valueName":"search_term_string"}}],"inLanguage":"en-US"}]}},"_links":{"self":[{"href":"https:\/\/kortho.com\/nl\/wp-json\/wp\/v2\/pages\/409"}],"collection":[{"href":"https:\/\/kortho.com\/nl\/wp-json\/wp\/v2\/pages"}],"about":[{"href":"https:\/\/kortho.com\/nl\/wp-json\/wp\/v2\/types\/page"}],"author":[{"embeddable":true,"href":"https:\/\/kortho.com\/nl\/wp-json\/wp\/v2\/users\/1"}],"replies":[{"embeddable":true,"href":"https:\/\/kortho.com\/nl\/wp-json\/wp\/v2\/comments?post=409"}],"version-history":[{"count":68,"href":"https:\/\/kortho.com\/nl\/wp-json\/wp\/v2\/pages\/409\/revisions"}],"predecessor-version":[{"id":181181,"href":"https:\/\/kortho.com\/nl\/wp-json\/wp\/v2\/pages\/409\/revisions\/181181"}],"up":[{"embeddable":true,"href":"https:\/\/kortho.com\/nl\/wp-json\/wp\/v2\/pages\/394"}],"wp:featuredmedia":[{"embeddable":true,"href":"https:\/\/kortho.com\/nl\/wp-json\/wp\/v2\/media\/1986"}],"wp:attachment":[{"href":"https:\/\/kortho.com\/nl\/wp-json\/wp\/v2\/media?parent=409"}],"curies":[{"name":"wp","href":"https:\/\/api.w.org\/{rel}","templated":true}]}}