{"id":411,"date":"2015-01-11T19:41:48","date_gmt":"2015-01-11T19:41:48","guid":{"rendered":"http:\/\/jaspervandermeij.nl\/kortho\/nl\/?page_id=411"},"modified":"2019-09-02T14:25:52","modified_gmt":"2019-09-02T14:25:52","slug":"automatiseren-codeerproces-werkt-kostenbesparend-en-voorkomt-fouten","status":"publish","type":"page","link":"https:\/\/kortho.com\/nl\/oplossingen\/automatisering_coderen\/automatiseren-codeerproces-werkt-kostenbesparend-en-voorkomt-fouten\/","title":{"rendered":"Operatorscherm op maat"},"content":{"rendered":"<h1><img loading=\"lazy\" decoding=\"async\" class=\"alignleft size-full wp-image-2079\" src=\"http:\/\/kortho.com\/wp-content\/uploads\/2015\/07\/Operatorscherm-op-maat-diverse-schermen.jpg\" alt=\"Operatorscherm-op-maat-diverse-schermen\" width=\"840\" height=\"138\" srcset=\"https:\/\/kortho.com\/nl\/wp-content\/uploads\/sites\/1\/2015\/07\/Operatorscherm-op-maat-diverse-schermen.jpg 840w, https:\/\/kortho.com\/nl\/wp-content\/uploads\/sites\/1\/2015\/07\/Operatorscherm-op-maat-diverse-schermen-300x49.jpg 300w\" sizes=\"(max-width: 840px) 100vw, 840px\" \/><\/h1>\n<h1><\/h1>\n<h1>Maximaliseer het gebruiksgemak van uw\u00a0printers<\/h1>\n<p>Veel <span style=\"text-decoration: underline; color: #0000ff;\"><a style=\"color: #0000ff; text-decoration: underline;\" href=\"http:\/\/kortho.com\/nl\/meldingen-onveilige-producten-en-recalls\/\" target=\"_blank\" rel=\"noopener noreferrer\">codeerfouten<\/a><\/span> en tijdsverlies vinden hun oorsprong in een gebruiksonvriendelijke of omslachtige manier van werken. Denk hierbij aan het gebruik van veel verschillende soorten software\/gebruikersmenu&#8217;s met vaak ook nog eens eigen exotische bestandsformaten die niet compatibel zijn met elkaar. Hierdoor zijn veel tijdrovende, foutgevoelige handmatige &#8220;workarounds&#8221; nodig. De oplossing ligt dan ook in het hebben van \u00e9\u00e9n centraal scherm voor alle printers met \u00e9\u00e9n menu waarop <strong><span style=\"text-decoration: underline;\">alleen\u00a0relevante functies<\/span><\/strong> uitgevoerd kunnen worden.<\/p>\n<h2>Volledig vrije inrichting van het\u00a0operatorscherm<\/h2>\n<p>Alle Kortho Inkjets, Thermo en Labelprinters kunnen aangestuurd worden vanuit \u00e9\u00e9n operatorscherm wat volledig vrij in te richten is. Dit geldt niet alleen voor de lay-out, maar ook qua functionaliteit en menustructuur. De benodigde functies worden hierbij achter het menu voorgeprogrammeerd. Uiteraard kunnen afhankelijk van uw specifieke codeerwens ook andere functies worden toegevoegd zoals gebruikersrechten, alarmmeldingen of automatische controles.<\/p>\n<p><img loading=\"lazy\" decoding=\"async\" class=\"alignleft wp-image-5639 size-full\" src=\"https:\/\/kortho.com\/nl\/wp-content\/uploads\/sites\/1\/2018\/09\/Operatorscherm-op-maat-kortho-280.png\" alt=\"\" width=\"840\" height=\"280\" srcset=\"https:\/\/kortho.com\/nl\/wp-content\/uploads\/sites\/1\/2018\/09\/Operatorscherm-op-maat-kortho-280.png 840w, https:\/\/kortho.com\/nl\/wp-content\/uploads\/sites\/1\/2018\/09\/Operatorscherm-op-maat-kortho-280-300x100.png 300w, https:\/\/kortho.com\/nl\/wp-content\/uploads\/sites\/1\/2018\/09\/Operatorscherm-op-maat-kortho-280-768x256.png 768w\" sizes=\"(max-width: 840px) 100vw, 840px\" \/><\/p>\n<h3><\/h3>\n<h3>Downloads<\/h3>\n<ul>\n<li>Drivers: <span style=\"text-decoration: underline;\"><span style=\"color: #0000ff;\"><a style=\"color: #0000ff; text-decoration: underline;\" href=\"http:\/\/www.nicelabel.com\/downloads\/nicedrivers\/kortho\/?uid=00094\" target=\"_blank\" rel=\"noopener noreferrer\">Kortho<\/a><\/span><\/span>\u00a0&amp; <span style=\"text-decoration: underline;\"><span style=\"color: #0000ff;\"><a style=\"color: #0000ff; text-decoration: underline;\" href=\"http:\/\/www.nicelabel.com\/downloads\/nicedrivers\/leibinger\/?uid=00094\" target=\"_blank\" rel=\"noopener noreferrer\">Leibinger<\/a><\/span><\/span>\u00a0&amp; <span style=\"text-decoration: underline; color: #0000ff;\"><a style=\"color: #0000ff; text-decoration: underline;\" href=\"http:\/\/www.nicelabel.com\/downloads\/nicedrivers\/cab\/?uid=00094\" target=\"_blank\" rel=\"noopener noreferrer\">Cab<\/a><\/span>\u00a0&amp; <span style=\"text-decoration: underline;\"><span style=\"color: #0000ff;\"><a style=\"color: #0000ff; text-decoration: underline;\" href=\"http:\/\/www.nicelabel.com\/downloads\/nicedrivers\/avery\/?uid=00094\" target=\"_blank\" rel=\"noopener noreferrer\">Avery<\/a><\/span><\/span><\/li>\n<li>Software: <a title=\"Nicelabel Powerforms Desktop\" href=\"https:\/\/www.nicelabel.com\/downloads\/nicelabel-2017?uid=00094\" target=\"_blank\" rel=\"noopener noreferrer\"><span style=\"text-decoration: underline; color: #0000ff;\"><span style=\"text-decoration: underline;\">Nicelabel Label Management Software<\/span><\/span><\/a><\/li>\n<li>Leaflet:\u00a0<span style=\"text-decoration: underline; color: #0000ff;\"><a style=\"color: #0000ff; text-decoration: underline;\" title=\"Sluit Codeerfouten uit Automatiseer in 3 stappen\" href=\"http:\/\/kortho.com\/nl\/wp-content\/uploads\/sites\/1\/2016\/02\/Kortho-Sluit-Codeerfouten-uit-Automatiseer-in-3-stappen-Hoe-werkt-het-11-02-16.pdf\" target=\"_blank\" rel=\"noopener noreferrer\">Kortho Software leaflet<\/a><\/span><\/li>\n<\/ul>\n","protected":false},"excerpt":{"rendered":"<p>Maximaliseer het gebruiksgemak van uw\u00a0printers Veel codeerfouten en tijdsverlies vinden hun oorsprong in een gebruiksonvriendelijke of omslachtige manier van werken.&hellip;<\/p>\n","protected":false},"author":1,"featured_media":5637,"parent":394,"menu_order":8,"comment_status":"closed","ping_status":"closed","template":"page_taxonomy_child.php","meta":{"_monsterinsights_skip_tracking":false,"_monsterinsights_sitenote_active":false,"_monsterinsights_sitenote_note":"","_monsterinsights_sitenote_category":0,"footnotes":""},"class_list":["post-411","page","type-page","status-publish","format-standard","has-post-thumbnail","hentry"],"yoast_head":"<!-- This site is optimized with the Yoast SEO plugin v23.6 - https:\/\/yoast.com\/wordpress\/plugins\/seo\/ -->\n<title>Maximaliseer het gebruiksgemak van uw printers en voorkom codeerfouten<\/title>\n<meta name=\"description\" content=\"Veel codeerfouten vinden hun oorsprong in een gebruiksonvriendelijke manier van werken. De oplossing is: \u00e9\u00e9n centraal scherm met alleen relevante functies.\" \/>\n<meta name=\"robots\" content=\"index, follow, max-snippet:-1, max-image-preview:large, max-video-preview:-1\" \/>\n<link rel=\"canonical\" href=\"https:\/\/kortho.com\/nl\/oplossingen\/automatisering_coderen\/automatiseren-codeerproces-werkt-kostenbesparend-en-voorkomt-fouten\/\" \/>\n<meta property=\"og:locale\" content=\"en_US\" \/>\n<meta property=\"og:type\" content=\"article\" \/>\n<meta property=\"og:title\" content=\"Maximaliseer het gebruiksgemak van uw printers en voorkom codeerfouten\" \/>\n<meta property=\"og:description\" content=\"Veel codeerfouten vinden hun oorsprong in een gebruiksonvriendelijke manier van werken. De oplossing is: \u00e9\u00e9n centraal scherm met alleen relevante functies.\" \/>\n<meta property=\"og:url\" content=\"https:\/\/kortho.com\/nl\/oplossingen\/automatisering_coderen\/automatiseren-codeerproces-werkt-kostenbesparend-en-voorkomt-fouten\/\" \/>\n<meta property=\"og:site_name\" content=\"Kortho Coding &amp; Marking - Nederland\" \/>\n<meta property=\"article:publisher\" content=\"https:\/\/www.facebook.com\/Kortho.Marking.and.Coding.theMarkofPreference\/\" \/>\n<meta property=\"article:modified_time\" content=\"2019-09-02T14:25:52+00:00\" \/>\n<meta property=\"og:image\" content=\"https:\/\/kortho.com\/nl\/wp-content\/uploads\/sites\/1\/2018\/09\/Operatorscherm-op-maat-18.png\" \/>\n\t<meta property=\"og:image:width\" content=\"250\" \/>\n\t<meta property=\"og:image:height\" content=\"250\" \/>\n\t<meta property=\"og:image:type\" content=\"image\/png\" \/>\n<meta name=\"twitter:card\" content=\"summary_large_image\" \/>\n<meta name=\"twitter:label1\" content=\"Est. reading time\" \/>\n\t<meta name=\"twitter:data1\" content=\"1 minute\" \/>\n<script type=\"application\/ld+json\" class=\"yoast-schema-graph\">{\"@context\":\"https:\/\/schema.org\",\"@graph\":[{\"@type\":\"WebPage\",\"@id\":\"https:\/\/kortho.com\/nl\/oplossingen\/automatisering_coderen\/automatiseren-codeerproces-werkt-kostenbesparend-en-voorkomt-fouten\/\",\"url\":\"https:\/\/kortho.com\/nl\/oplossingen\/automatisering_coderen\/automatiseren-codeerproces-werkt-kostenbesparend-en-voorkomt-fouten\/\",\"name\":\"Maximaliseer het gebruiksgemak van uw printers en voorkom codeerfouten\",\"isPartOf\":{\"@id\":\"https:\/\/kortho.com\/nl\/#website\"},\"primaryImageOfPage\":{\"@id\":\"https:\/\/kortho.com\/nl\/oplossingen\/automatisering_coderen\/automatiseren-codeerproces-werkt-kostenbesparend-en-voorkomt-fouten\/#primaryimage\"},\"image\":{\"@id\":\"https:\/\/kortho.com\/nl\/oplossingen\/automatisering_coderen\/automatiseren-codeerproces-werkt-kostenbesparend-en-voorkomt-fouten\/#primaryimage\"},\"thumbnailUrl\":\"https:\/\/kortho.com\/nl\/wp-content\/uploads\/sites\/1\/2018\/09\/Operatorscherm-op-maat-18.png\",\"datePublished\":\"2015-01-11T19:41:48+00:00\",\"dateModified\":\"2019-09-02T14:25:52+00:00\",\"description\":\"Veel codeerfouten vinden hun oorsprong in een gebruiksonvriendelijke manier van werken. De oplossing is: \u00e9\u00e9n centraal scherm met alleen relevante functies.\",\"breadcrumb\":{\"@id\":\"https:\/\/kortho.com\/nl\/oplossingen\/automatisering_coderen\/automatiseren-codeerproces-werkt-kostenbesparend-en-voorkomt-fouten\/#breadcrumb\"},\"inLanguage\":\"en-US\",\"potentialAction\":[{\"@type\":\"ReadAction\",\"target\":[\"https:\/\/kortho.com\/nl\/oplossingen\/automatisering_coderen\/automatiseren-codeerproces-werkt-kostenbesparend-en-voorkomt-fouten\/\"]}]},{\"@type\":\"ImageObject\",\"inLanguage\":\"en-US\",\"@id\":\"https:\/\/kortho.com\/nl\/oplossingen\/automatisering_coderen\/automatiseren-codeerproces-werkt-kostenbesparend-en-voorkomt-fouten\/#primaryimage\",\"url\":\"https:\/\/kortho.com\/nl\/wp-content\/uploads\/sites\/1\/2018\/09\/Operatorscherm-op-maat-18.png\",\"contentUrl\":\"https:\/\/kortho.com\/nl\/wp-content\/uploads\/sites\/1\/2018\/09\/Operatorscherm-op-maat-18.png\",\"width\":250,\"height\":250},{\"@type\":\"BreadcrumbList\",\"@id\":\"https:\/\/kortho.com\/nl\/oplossingen\/automatisering_coderen\/automatiseren-codeerproces-werkt-kostenbesparend-en-voorkomt-fouten\/#breadcrumb\",\"itemListElement\":[{\"@type\":\"ListItem\",\"position\":1,\"name\":\"Home\",\"item\":\"https:\/\/kortho.com\/nl\/\"},{\"@type\":\"ListItem\",\"position\":2,\"name\":\"Oplossingen\",\"item\":\"https:\/\/kortho.com\/nl\/oplossingen\/\"},{\"@type\":\"ListItem\",\"position\":3,\"name\":\"Automatisering\",\"item\":\"https:\/\/kortho.com\/nl\/oplossingen\/automatisering_coderen\/\"},{\"@type\":\"ListItem\",\"position\":4,\"name\":\"Operatorscherm op maat\"}]},{\"@type\":\"WebSite\",\"@id\":\"https:\/\/kortho.com\/nl\/#website\",\"url\":\"https:\/\/kortho.com\/nl\/\",\"name\":\"Kortho Coding &amp; Marking - Nederland\",\"description\":\"Coding &amp; Marking\",\"potentialAction\":[{\"@type\":\"SearchAction\",\"target\":{\"@type\":\"EntryPoint\",\"urlTemplate\":\"https:\/\/kortho.com\/nl\/?s={search_term_string}\"},\"query-input\":{\"@type\":\"PropertyValueSpecification\",\"valueRequired\":true,\"valueName\":\"search_term_string\"}}],\"inLanguage\":\"en-US\"}]}<\/script>\n<!-- \/ Yoast SEO plugin. -->","yoast_head_json":{"title":"Maximaliseer het gebruiksgemak van uw printers en voorkom codeerfouten","description":"Veel codeerfouten vinden hun oorsprong in een gebruiksonvriendelijke manier van werken. De oplossing is: \u00e9\u00e9n centraal scherm met alleen relevante functies.","robots":{"index":"index","follow":"follow","max-snippet":"max-snippet:-1","max-image-preview":"max-image-preview:large","max-video-preview":"max-video-preview:-1"},"canonical":"https:\/\/kortho.com\/nl\/oplossingen\/automatisering_coderen\/automatiseren-codeerproces-werkt-kostenbesparend-en-voorkomt-fouten\/","og_locale":"en_US","og_type":"article","og_title":"Maximaliseer het gebruiksgemak van uw printers en voorkom codeerfouten","og_description":"Veel codeerfouten vinden hun oorsprong in een gebruiksonvriendelijke manier van werken. De oplossing is: \u00e9\u00e9n centraal scherm met alleen relevante functies.","og_url":"https:\/\/kortho.com\/nl\/oplossingen\/automatisering_coderen\/automatiseren-codeerproces-werkt-kostenbesparend-en-voorkomt-fouten\/","og_site_name":"Kortho Coding &amp; Marking - Nederland","article_publisher":"https:\/\/www.facebook.com\/Kortho.Marking.and.Coding.theMarkofPreference\/","article_modified_time":"2019-09-02T14:25:52+00:00","og_image":[{"width":250,"height":250,"url":"https:\/\/kortho.com\/nl\/wp-content\/uploads\/sites\/1\/2018\/09\/Operatorscherm-op-maat-18.png","type":"image\/png"}],"twitter_card":"summary_large_image","twitter_misc":{"Est. reading time":"1 minute"},"schema":{"@context":"https:\/\/schema.org","@graph":[{"@type":"WebPage","@id":"https:\/\/kortho.com\/nl\/oplossingen\/automatisering_coderen\/automatiseren-codeerproces-werkt-kostenbesparend-en-voorkomt-fouten\/","url":"https:\/\/kortho.com\/nl\/oplossingen\/automatisering_coderen\/automatiseren-codeerproces-werkt-kostenbesparend-en-voorkomt-fouten\/","name":"Maximaliseer het gebruiksgemak van uw printers en voorkom codeerfouten","isPartOf":{"@id":"https:\/\/kortho.com\/nl\/#website"},"primaryImageOfPage":{"@id":"https:\/\/kortho.com\/nl\/oplossingen\/automatisering_coderen\/automatiseren-codeerproces-werkt-kostenbesparend-en-voorkomt-fouten\/#primaryimage"},"image":{"@id":"https:\/\/kortho.com\/nl\/oplossingen\/automatisering_coderen\/automatiseren-codeerproces-werkt-kostenbesparend-en-voorkomt-fouten\/#primaryimage"},"thumbnailUrl":"https:\/\/kortho.com\/nl\/wp-content\/uploads\/sites\/1\/2018\/09\/Operatorscherm-op-maat-18.png","datePublished":"2015-01-11T19:41:48+00:00","dateModified":"2019-09-02T14:25:52+00:00","description":"Veel codeerfouten vinden hun oorsprong in een gebruiksonvriendelijke manier van werken. De oplossing is: \u00e9\u00e9n centraal scherm met alleen relevante functies.","breadcrumb":{"@id":"https:\/\/kortho.com\/nl\/oplossingen\/automatisering_coderen\/automatiseren-codeerproces-werkt-kostenbesparend-en-voorkomt-fouten\/#breadcrumb"},"inLanguage":"en-US","potentialAction":[{"@type":"ReadAction","target":["https:\/\/kortho.com\/nl\/oplossingen\/automatisering_coderen\/automatiseren-codeerproces-werkt-kostenbesparend-en-voorkomt-fouten\/"]}]},{"@type":"ImageObject","inLanguage":"en-US","@id":"https:\/\/kortho.com\/nl\/oplossingen\/automatisering_coderen\/automatiseren-codeerproces-werkt-kostenbesparend-en-voorkomt-fouten\/#primaryimage","url":"https:\/\/kortho.com\/nl\/wp-content\/uploads\/sites\/1\/2018\/09\/Operatorscherm-op-maat-18.png","contentUrl":"https:\/\/kortho.com\/nl\/wp-content\/uploads\/sites\/1\/2018\/09\/Operatorscherm-op-maat-18.png","width":250,"height":250},{"@type":"BreadcrumbList","@id":"https:\/\/kortho.com\/nl\/oplossingen\/automatisering_coderen\/automatiseren-codeerproces-werkt-kostenbesparend-en-voorkomt-fouten\/#breadcrumb","itemListElement":[{"@type":"ListItem","position":1,"name":"Home","item":"https:\/\/kortho.com\/nl\/"},{"@type":"ListItem","position":2,"name":"Oplossingen","item":"https:\/\/kortho.com\/nl\/oplossingen\/"},{"@type":"ListItem","position":3,"name":"Automatisering","item":"https:\/\/kortho.com\/nl\/oplossingen\/automatisering_coderen\/"},{"@type":"ListItem","position":4,"name":"Operatorscherm op maat"}]},{"@type":"WebSite","@id":"https:\/\/kortho.com\/nl\/#website","url":"https:\/\/kortho.com\/nl\/","name":"Kortho Coding &amp; Marking - Nederland","description":"Coding &amp; Marking","potentialAction":[{"@type":"SearchAction","target":{"@type":"EntryPoint","urlTemplate":"https:\/\/kortho.com\/nl\/?s={search_term_string}"},"query-input":{"@type":"PropertyValueSpecification","valueRequired":true,"valueName":"search_term_string"}}],"inLanguage":"en-US"}]}},"_links":{"self":[{"href":"https:\/\/kortho.com\/nl\/wp-json\/wp\/v2\/pages\/411"}],"collection":[{"href":"https:\/\/kortho.com\/nl\/wp-json\/wp\/v2\/pages"}],"about":[{"href":"https:\/\/kortho.com\/nl\/wp-json\/wp\/v2\/types\/page"}],"author":[{"embeddable":true,"href":"https:\/\/kortho.com\/nl\/wp-json\/wp\/v2\/users\/1"}],"replies":[{"embeddable":true,"href":"https:\/\/kortho.com\/nl\/wp-json\/wp\/v2\/comments?post=411"}],"version-history":[{"count":60,"href":"https:\/\/kortho.com\/nl\/wp-json\/wp\/v2\/pages\/411\/revisions"}],"predecessor-version":[{"id":6980,"href":"https:\/\/kortho.com\/nl\/wp-json\/wp\/v2\/pages\/411\/revisions\/6980"}],"up":[{"embeddable":true,"href":"https:\/\/kortho.com\/nl\/wp-json\/wp\/v2\/pages\/394"}],"wp:featuredmedia":[{"embeddable":true,"href":"https:\/\/kortho.com\/nl\/wp-json\/wp\/v2\/media\/5637"}],"wp:attachment":[{"href":"https:\/\/kortho.com\/nl\/wp-json\/wp\/v2\/media?parent=411"}],"curies":[{"name":"wp","href":"https:\/\/api.w.org\/{rel}","templated":true}]}}