{"id":437,"date":"2015-01-11T20:02:05","date_gmt":"2015-01-11T20:02:05","guid":{"rendered":"http:\/\/jaspervandermeij.nl\/kortho\/nl\/?page_id=437"},"modified":"2019-09-19T14:26:04","modified_gmt":"2019-09-19T14:26:04","slug":"loonpakken","status":"publish","type":"page","link":"https:\/\/kortho.com\/nl\/oplossingen\/branche\/loonpakken\/","title":{"rendered":"Verpakkingen"},"content":{"rendered":"<p><img loading=\"lazy\" decoding=\"async\" class=\"alignleft size-full wp-image-3468\" src=\"http:\/\/kortho.com\/wp-content\/uploads\/2015\/09\/Kortho-codeersystemen-voor-loonverpakkers.jpg\" alt=\"Kortho-codeersystemen-voor-loonverpakkers\" width=\"375\" height=\"138\" srcset=\"https:\/\/kortho.com\/nl\/wp-content\/uploads\/sites\/1\/2015\/09\/Kortho-codeersystemen-voor-loonverpakkers.jpg 375w, https:\/\/kortho.com\/nl\/wp-content\/uploads\/sites\/1\/2015\/09\/Kortho-codeersystemen-voor-loonverpakkers-300x110.jpg 300w\" sizes=\"(max-width: 375px) 100vw, 375px\" \/> <img loading=\"lazy\" decoding=\"async\" class=\"alignleft size-full wp-image-3472\" src=\"http:\/\/kortho.com\/wp-content\/uploads\/2015\/09\/Loonverpakken-en-coderen-met-flexibele-Kortho-printers-al-wat-uw-klant-wil-uit-eigen-ERP-database.jpg\" alt=\"Loonverpakken-en-coderen-met-flexibele-Kortho-printers-al-wat-uw-klant-wil-uit-eigen-ERP-database\" width=\"375\" height=\"138\" srcset=\"https:\/\/kortho.com\/nl\/wp-content\/uploads\/sites\/1\/2015\/09\/Loonverpakken-en-coderen-met-flexibele-Kortho-printers-al-wat-uw-klant-wil-uit-eigen-ERP-database.jpg 375w, https:\/\/kortho.com\/nl\/wp-content\/uploads\/sites\/1\/2015\/09\/Loonverpakken-en-coderen-met-flexibele-Kortho-printers-al-wat-uw-klant-wil-uit-eigen-ERP-database-300x110.jpg 300w\" sizes=\"(max-width: 375px) 100vw, 375px\" \/> <img loading=\"lazy\" decoding=\"async\" class=\"alignleft size-full wp-image-3469\" src=\"http:\/\/kortho.com\/wp-content\/uploads\/2015\/09\/Loonverpakken-en-coderen-van-producten-met-Kortho-codeersystemen.jpg\" alt=\"Loonverpakken-en-coderen-van-producten-met-Kortho-codeersystemen\" width=\"375\" height=\"138\" srcset=\"https:\/\/kortho.com\/nl\/wp-content\/uploads\/sites\/1\/2015\/09\/Loonverpakken-en-coderen-van-producten-met-Kortho-codeersystemen.jpg 375w, https:\/\/kortho.com\/nl\/wp-content\/uploads\/sites\/1\/2015\/09\/Loonverpakken-en-coderen-van-producten-met-Kortho-codeersystemen-300x110.jpg 300w\" sizes=\"(max-width: 375px) 100vw, 375px\" \/><\/p>\n<p>&nbsp;<\/p>\n<p>&nbsp;<\/p>\n<p>&nbsp;<\/p>\n<p>&nbsp;<\/p>\n<p>&nbsp;<\/p>\n<p>&nbsp;<\/p>\n<h2><\/h2>\n<h2>Coderen in de verpakkingsbranche<\/h2>\n<p>Naast dat fabrikanten\u00a0zelf producten verpakken wordt het verpakken (eventueel onder private label) ook regelmatig uitbesteed. In beide situaties kan een\u00a0verpakkingslijn gebruikt worden voor een breed scala aan producten met elk weer hun eigen labelspecificaties. Deze specificaties kunnen dan ook nog eens per afnemer verschillen. Uiteraard is dit voor de (locale) wetgeving net zo. Een verpakkingslijn moet daarom snel en foutloos kunnen worden omgezet naar de volgende batch producten. Hierbij volledig rekening houdend met de afnemer en zijn\/haar specifieke wensen.<\/p>\n<h2>Branchegerichte oplossingen voor het coderen van verpakkingen<\/h2>\n<p>De sleutel tot snelle lijnconfiguratie zit in het <span style=\"text-decoration: underline;\"><span style=\"color: #0000ff;\"><a style=\"color: #0000ff; text-decoration: underline;\" title=\"Printers centraal aansturen\" href=\"http:\/\/kortho.com\/nl\/oplossingen\/automatisering_coderen\/centrale-printeraansturing\/\" target=\"_blank\" rel=\"noopener noreferrer\">centraal aansturen<\/a><\/span><\/span> van alle printers. Hierbij worden alle printjob parameters voorgedefinieerd per product en\/of afnemer. <span style=\"text-decoration: underline;\"><span style=\"color: #0000ff;\"><a style=\"color: #0000ff; text-decoration: underline;\" title=\"Complete lijnconfiguratie\" href=\"http:\/\/kortho.com\/nl\/oplossingen\/verpakkingen-en-productiefase\/totaaloplossing\/\" target=\"_blank\" rel=\"noopener noreferrer\">Alle printers<\/a><\/span><\/span> aan de lijn kunnen daarna vanaf \u00e9\u00e9n centrale plek en in \u00e9\u00e9n handeling geconfigureerd worden voor de volgende printjob. Door het\u00a0gebruik van een <span style=\"text-decoration: underline;\"><span style=\"color: #0000ff;\"><a style=\"color: #0000ff; text-decoration: underline;\" title=\"Dynamische labeltemplate\" href=\"http:\/\/kortho.com\/nl\/oplossingen\/automatisering_coderen\/vereenvoudig-labelmanagement\/\" target=\"_blank\" rel=\"noopener noreferrer\">dynamische labeltemplate<\/a><\/span><\/span>\u00a0wordt daarnaast voorkomen dat er een apart labelbestand voor elk product nodig is. Leveranciers\u00a0of afnemers leveren de productinformatie dan als database aan waarmee de template tijdens het printen real-time wordt gevuld.<\/p>\n","protected":false},"excerpt":{"rendered":"<p>&nbsp; &nbsp; &nbsp; &nbsp; &nbsp; &nbsp; Coderen in de verpakkingsbranche Naast dat fabrikanten\u00a0zelf producten verpakken wordt het verpakken (eventueel onder&hellip;<\/p>\n","protected":false},"author":1,"featured_media":2753,"parent":167,"menu_order":2,"comment_status":"closed","ping_status":"closed","template":"page_taxonomy_child.php","meta":{"_monsterinsights_skip_tracking":false,"_monsterinsights_sitenote_active":false,"_monsterinsights_sitenote_note":"","_monsterinsights_sitenote_category":0,"footnotes":""},"class_list":["post-437","page","type-page","status-publish","format-standard","has-post-thumbnail","hentry"],"yoast_head":"<!-- This site is optimized with the Yoast SEO plugin v23.6 - https:\/\/yoast.com\/wordpress\/plugins\/seo\/ -->\n<title>Variabele gegevens printen op verpakkingen? Effici\u00ebnt loonverpakken?<\/title>\n<meta name=\"description\" content=\"Loonverpakken van meerdere producten? Branchegerichte oplossingen voor het probleemloos coderen van diverse verpakkingen. Sleutelwoord: Centrale aansturing!\" \/>\n<meta name=\"robots\" content=\"index, follow, max-snippet:-1, max-image-preview:large, max-video-preview:-1\" \/>\n<link rel=\"canonical\" href=\"https:\/\/kortho.com\/nl\/oplossingen\/branche\/loonpakken\/\" \/>\n<meta property=\"og:locale\" content=\"en_US\" \/>\n<meta property=\"og:type\" content=\"article\" \/>\n<meta property=\"og:title\" content=\"Variabele gegevens printen op verpakkingen? Effici\u00ebnt loonverpakken?\" \/>\n<meta property=\"og:description\" content=\"Loonverpakken van meerdere producten? Branchegerichte oplossingen voor het probleemloos coderen van diverse verpakkingen. Sleutelwoord: Centrale aansturing!\" \/>\n<meta property=\"og:url\" content=\"https:\/\/kortho.com\/nl\/oplossingen\/branche\/loonpakken\/\" \/>\n<meta property=\"og:site_name\" content=\"Kortho Coding &amp; Marking - Nederland\" \/>\n<meta property=\"article:publisher\" content=\"https:\/\/www.facebook.com\/Kortho.Marking.and.Coding.theMarkofPreference\/\" \/>\n<meta property=\"article:modified_time\" content=\"2019-09-19T14:26:04+00:00\" \/>\n<meta property=\"og:image\" content=\"https:\/\/kortho.com\/nl\/wp-content\/uploads\/sites\/1\/2015\/08\/Branche-loonverpakken.jpg\" \/>\n\t<meta property=\"og:image:width\" content=\"280\" \/>\n\t<meta property=\"og:image:height\" content=\"280\" \/>\n\t<meta property=\"og:image:type\" content=\"image\/jpeg\" \/>\n<meta name=\"twitter:card\" content=\"summary_large_image\" \/>\n<meta name=\"twitter:label1\" content=\"Est. reading time\" \/>\n\t<meta name=\"twitter:data1\" content=\"1 minute\" \/>\n<script type=\"application\/ld+json\" class=\"yoast-schema-graph\">{\"@context\":\"https:\/\/schema.org\",\"@graph\":[{\"@type\":\"WebPage\",\"@id\":\"https:\/\/kortho.com\/nl\/oplossingen\/branche\/loonpakken\/\",\"url\":\"https:\/\/kortho.com\/nl\/oplossingen\/branche\/loonpakken\/\",\"name\":\"Variabele gegevens printen op verpakkingen? Effici\u00ebnt loonverpakken?\",\"isPartOf\":{\"@id\":\"https:\/\/kortho.com\/nl\/#website\"},\"primaryImageOfPage\":{\"@id\":\"https:\/\/kortho.com\/nl\/oplossingen\/branche\/loonpakken\/#primaryimage\"},\"image\":{\"@id\":\"https:\/\/kortho.com\/nl\/oplossingen\/branche\/loonpakken\/#primaryimage\"},\"thumbnailUrl\":\"https:\/\/kortho.com\/nl\/wp-content\/uploads\/sites\/1\/2015\/08\/Branche-loonverpakken.jpg\",\"datePublished\":\"2015-01-11T20:02:05+00:00\",\"dateModified\":\"2019-09-19T14:26:04+00:00\",\"description\":\"Loonverpakken van meerdere producten? Branchegerichte oplossingen voor het probleemloos coderen van diverse verpakkingen. Sleutelwoord: Centrale aansturing!\",\"breadcrumb\":{\"@id\":\"https:\/\/kortho.com\/nl\/oplossingen\/branche\/loonpakken\/#breadcrumb\"},\"inLanguage\":\"en-US\",\"potentialAction\":[{\"@type\":\"ReadAction\",\"target\":[\"https:\/\/kortho.com\/nl\/oplossingen\/branche\/loonpakken\/\"]}]},{\"@type\":\"ImageObject\",\"inLanguage\":\"en-US\",\"@id\":\"https:\/\/kortho.com\/nl\/oplossingen\/branche\/loonpakken\/#primaryimage\",\"url\":\"https:\/\/kortho.com\/nl\/wp-content\/uploads\/sites\/1\/2015\/08\/Branche-loonverpakken.jpg\",\"contentUrl\":\"https:\/\/kortho.com\/nl\/wp-content\/uploads\/sites\/1\/2015\/08\/Branche-loonverpakken.jpg\",\"width\":280,\"height\":280},{\"@type\":\"BreadcrumbList\",\"@id\":\"https:\/\/kortho.com\/nl\/oplossingen\/branche\/loonpakken\/#breadcrumb\",\"itemListElement\":[{\"@type\":\"ListItem\",\"position\":1,\"name\":\"Home\",\"item\":\"https:\/\/kortho.com\/nl\/\"},{\"@type\":\"ListItem\",\"position\":2,\"name\":\"Oplossingen\",\"item\":\"https:\/\/kortho.com\/nl\/oplossingen\/\"},{\"@type\":\"ListItem\",\"position\":3,\"name\":\"Branche\",\"item\":\"https:\/\/kortho.com\/nl\/oplossingen\/branche\/\"},{\"@type\":\"ListItem\",\"position\":4,\"name\":\"Verpakkingen\"}]},{\"@type\":\"WebSite\",\"@id\":\"https:\/\/kortho.com\/nl\/#website\",\"url\":\"https:\/\/kortho.com\/nl\/\",\"name\":\"Kortho Coding &amp; Marking - Nederland\",\"description\":\"Coding &amp; Marking\",\"potentialAction\":[{\"@type\":\"SearchAction\",\"target\":{\"@type\":\"EntryPoint\",\"urlTemplate\":\"https:\/\/kortho.com\/nl\/?s={search_term_string}\"},\"query-input\":{\"@type\":\"PropertyValueSpecification\",\"valueRequired\":true,\"valueName\":\"search_term_string\"}}],\"inLanguage\":\"en-US\"}]}<\/script>\n<!-- \/ Yoast SEO plugin. -->","yoast_head_json":{"title":"Variabele gegevens printen op verpakkingen? Effici\u00ebnt loonverpakken?","description":"Loonverpakken van meerdere producten? Branchegerichte oplossingen voor het probleemloos coderen van diverse verpakkingen. Sleutelwoord: Centrale aansturing!","robots":{"index":"index","follow":"follow","max-snippet":"max-snippet:-1","max-image-preview":"max-image-preview:large","max-video-preview":"max-video-preview:-1"},"canonical":"https:\/\/kortho.com\/nl\/oplossingen\/branche\/loonpakken\/","og_locale":"en_US","og_type":"article","og_title":"Variabele gegevens printen op verpakkingen? Effici\u00ebnt loonverpakken?","og_description":"Loonverpakken van meerdere producten? Branchegerichte oplossingen voor het probleemloos coderen van diverse verpakkingen. Sleutelwoord: Centrale aansturing!","og_url":"https:\/\/kortho.com\/nl\/oplossingen\/branche\/loonpakken\/","og_site_name":"Kortho Coding &amp; Marking - Nederland","article_publisher":"https:\/\/www.facebook.com\/Kortho.Marking.and.Coding.theMarkofPreference\/","article_modified_time":"2019-09-19T14:26:04+00:00","og_image":[{"width":280,"height":280,"url":"https:\/\/kortho.com\/nl\/wp-content\/uploads\/sites\/1\/2015\/08\/Branche-loonverpakken.jpg","type":"image\/jpeg"}],"twitter_card":"summary_large_image","twitter_misc":{"Est. reading time":"1 minute"},"schema":{"@context":"https:\/\/schema.org","@graph":[{"@type":"WebPage","@id":"https:\/\/kortho.com\/nl\/oplossingen\/branche\/loonpakken\/","url":"https:\/\/kortho.com\/nl\/oplossingen\/branche\/loonpakken\/","name":"Variabele gegevens printen op verpakkingen? Effici\u00ebnt loonverpakken?","isPartOf":{"@id":"https:\/\/kortho.com\/nl\/#website"},"primaryImageOfPage":{"@id":"https:\/\/kortho.com\/nl\/oplossingen\/branche\/loonpakken\/#primaryimage"},"image":{"@id":"https:\/\/kortho.com\/nl\/oplossingen\/branche\/loonpakken\/#primaryimage"},"thumbnailUrl":"https:\/\/kortho.com\/nl\/wp-content\/uploads\/sites\/1\/2015\/08\/Branche-loonverpakken.jpg","datePublished":"2015-01-11T20:02:05+00:00","dateModified":"2019-09-19T14:26:04+00:00","description":"Loonverpakken van meerdere producten? Branchegerichte oplossingen voor het probleemloos coderen van diverse verpakkingen. Sleutelwoord: Centrale aansturing!","breadcrumb":{"@id":"https:\/\/kortho.com\/nl\/oplossingen\/branche\/loonpakken\/#breadcrumb"},"inLanguage":"en-US","potentialAction":[{"@type":"ReadAction","target":["https:\/\/kortho.com\/nl\/oplossingen\/branche\/loonpakken\/"]}]},{"@type":"ImageObject","inLanguage":"en-US","@id":"https:\/\/kortho.com\/nl\/oplossingen\/branche\/loonpakken\/#primaryimage","url":"https:\/\/kortho.com\/nl\/wp-content\/uploads\/sites\/1\/2015\/08\/Branche-loonverpakken.jpg","contentUrl":"https:\/\/kortho.com\/nl\/wp-content\/uploads\/sites\/1\/2015\/08\/Branche-loonverpakken.jpg","width":280,"height":280},{"@type":"BreadcrumbList","@id":"https:\/\/kortho.com\/nl\/oplossingen\/branche\/loonpakken\/#breadcrumb","itemListElement":[{"@type":"ListItem","position":1,"name":"Home","item":"https:\/\/kortho.com\/nl\/"},{"@type":"ListItem","position":2,"name":"Oplossingen","item":"https:\/\/kortho.com\/nl\/oplossingen\/"},{"@type":"ListItem","position":3,"name":"Branche","item":"https:\/\/kortho.com\/nl\/oplossingen\/branche\/"},{"@type":"ListItem","position":4,"name":"Verpakkingen"}]},{"@type":"WebSite","@id":"https:\/\/kortho.com\/nl\/#website","url":"https:\/\/kortho.com\/nl\/","name":"Kortho Coding &amp; Marking - Nederland","description":"Coding &amp; Marking","potentialAction":[{"@type":"SearchAction","target":{"@type":"EntryPoint","urlTemplate":"https:\/\/kortho.com\/nl\/?s={search_term_string}"},"query-input":{"@type":"PropertyValueSpecification","valueRequired":true,"valueName":"search_term_string"}}],"inLanguage":"en-US"}]}},"_links":{"self":[{"href":"https:\/\/kortho.com\/nl\/wp-json\/wp\/v2\/pages\/437"}],"collection":[{"href":"https:\/\/kortho.com\/nl\/wp-json\/wp\/v2\/pages"}],"about":[{"href":"https:\/\/kortho.com\/nl\/wp-json\/wp\/v2\/types\/page"}],"author":[{"embeddable":true,"href":"https:\/\/kortho.com\/nl\/wp-json\/wp\/v2\/users\/1"}],"replies":[{"embeddable":true,"href":"https:\/\/kortho.com\/nl\/wp-json\/wp\/v2\/comments?post=437"}],"version-history":[{"count":81,"href":"https:\/\/kortho.com\/nl\/wp-json\/wp\/v2\/pages\/437\/revisions"}],"predecessor-version":[{"id":12862,"href":"https:\/\/kortho.com\/nl\/wp-json\/wp\/v2\/pages\/437\/revisions\/12862"}],"up":[{"embeddable":true,"href":"https:\/\/kortho.com\/nl\/wp-json\/wp\/v2\/pages\/167"}],"wp:featuredmedia":[{"embeddable":true,"href":"https:\/\/kortho.com\/nl\/wp-json\/wp\/v2\/media\/2753"}],"wp:attachment":[{"href":"https:\/\/kortho.com\/nl\/wp-json\/wp\/v2\/media?parent=437"}],"curies":[{"name":"wp","href":"https:\/\/api.w.org\/{rel}","templated":true}]}}